{"id":5512,"date":"2025-01-10T07:28:16","date_gmt":"2025-01-10T06:28:16","guid":{"rendered":"https:\/\/cws.uksw.edu.pl\/?page_id=5512"},"modified":"2025-01-10T08:35:37","modified_gmt":"2025-01-10T07:35:37","slug":"edycja-viii-2024-2025","status":"publish","type":"page","link":"https:\/\/cws.uksw.edu.pl\/projekty-i-konkursy\/legia-akademicka\/edycja-viii-2024-2025\/","title":{"rendered":"Edycja VIII &#8211; 2024\/2025"},"content":{"rendered":"\n<p><strong>Rozpoczynamy zapisy na modu\u0142 podoficerski w roku akademickim 2024\/2025 w ramach programu Legia Akademicka na UKSW.<\/strong><\/p>\n\n\n\n<p>Edukacja wojskowa studentek i student\u00f3w w ramach programu Legii Akademickiej Uniwersytetu Kardyna\u0142a Stefana Wyszy\u0144skiego w Warszawie obejmuje realizacj\u0119 modu\u0142u podoficerskiego poprzez zaj\u0119cia teoretyczne na uczelni (w miesi\u0105cach marzec -maj) i praktyczne szkolenie wojskowe w Si\u0142ach Zbrojnych RP w okresie wakacyjnym (lipiec \u2013 wrzesie\u0144).<\/p>\n\n\n\n<p>Wymagania statusu studenta\/ studentki lub absolwenta\/ absolwentki (osoba, kt\u00f3ra przyst\u0105pi\u0142a do programu Legia Akademicka jako student i kontynuuje szkolenie w SLA po uko\u0144czeniu studi\u00f3w),<\/p>\n\n\n\n<ul class=\"wp-block-list\">\n<li>obywatelstwo polskie,<\/li>\n\n\n\n<li>niekaralno\u015b\u0107,<\/li>\n\n\n\n<li>status szeregowego rezerwy, w tym realizacji dobrowolnej zasadniczej s\u0142u\u017cby wojskowej.<\/li>\n<\/ul>\n\n\n\n<p>Wype\u0142niony wniosek i przesy\u0142amy skan na maila: <a href=\"mailto:j.kolota@uksw.edu.pl\">j.kolota@uksw.edu.pl<\/a> &nbsp;<\/p>\n\n\n\n<p><strong>W celu przyst\u0105pienia do modu\u0142u podoficerskiego nale\u017cy do dnia 25 stycznia 2025 r. wype\u0142ni\u0107 <a href=\"https:\/\/forms.gle\/y4ASdFc9u8QFLuG7A\" data-type=\"URL\" data-id=\"https:\/\/forms.gle\/erv1rCc4nhgFKcPC6\" target=\"_blank\" rel=\"noreferrer noopener\">formularz rejestracyjny<\/a> oraz przes\u0142a\u0107 skan <a href=\"https:\/\/cws.uksw.edu.pl\/wp-content\/uploads\/sites\/18\/2025\/01\/Wniosek_ochotnika_Legia_akademicka_2024_2025-1.docx\">wniosku<\/a> na adres mailowy: <a href=\"mailto:j.kolota@uksw.edu.pl\">j.kolota@uksw.edu.pl<\/a><\/strong> (orygina\u0142 donie\u015b\u0107 na zaj\u0119ciach) <strong>lub z\u0142o\u017cy\u0107 wniosek w\u00a0Centrum Wsparcia Studenta<\/strong> przy ul. Dewajtis 5 pok\u00f3j 501 ( \u015broda i czwartek godz. 11:00-16:00) lub przy ul. W\u00f3ycickiego 1\/3, bud. 23 pok\u00f3j 004 (poniedzia\u0142ek \u2013 pi\u0105tek godz. 10:00-15:00). <\/p>\n\n\n\n<p><strong>W przypadku modu\u0142u oficerskiego<\/strong> \u2013 <strong>do dnia 31 stycznia 2025<\/strong> r. wniosek nale\u017cy z\u0142o\u017cy\u0107 do szef\u00f3w Wojskowych Centr\u00f3w Rekrutacji (WCR).<\/p>\n\n\n\n<p>Wi\u0119cej informacji mo\u017cna uzyska\u0107 na <strong>spotkaniu informacyjnym w sprawie programu Legii Akademickiej, kt\u00f3re odb\u0119dzie si\u0119 w dniu 23 stycznia 2025 r. (czwartek) przy ul. W\u00f3ycickiego 1\/3 bud. 21 (sala 108) o  godz. 17:00<\/strong> lub mailowo u koordynatora programu.<\/p>\n\n\n\n<p>Koordynatorem programu jest Pan Jacek Ko\u0142ota: <a href=\"mailto:j.kolota@uksw.edu.pl\">j.kolota@uksw.edu.pl<\/a><\/p>\n\n\n\n<figure class=\"wp-block-image size-large\"><img decoding=\"async\" width=\"723\" height=\"1024\" src=\"https:\/\/cws.uksw.edu.pl\/wp-content\/uploads\/sites\/18\/2025\/01\/la-plakat-3-etapy-1-723x1024.png\" alt=\"\" class=\"wp-image-5526\" srcset=\"https:\/\/cws.uksw.edu.pl\/wp-content\/uploads\/sites\/18\/2025\/01\/la-plakat-3-etapy-1-723x1024.png 723w, https:\/\/cws.uksw.edu.pl\/wp-content\/uploads\/sites\/18\/2025\/01\/la-plakat-3-etapy-1-212x300.png 212w, https:\/\/cws.uksw.edu.pl\/wp-content\/uploads\/sites\/18\/2025\/01\/la-plakat-3-etapy-1-768x1087.png 768w, https:\/\/cws.uksw.edu.pl\/wp-content\/uploads\/sites\/18\/2025\/01\/la-plakat-3-etapy-1-1085x1536.png 1085w, https:\/\/cws.uksw.edu.pl\/wp-content\/uploads\/sites\/18\/2025\/01\/la-plakat-3-etapy-1-1446x2048.png 1446w, https:\/\/cws.uksw.edu.pl\/wp-content\/uploads\/sites\/18\/2025\/01\/la-plakat-3-etapy-1-170x240.png 170w\" sizes=\"(max-width: 723px) 100vw, 723px\" \/><\/figure>\n\n\n\n<p><\/p>\n","protected":false},"excerpt":{"rendered":"<p>Rozpoczynamy zapisy na modu\u0142 podoficerski w roku akademickim 2024\/2025 w ramach programu Legia Akademicka na UKSW. Edukacja wojskowa studentek i student\u00f3w w ramach programu Legii Akademickiej Uniwersytetu Kardyna\u0142a Stefana Wyszy\u0144skiego w Warszawie obejmuje realizacj\u0119 modu\u0142u podoficerskiego poprzez zaj\u0119cia teoretyczne na uczelni (w miesi\u0105cach marzec -maj) i praktyczne szkolenie wojskowe w Si\u0142ach Zbrojnych RP w okresie [&hellip;]<\/p>\n","protected":false},"author":609,"featured_media":0,"parent":3812,"menu_order":3,"comment_status":"closed","ping_status":"closed","template":"page-templates\/template-sub-page.php","meta":{"_acf_changed":false,"inline_featured_image":false,"footnotes":"","_links_to":"","_links_to_target":""},"class_list":["post-5512","page","type-page","status-publish","hentry"],"acf":[],"_links":{"self":[{"href":"https:\/\/cws.uksw.edu.pl\/pl\/wp-json\/wp\/v2\/pages\/5512","targetHints":{"allow":["GET"]}}],"collection":[{"href":"https:\/\/cws.uksw.edu.pl\/pl\/wp-json\/wp\/v2\/pages"}],"about":[{"href":"https:\/\/cws.uksw.edu.pl\/pl\/wp-json\/wp\/v2\/types\/page"}],"author":[{"embeddable":true,"href":"https:\/\/cws.uksw.edu.pl\/pl\/wp-json\/wp\/v2\/users\/609"}],"replies":[{"embeddable":true,"href":"https:\/\/cws.uksw.edu.pl\/pl\/wp-json\/wp\/v2\/comments?post=5512"}],"version-history":[{"count":8,"href":"https:\/\/cws.uksw.edu.pl\/pl\/wp-json\/wp\/v2\/pages\/5512\/revisions"}],"predecessor-version":[{"id":5538,"href":"https:\/\/cws.uksw.edu.pl\/pl\/wp-json\/wp\/v2\/pages\/5512\/revisions\/5538"}],"up":[{"embeddable":true,"href":"https:\/\/cws.uksw.edu.pl\/pl\/wp-json\/wp\/v2\/pages\/3812"}],"wp:attachment":[{"href":"https:\/\/cws.uksw.edu.pl\/pl\/wp-json\/wp\/v2\/media?parent=5512"}],"curies":[{"name":"wp","href":"https:\/\/api.w.org\/{rel}","templated":true}]}}