{"id":5299,"date":"2024-07-25T08:11:46","date_gmt":"2024-07-25T06:11:46","guid":{"rendered":"https:\/\/cws.uksw.edu.pl\/?page_id=5299"},"modified":"2026-04-01T14:08:32","modified_gmt":"2026-04-01T12:08:32","slug":"wykaz-zawieszonych-kol-naukowych-uksw","status":"publish","type":"page","link":"https:\/\/cws.uksw.edu.pl\/organizacje-studenckie\/wykaz-zawieszonych-kol-naukowych-uksw\/","title":{"rendered":"Wykaz zawieszonych k\u00f3\u0142 naukowych"},"content":{"rendered":"\n<p>Poni\u017cej wymienione Ko\u0142a Naukowe zosta\u0142y zawieszone zgodnie z \u00a7 33 ust. 1 Regulaminu funkcjonowania i finansowania organizacji studenckich i doktoranckich w Uniwersytecie Kardyna\u0142a Stefana Wyszy\u0144skiego.<\/p>\n\n\n\n<p>Zgodnie z Regulaminem <strong>zawieszenie dzia\u0142alno\u015bci<\/strong> uczelnianej organizacji studenckiej mo\u017ce nast\u0105pi\u0107, na okres nie d\u0142u\u017cszy ni\u017c <strong>dwa lata.<\/strong> <\/p>\n\n\n\n<p><strong>Je\u017celi organizacja nie wznowi dzia\u0142alno\u015bci w tym terminie Rektor mo\u017ce podj\u0105\u0107 decyzj\u0119 o wykre\u015bleniu organizacji z Rejestru Uczelnianych Organizacji.<\/strong><\/p>\n\n\n\n<p>Rektor, na wniosek przedstawiciela organizacji, mo\u017ce podj\u0105\u0107 decyzj\u0119 o wznowieniu dzia\u0142alno\u015bci przez zawieszone organizacje po przedstawieniu planu pracy i formularza aktualizacyjnego podpisanego przez przewodnicz\u0105cego organizacji i opiekuna.<\/p>\n\n\n\n<div class=\"wp-block-columns\">\n<div class=\"wp-block-column\" style=\"flex-basis:100%\">\n<div class=\"wp-block-columns\">\n<div class=\"wp-block-column\" style=\"flex-basis:120.4%\">\n<div class=\"wp-block-group\"><div class=\"wp-block-group__inner-container\">\n<figure class=\"wp-block-table alignleft tab1 is-style-regular\"><table><tbody><tr><td><strong>NAZWA KO\u0141A<\/strong>                      <\/td><td><strong>WYDZIA\u0141<\/strong>                      <\/td><td><strong>zawieszone do dnia:<\/strong>      <\/td><\/tr><tr><td>Ko\u0142o Naukowe Prawa Handlowego<\/td><td>WPiA<\/td><td>6 maja 2026 r.<\/td><\/tr><tr><td>Ko\u0142o Naukowe Consecratio Vitae<\/td><td>WPK <\/td><td>6 maja 2026 r.<\/td><\/tr><tr><td>Ko\u0142o In alto con i grandi  <\/td><td>WNH<\/td><td>6 maja 2026 r.<\/td><\/tr><tr><td>Ko\u0142o Naukowe Ars Lorem<\/td><td>WMCM<\/td><td>6 maja 2026 r.<\/td><\/tr><tr><td>Studenckie Ko\u0142o Naukowe Parazytologii WMCM UKSW&nbsp;  <\/td><td>WMCM<\/td><td>6 maja 2026 r.<\/td><\/tr><tr><td>Ko\u0142o Naukowe Student\u00f3w Piel\u0119gniarstwa <\/td><td>WMCM<\/td><td>6 maja 2026 r.<\/td><\/tr><tr><td>Ko\u0142o Naukowe Japonia-Prawo, kultura, technologie<\/td><td>WPiA<\/td><td>6 maja 2026 r.<\/td><\/tr><tr><td>Ko\u0142o Medycyny Opartej na Faktach<\/td><td>WMCM<\/td><td>6 maja 2026 r.<\/td><\/tr><tr><td>Ko\u0142o Komparatystyki Literackiej <\/td><td>WNH<\/td><td>6 maja 2026 r.<\/td><\/tr><tr><td>Ko\u0142o Naukowe Prawa Karnego Procesowego<\/td><td>WPiA<\/td><td>25 lutego 2027 r.<\/td><\/tr><tr><td>Ko\u0142o Naukowe Kardiologii UKSW<\/td><td>WMCM<\/td><td>25 lutego 2027 r.<\/td><\/tr><tr><td>Naukowe Ko\u0142o Logiki UKSW<\/td><td>WFCH<\/td><td>25 lutego 2027 r.<\/td><\/tr><tr><td>Ko\u0142o Naukowe Zarz\u0105dzania Dziedzictwem Kulturowym<\/td><td>WNHS<\/td><td>25 lutego 2027 r.<\/td><\/tr><tr><td>Studenckie Ko\u0142o Naukowe Neurologii UKSW<\/td><td>WMCM<\/td><td>25 lutego 2027 r.<\/td><\/tr><tr><td>Ko\u0142o Otolaryngologiczne UKSW<\/td><td>WMCM<\/td><td>25 lutego 2027 r.<\/td><\/tr><tr><td>SKN Internistyczne przy I Zak\u0142adzie Chor\u00f3b Wewn\u0119trznych Instytutu Nauk Medycznych WM UKSW<\/td><td>WMCM<\/td><td>25 lutego 2027 r.<\/td><\/tr><tr><td>Studenckie Ko\u0142o Naukowe Narodowego Instytutu Kardiologii<\/td><td>WMCM<\/td><td>25 lutego 2027 r.<\/td><\/tr><tr><td>Ko\u0142o Naukowe &#8222;Sentinel&#8221;<\/td><td>WMCM<\/td><td>25 lutego 2027 r.<\/td><\/tr><tr><td>Studenckie Ko\u0142o Naukowe Ultrasonografii Uniwersytetu Kardyna\u0142a Stefana Wyszy\u0144skiego<\/td><td>WMCM<\/td><td>25 lutego 2027 r.<\/td><\/tr><tr><td>Ko\u0142o Naukowe Ochrony Praw Zwierz\u0105t &#8222;Gaja&#8221;<\/td><td>WPiA<\/td><td>25 lutego 2027 r.<\/td><\/tr><tr><td>Ko\u0142o Fotograficzne<\/td><td>WNH<\/td><td>25 lutego 2027 r.<\/td><\/tr><tr><td>Ko\u0142o Naukowe Misjolog\u00f3w<\/td><td>WT<\/td><td>25 lutego 2027 r.<\/td><\/tr><tr><td>Ko\u0142o Naukowe &#8222;Utriusque Iuris&#8221;<\/td><td>WPK<\/td><td>19 listopada 2027 r.<\/td><\/tr><\/tbody><\/table><\/figure>\n<\/div><\/div>\n<\/div>\n<\/div>\n\n\n\n<p><\/p>\n<\/div>\n<\/div>\n\n\n\n<p><\/p>\n","protected":false},"excerpt":{"rendered":"<p>Poni\u017cej wymienione Ko\u0142a Naukowe zosta\u0142y zawieszone zgodnie z \u00a7 33 ust. 1 Regulaminu funkcjonowania i finansowania organizacji studenckich i doktoranckich w Uniwersytecie Kardyna\u0142a Stefana Wyszy\u0144skiego. Zgodnie z Regulaminem zawieszenie dzia\u0142alno\u015bci uczelnianej organizacji studenckiej mo\u017ce nast\u0105pi\u0107, na okres nie d\u0142u\u017cszy ni\u017c dwa lata. Je\u017celi organizacja nie wznowi dzia\u0142alno\u015bci w tym terminie Rektor mo\u017ce podj\u0105\u0107 decyzj\u0119 o [&hellip;]<\/p>\n","protected":false},"author":609,"featured_media":0,"parent":3668,"menu_order":5,"comment_status":"closed","ping_status":"closed","template":"page-templates\/template-sub-page.php","meta":{"_acf_changed":false,"inline_featured_image":false,"footnotes":"","_links_to":"","_links_to_target":""},"class_list":["post-5299","page","type-page","status-publish","hentry"],"acf":[],"_links":{"self":[{"href":"https:\/\/cws.uksw.edu.pl\/pl\/wp-json\/wp\/v2\/pages\/5299","targetHints":{"allow":["GET"]}}],"collection":[{"href":"https:\/\/cws.uksw.edu.pl\/pl\/wp-json\/wp\/v2\/pages"}],"about":[{"href":"https:\/\/cws.uksw.edu.pl\/pl\/wp-json\/wp\/v2\/types\/page"}],"author":[{"embeddable":true,"href":"https:\/\/cws.uksw.edu.pl\/pl\/wp-json\/wp\/v2\/users\/609"}],"replies":[{"embeddable":true,"href":"https:\/\/cws.uksw.edu.pl\/pl\/wp-json\/wp\/v2\/comments?post=5299"}],"version-history":[{"count":13,"href":"https:\/\/cws.uksw.edu.pl\/pl\/wp-json\/wp\/v2\/pages\/5299\/revisions"}],"predecessor-version":[{"id":6159,"href":"https:\/\/cws.uksw.edu.pl\/pl\/wp-json\/wp\/v2\/pages\/5299\/revisions\/6159"}],"up":[{"embeddable":true,"href":"https:\/\/cws.uksw.edu.pl\/pl\/wp-json\/wp\/v2\/pages\/3668"}],"wp:attachment":[{"href":"https:\/\/cws.uksw.edu.pl\/pl\/wp-json\/wp\/v2\/media?parent=5299"}],"curies":[{"name":"wp","href":"https:\/\/api.w.org\/{rel}","templated":true}]}}