{"id":5062,"date":"2024-01-09T12:48:30","date_gmt":"2024-01-09T11:48:30","guid":{"rendered":"https:\/\/cws.uksw.edu.pl\/?page_id=5062"},"modified":"2024-01-09T13:08:21","modified_gmt":"2024-01-09T12:08:21","slug":"edycja-vii-2023-2024","status":"publish","type":"page","link":"https:\/\/cws.uksw.edu.pl\/projekty-i-konkursy\/legia-akademicka\/edycja-vii-2023-2024\/","title":{"rendered":"Edycja VII &#8211; 2023\/2024"},"content":{"rendered":"\n<figure class=\"wp-block-gallery has-nested-images columns-default is-cropped wp-block-gallery-1 is-layout-flex wp-block-gallery-is-layout-flex\"><\/figure>\n\n\n\n<p><strong>VII edycja programu Szko\u0142y Legii Akademickiej na Uniwersytecie Kardyna\u0142a Stefana Wyszy\u0144skiego w Warszawie umo\u017cliwia zrealizowanie modu\u0142u podoficerskiego (etap 2 szkolenia).<\/strong><\/p>\n\n\n\n<p>Osoby zainteresowane tym modu\u0142em musz\u0105 spe\u0142ni\u0107 \u0142\u0105cznie 3 warunki:<br>&#8211; posiada\u0107 obywatelstwo polskie,<br>&#8211; posiada\u0107 status studenta (studia I, II stopnia lub jednolite magisterskie \u2013 stacjonarne, niestacjonarne),<br>&#8211; mie\u0107 status \u017co\u0142nierza rezerwy (niezale\u017cnie od rodzaju s\u0142u\u017cby wojskowej jak\u0105 odby\u0142).<\/p>\n\n\n\n<p>Szkolenie, b\u0119dzie realizowane w formie teoretycznej w uczelni (15 godzin) i metod\u0105 e-learningu oraz w formie praktycznej (21 dni) w centrach szkolenia, o\u015brodkach szkolenia oraz jednostkach wojskowych.<\/p>\n\n\n\n<p>Szkolenie teoretyczne w module podoficerskim ko\u0144czy si\u0119 egzaminem, kt\u00f3ry odb\u0119dzie si\u0119 w maju 2024 r.<\/p>\n\n\n\n<p>W celu przyst\u0105pienia do modu\u0142u podoficerskiego nale\u017cy do dnia 25 stycznia 2024 r. wype\u0142ni\u0107 <a href=\"https:\/\/forms.gle\/5R15W1KKDNt7Df3U6\" data-type=\"URL\" data-id=\"https:\/\/forms.gle\/erv1rCc4nhgFKcPC6\" target=\"_blank\" rel=\"noreferrer noopener\">formularz rejestracyjny<\/a> oraz przekaza\u0107 wype\u0142niony <a href=\"https:\/\/cws.uksw.edu.pl\/wp-content\/uploads\/sites\/18\/2023\/01\/WNIOSEK_OCHOTNIKA_2022_2023.docx\" data-type=\"URL\" data-id=\"https:\/\/cws.uksw.edu.pl\/wp-content\/uploads\/sites\/18\/2023\/01\/WNIOSEK_OCHOTNIKA_2022_2023.docx\" target=\"_blank\" rel=\"noreferrer noopener\">wniosek<\/a>:<\/p>\n\n\n\n<ul class=\"wp-block-list\">\n<li>w formie papierowej dostarczy\u0107 go do Centrum Wsparcia Studenta (pok\u00f3j 501 przy ul. Dewajtis 5 lub 004, bud. 23  przy ul. W\u00f3ycickiego w godz. 9:00-15:00 od poniedzia\u0142ku do pi\u0105tku) lub<\/li>\n\n\n\n<li>skan przes\u0142a\u0107 na adres mailowy <a href=\"mailto:j.kolota@uksw.edu.pl\">j.kolota@uksw.edu.pl<\/a><\/li>\n<\/ul>\n\n\n\n<p>Wi\u0119cej informacji mo\u017cna uzyska\u0107 na spotkaniu informacyjnym, kt\u00f3re odb\u0119dzie si\u0119 19 stycznia 2024 r. o godz. 18:30 na kampusie przy ul. W\u00f3ycickiego lub mailowo u koordynatora programu, Jacka Ko\u0142oty: <a href=\"mailto:j.kolota@uksw.edu.pl\">j.kolota@uksw.edu.pl<\/a><\/p>\n","protected":false},"excerpt":{"rendered":"<p>VII edycja programu Szko\u0142y Legii Akademickiej na Uniwersytecie Kardyna\u0142a Stefana Wyszy\u0144skiego w Warszawie umo\u017cliwia zrealizowanie modu\u0142u podoficerskiego (etap 2 szkolenia). Osoby zainteresowane tym modu\u0142em musz\u0105 spe\u0142ni\u0107 \u0142\u0105cznie 3 warunki:&#8211; posiada\u0107 obywatelstwo polskie,&#8211; posiada\u0107 status studenta (studia I, II stopnia lub jednolite magisterskie \u2013 stacjonarne, niestacjonarne),&#8211; mie\u0107 status \u017co\u0142nierza rezerwy (niezale\u017cnie od rodzaju s\u0142u\u017cby wojskowej jak\u0105 [&hellip;]<\/p>\n","protected":false},"author":27,"featured_media":0,"parent":3812,"menu_order":3,"comment_status":"closed","ping_status":"closed","template":"page-templates\/template-sub-page.php","meta":{"_acf_changed":false,"inline_featured_image":false,"footnotes":"","_links_to":"","_links_to_target":""},"class_list":["post-5062","page","type-page","status-publish","hentry"],"acf":[],"_links":{"self":[{"href":"https:\/\/cws.uksw.edu.pl\/pl\/wp-json\/wp\/v2\/pages\/5062","targetHints":{"allow":["GET"]}}],"collection":[{"href":"https:\/\/cws.uksw.edu.pl\/pl\/wp-json\/wp\/v2\/pages"}],"about":[{"href":"https:\/\/cws.uksw.edu.pl\/pl\/wp-json\/wp\/v2\/types\/page"}],"author":[{"embeddable":true,"href":"https:\/\/cws.uksw.edu.pl\/pl\/wp-json\/wp\/v2\/users\/27"}],"replies":[{"embeddable":true,"href":"https:\/\/cws.uksw.edu.pl\/pl\/wp-json\/wp\/v2\/comments?post=5062"}],"version-history":[{"count":3,"href":"https:\/\/cws.uksw.edu.pl\/pl\/wp-json\/wp\/v2\/pages\/5062\/revisions"}],"predecessor-version":[{"id":5513,"href":"https:\/\/cws.uksw.edu.pl\/pl\/wp-json\/wp\/v2\/pages\/5062\/revisions\/5513"}],"up":[{"embeddable":true,"href":"https:\/\/cws.uksw.edu.pl\/pl\/wp-json\/wp\/v2\/pages\/3812"}],"wp:attachment":[{"href":"https:\/\/cws.uksw.edu.pl\/pl\/wp-json\/wp\/v2\/media?parent=5062"}],"curies":[{"name":"wp","href":"https:\/\/api.w.org\/{rel}","templated":true}]}}