{"id":4884,"date":"2023-09-01T10:38:14","date_gmt":"2023-09-01T08:38:14","guid":{"rendered":"https:\/\/cws.uksw.edu.pl\/?page_id=4884"},"modified":"2023-10-02T12:07:10","modified_gmt":"2023-10-02T10:07:10","slug":"nagroda-santander-2023-voucher-edukacyjny","status":"publish","type":"page","link":"https:\/\/cws.uksw.edu.pl\/projekty-i-konkursy\/santander-universidades\/nagroda-santander-2023-voucher-edukacyjny\/","title":{"rendered":"1. Nagroda Santander 2023 \u2013 voucher edukacyjny"},"content":{"rendered":"<div class=\"wp-block-image\">\n<figure class=\"aligncenter size-full\"><img decoding=\"async\" width=\"507\" height=\"388\" src=\"https:\/\/cws.uksw.edu.pl\/wp-content\/uploads\/sites\/18\/2023\/09\/08_Santander_UKSW_507x388.png\" alt=\"\" class=\"wp-image-4902\" srcset=\"https:\/\/cws.uksw.edu.pl\/wp-content\/uploads\/sites\/18\/2023\/09\/08_Santander_UKSW_507x388.png 507w, https:\/\/cws.uksw.edu.pl\/wp-content\/uploads\/sites\/18\/2023\/09\/08_Santander_UKSW_507x388-300x230.png 300w\" sizes=\"(max-width: 507px) 100vw, 507px\" \/><\/figure><\/div>\n\n\n<p>Centrum Wsparcia Studenta UKSW zaprasza ca\u0142\u0105 spo\u0142eczno\u015b\u0107 akademick\u0105 do wzi\u0119cia udzia\u0142u w programie Nagroda Santander | Vouchery edukacyjne dla spo\u0142eczno\u015bci UKSW 2023, w kt\u00f3rym do wygrania jest&nbsp;<strong>280 voucher\u00f3w o warto\u015bci 250 z\u0142 ka\u017cdy&nbsp;<\/strong>do wykorzystania na ksi\u0105\u017cki, ebooki, audiobooki, przybory potrzebne do rozwoju kompetencji oraz talent\u00f3w. Vouchery mo\u017cna zrealizowa\u0107 w sieci sklep\u00f3w Empik oraz w sklepie internetowym Empik w terminie 12 miesi\u0119cy od momentu przyznania nagrody.<\/p>\n\n\n\n<p>O Nagrod\u0119 mo\u017ce stara\u0107 si\u0119 student, doktorant a tek\u017ce pracownik Uniwersytetu Kardyna\u0142a Stefana Wyszy\u0144skiego w Warszawie.<\/p>\n\n\n\n<p>Aby wzi\u0105\u0107 udzia\u0142 w konkursie wystarczy:<\/p>\n\n\n\n<ol class=\"wp-block-list\" type=\"1\">\n<li>Wej\u015b\u0107 na\u00a0\u00a0<a href=\"https:\/\/app.becas-santander.com\/en\/program\/vouchery_uksw_2022\"><a href=\"https:\/\/app.becas-santander.com\/pl\/program\/vouchery-edukacyjne-dla-spolecznosci-uksw-2023\">Vouchery edukacyjne dla spo\u0142eczno\u015bci UKSW 2023 (becas-santander.com)<\/a><\/a><\/li>\n\n\n\n<li>Za\u0142o\u017cy\u0107 konto i wype\u0142ni\u0107 formularz<\/li>\n\n\n\n<li>Odpowiedzie\u0107 na pytanie&nbsp;<strong>Jak\u0105 zmian\u0119 warto wprowadzi\u0107 na UKSW? Podaj propozycj\u0119 realizacji.<\/strong><\/li>\n<\/ol>\n\n\n\n<p>Nab\u00f3r wniosk\u00f3w trwa do&nbsp;<strong>31 pa\u017adziernika 2023&nbsp;r.<\/strong> <\/p>\n\n\n\n<p class=\"has-text-align-center\">Harmonogram przyznawania nagr\u00f3d Santander<\/p>\n\n\n\n<figure class=\"wp-block-table\"><table><tbody><tr><td>DZIA\u0141ANIE<\/td><td>TERMIN<\/td><\/tr><tr><td>Przyjmowanie zg\u0142osze\u0144 na platformie<\/td><td>do 31.10.2023 r.<\/td><\/tr><tr><td>Wyniki konkursu<\/td><td>10.11.2023 r.<\/td><\/tr><tr><td>Potwierdzenie przyj\u0119cia nagrody<\/td><td>10-16.11.2023 r.<\/td><\/tr><tr><td>Kwalifikacja &#8211; II tura<\/td><td>20.11.2023 r.<\/td><\/tr><tr><td>Potwierdzenie przyj\u0119cia nagrody \u2013 II tura<\/td><td>20-22.11.2023 r.<\/td><\/tr><tr><td>Kwalifikacja \u2013 III tura<\/td><td>24.11.2023 r.<\/td><\/tr><tr><td>Potwierdzenie przyj\u0119cia nagrody \u2013 III tura<\/td><td>24-26.11.2023 r.<\/td><\/tr><tr><td>Odbi\u00f3r nagrody w siedzibie CWS<\/td><td>1-15.12.2023 r.<\/td><\/tr><\/tbody><\/table><\/figure>\n\n\n\n<p>Szczeg\u00f3\u0142owe informacje dotycz\u0105ce zg\u0142osze\u0144 i realizacji programu znajdziesz w\u00a0<a href=\"https:\/\/cws.uksw.edu.pl\/wp-content\/uploads\/sites\/18\/2023\/10\/Regulamin-Nagroda-Santander-2023.pdf\" data-type=\"URL\" data-id=\"https:\/\/cws.uksw.edu.pl\/wp-content\/uploads\/sites\/18\/2023\/10\/Regulamin-Nagroda-Santander-2023.pdf\">Regulaminie<\/a><\/p>\n","protected":false},"excerpt":{"rendered":"<p>Centrum Wsparcia Studenta UKSW zaprasza ca\u0142\u0105 spo\u0142eczno\u015b\u0107 akademick\u0105 do wzi\u0119cia udzia\u0142u w programie Nagroda Santander | Vouchery edukacyjne dla spo\u0142eczno\u015bci UKSW 2023, w kt\u00f3rym do wygrania jest&nbsp;280 voucher\u00f3w o warto\u015bci 250 z\u0142 ka\u017cdy&nbsp;do wykorzystania na ksi\u0105\u017cki, ebooki, audiobooki, przybory potrzebne do rozwoju kompetencji oraz talent\u00f3w. Vouchery mo\u017cna zrealizowa\u0107 w sieci sklep\u00f3w Empik oraz w sklepie [&hellip;]<\/p>\n","protected":false},"author":27,"featured_media":0,"parent":3813,"menu_order":0,"comment_status":"closed","ping_status":"closed","template":"page-templates\/template-sub-page.php","meta":{"_acf_changed":false,"inline_featured_image":false,"footnotes":"","_links_to":"","_links_to_target":""},"class_list":["post-4884","page","type-page","status-publish","hentry"],"acf":[],"_links":{"self":[{"href":"https:\/\/cws.uksw.edu.pl\/pl\/wp-json\/wp\/v2\/pages\/4884","targetHints":{"allow":["GET"]}}],"collection":[{"href":"https:\/\/cws.uksw.edu.pl\/pl\/wp-json\/wp\/v2\/pages"}],"about":[{"href":"https:\/\/cws.uksw.edu.pl\/pl\/wp-json\/wp\/v2\/types\/page"}],"author":[{"embeddable":true,"href":"https:\/\/cws.uksw.edu.pl\/pl\/wp-json\/wp\/v2\/users\/27"}],"replies":[{"embeddable":true,"href":"https:\/\/cws.uksw.edu.pl\/pl\/wp-json\/wp\/v2\/comments?post=4884"}],"version-history":[{"count":8,"href":"https:\/\/cws.uksw.edu.pl\/pl\/wp-json\/wp\/v2\/pages\/4884\/revisions"}],"predecessor-version":[{"id":4940,"href":"https:\/\/cws.uksw.edu.pl\/pl\/wp-json\/wp\/v2\/pages\/4884\/revisions\/4940"}],"up":[{"embeddable":true,"href":"https:\/\/cws.uksw.edu.pl\/pl\/wp-json\/wp\/v2\/pages\/3813"}],"wp:attachment":[{"href":"https:\/\/cws.uksw.edu.pl\/pl\/wp-json\/wp\/v2\/media?parent=4884"}],"curies":[{"name":"wp","href":"https:\/\/api.w.org\/{rel}","templated":true}]}}