{"id":4805,"date":"2023-05-15T12:32:44","date_gmt":"2023-05-15T10:32:44","guid":{"rendered":"https:\/\/cws.uksw.edu.pl\/?page_id=4805"},"modified":"2023-05-17T16:02:15","modified_gmt":"2023-05-17T14:02:15","slug":"przestrzen-rozwoju","status":"publish","type":"page","link":"https:\/\/cws.uksw.edu.pl\/projekty-i-konkursy\/przestrzen-rozwoju\/","title":{"rendered":"Przestrze\u0144 Rozwoju"},"content":{"rendered":"\n<figure class=\"wp-block-image size-full is-resized\"><img decoding=\"async\" src=\"https:\/\/cws.uksw.edu.pl\/wp-content\/uploads\/sites\/18\/2023\/05\/FB-PROMO.png\" alt=\"\" class=\"wp-image-4833\" width=\"440\" height=\"369\" srcset=\"https:\/\/cws.uksw.edu.pl\/wp-content\/uploads\/sites\/18\/2023\/05\/FB-PROMO.png 940w, https:\/\/cws.uksw.edu.pl\/wp-content\/uploads\/sites\/18\/2023\/05\/FB-PROMO-300x251.png 300w, https:\/\/cws.uksw.edu.pl\/wp-content\/uploads\/sites\/18\/2023\/05\/FB-PROMO-768x644.png 768w\" sizes=\"(max-width: 440px) 100vw, 440px\" \/><\/figure>\n\n\n\n<p>Ju\u017c 23 maja 2023 r. o godzinie 10:00 rozpocznie si\u0119 wydarzenie dedykowane wszystkim studentom i doktorantom UKSW.<br>Uniwersytet to nie tylko nauka. To tak\u017ce rozw\u00f3j kompetencji indywidualnych i spo\u0142ecznych oraz mo\u017cliwo\u015b\u0107 zebrania do\u015bwiadcze\u0144, kt\u00f3re wzbogac\u0105 nasze przysz\u0142e zawodowe \u017cycie. <\/p>\n\n\n\n<p>Chcesz w pe\u0142ni wykorzysta\u0107 czas studi\u00f3w? Przyjd\u017a do <strong>Przestrzeni Rozwoju<\/strong>. <br><strong>Przestrze\u0144 Rozwoju<\/strong> to miejsce, w kt\u00f3rym dowiesz si\u0119 jak wykorzysta\u0107 sw\u00f3j potencja\u0142 w trakcie studi\u00f3w, poznasz mo\u017cliwo\u015bci jakie oferuje Ci Uniwersytet, spotkasz wielu inspiruj\u0105cych ludzi.<\/p>\n\n\n\n<p>Ka\u017cdy kto przyjdzie do <strong>Przestrzeni Rozwoju<\/strong> mo\u017ce wzi\u0105\u0107 udzia\u0142 w losowaniu bonu o warto\u015bci 250 z\u0142.<\/p>\n\n\n\n<p class=\"has-text-align-left\">Zapraszamy na przestrze\u0144 g\u0142\u00f3wn\u0105 na holu III pi\u0119tra w bud. 21 gdzie w trakcie ca\u0142ego wydarzenia b\u0119d\u0105 czekali przedstawiciele organizacji studenckich oraz go\u015bcie zewn\u0119trzni.<br><strong>10:00 <\/strong>Rozpocz\u0119cie wydarzenia i przywitanie Go\u015bci&nbsp;<br><strong>11:20-11:30<\/strong> Wywiad z olimpijczykiem &#8211; Dariuszem Kowalukiem\u202f&nbsp;<br><strong>13:00-13:15 <\/strong>Uroczyste rozdanie dyplom\u00f3w Akademii Lider\u00f3w Biznesu UKSW\u202f&nbsp;<br><strong>15:20 <\/strong>Zako\u0144czenie wydarzenia i losowanie nagr\u00f3d.<\/p>\n\n\n\n<p><strong>Przestrze\u0144 Rozwoju<\/strong> to tak\u017ce warto\u015bciowe warsztaty, na kt\u00f3re mo\u017cna zapisa\u0107 si\u0119 <strong><a href=\"https:\/\/forms.office.com\/e\/dtyy7ygENK\" data-type=\"URL\" data-id=\"https:\/\/forms.office.com\/e\/dtyy7ygENK\">tutaj<\/a><\/strong><br>Spiesz si\u0119 aby zarejestrowa\u0107 si\u0119 na wybrane warsztaty, poniewa\u017c liczba miejsc jest ograniczona.<\/p>\n\n\n\n<p>PROGRAM WARSZTAT\u00d3W<\/p>\n\n\n\n<p>SALA A &#8211; 321 bud. 21 W\u00f3ycickiego<br>10:15-11:15 <strong>Micha\u0142 Raube<\/strong> Co wsp\u00f3lnego ma ze sob\u0105 czytanie lektur w szkole z poszukiwaniem pracy?<br>11:40-12:40 <strong>Wiktoria Kowalska<\/strong> Porozumienie bez przemocy. O sztuce komunikacji.<br>13:15-14:15 <strong>Maciej Ciechomski<\/strong> Emocje, kt\u00f3re wspieraj\u0105, czyli jak zadba\u0107 o siebie.<br>14:15-15:15 <strong>Agnieszka Jab\u0142o\u0144ska<\/strong> Pierwsze wra\u017cenie robi si\u0119 tylko raz \u2013 rozmowa kwalifikacyjna.<\/p>\n\n\n\n<p>SALA B &#8211; 312a bud. 21 W\u00f3ycickiego<br>10:15-11:15 <strong>Micha\u0142 Rutkowski<\/strong> J\u0119zyk obcy? No problem! Skuteczna i szybka nauka j\u0119zyk\u00f3w obcych.<br>11:40-12:40 <strong>Monika Bobrowicz<\/strong> Jak rozpoznawa\u0107 swoje mocne strony w pierwszym okresie zawodowym?<br>13:15-14:15 <strong>Katarzyna Miko\u0142ajczyk<\/strong> Efektywna wsp\u00f3\u0142praca, czyli wykorzystanie potencja\u0142u grupy na przyk\u0142adzie gry symulacyjnej.<br>14:15-15.15 <strong>Marta Jankowska<\/strong> Moc wizualizacji: jak tworzy\u0107 obrazy swojego sukcesu i przek\u0142ada\u0107 je na rzeczywisto\u015b\u0107.<\/p>\n\n\n\n<p>Wi\u0119cej informacji znajdziesz na <a href=\"https:\/\/fb.me\/e\/QJXMRtRo\" data-type=\"URL\" data-id=\"https:\/\/fb.me\/e\/QJXMRtRo\" target=\"_blank\" rel=\"noreferrer noopener\">FB<\/a> oraz w <a href=\"https:\/\/cws.uksw.edu.pl\/wp-content\/uploads\/sites\/18\/2023\/05\/Regulamin.pdf\" data-type=\"URL\" data-id=\"https:\/\/cws.uksw.edu.pl\/wp-content\/uploads\/sites\/18\/2023\/05\/Regulamin.pdf\" target=\"_blank\" rel=\"noreferrer noopener\">regulaminie<\/a>.<\/p>\n","protected":false},"excerpt":{"rendered":"<p>Ju\u017c 23 maja 2023 r. o godzinie 10:00 rozpocznie si\u0119 wydarzenie dedykowane wszystkim studentom i doktorantom UKSW.Uniwersytet to nie tylko nauka. To tak\u017ce rozw\u00f3j kompetencji indywidualnych i spo\u0142ecznych oraz mo\u017cliwo\u015b\u0107 zebrania do\u015bwiadcze\u0144, kt\u00f3re wzbogac\u0105 nasze przysz\u0142e zawodowe \u017cycie. Chcesz w pe\u0142ni wykorzysta\u0107 czas studi\u00f3w? Przyjd\u017a do Przestrzeni Rozwoju. Przestrze\u0144 Rozwoju to miejsce, w kt\u00f3rym dowiesz [&hellip;]<\/p>\n","protected":false},"author":27,"featured_media":0,"parent":3359,"menu_order":0,"comment_status":"closed","ping_status":"closed","template":"page-templates\/template-sub-page.php","meta":{"_acf_changed":false,"inline_featured_image":false,"footnotes":"","_links_to":"","_links_to_target":""},"class_list":["post-4805","page","type-page","status-publish","hentry"],"acf":[],"_links":{"self":[{"href":"https:\/\/cws.uksw.edu.pl\/pl\/wp-json\/wp\/v2\/pages\/4805","targetHints":{"allow":["GET"]}}],"collection":[{"href":"https:\/\/cws.uksw.edu.pl\/pl\/wp-json\/wp\/v2\/pages"}],"about":[{"href":"https:\/\/cws.uksw.edu.pl\/pl\/wp-json\/wp\/v2\/types\/page"}],"author":[{"embeddable":true,"href":"https:\/\/cws.uksw.edu.pl\/pl\/wp-json\/wp\/v2\/users\/27"}],"replies":[{"embeddable":true,"href":"https:\/\/cws.uksw.edu.pl\/pl\/wp-json\/wp\/v2\/comments?post=4805"}],"version-history":[{"count":14,"href":"https:\/\/cws.uksw.edu.pl\/pl\/wp-json\/wp\/v2\/pages\/4805\/revisions"}],"predecessor-version":[{"id":4834,"href":"https:\/\/cws.uksw.edu.pl\/pl\/wp-json\/wp\/v2\/pages\/4805\/revisions\/4834"}],"up":[{"embeddable":true,"href":"https:\/\/cws.uksw.edu.pl\/pl\/wp-json\/wp\/v2\/pages\/3359"}],"wp:attachment":[{"href":"https:\/\/cws.uksw.edu.pl\/pl\/wp-json\/wp\/v2\/media?parent=4805"}],"curies":[{"name":"wp","href":"https:\/\/api.w.org\/{rel}","templated":true}]}}