{"id":4635,"date":"2023-01-17T10:27:59","date_gmt":"2023-01-17T09:27:59","guid":{"rendered":"https:\/\/cws.uksw.edu.pl\/?page_id=4635"},"modified":"2023-04-03T14:21:25","modified_gmt":"2023-04-03T12:21:25","slug":"edycja-vi-2022-2023","status":"publish","type":"page","link":"https:\/\/cws.uksw.edu.pl\/projekty-i-konkursy\/legia-akademicka\/edycja-vi-2022-2023\/","title":{"rendered":"Edycja VI &#8211; 2022\/2023"},"content":{"rendered":"\n<figure class=\"wp-block-gallery has-nested-images columns-default is-cropped wp-block-gallery-1 is-layout-flex wp-block-gallery-is-layout-flex\">\n<figure class=\"wp-block-image size-large\"><img decoding=\"async\" width=\"1024\" height=\"579\" data-id=\"4636\" src=\"https:\/\/cws.uksw.edu.pl\/wp-content\/uploads\/sites\/18\/2023\/01\/legia-2-1024x579.png\" alt=\"\" class=\"wp-image-4636\" srcset=\"https:\/\/cws.uksw.edu.pl\/wp-content\/uploads\/sites\/18\/2023\/01\/legia-2-1024x579.png 1024w, https:\/\/cws.uksw.edu.pl\/wp-content\/uploads\/sites\/18\/2023\/01\/legia-2-300x170.png 300w, https:\/\/cws.uksw.edu.pl\/wp-content\/uploads\/sites\/18\/2023\/01\/legia-2-768x434.png 768w, https:\/\/cws.uksw.edu.pl\/wp-content\/uploads\/sites\/18\/2023\/01\/legia-2.png 1222w\" sizes=\"(max-width: 1024px) 100vw, 1024px\" \/><\/figure>\n<\/figure>\n\n\n\n<p><strong>W VI edycji programu Szko\u0142y Legii Akademickiej na Uniwersytecie Kardyna\u0142a Stefana Wyszy\u0144skiego w Warszawie realizowany b\u0119dzie tylko modu\u0142 podoficerski (etap 2 szkolenia).<\/strong><\/p>\n\n\n\n<p>Osoby zainteresowane tym modu\u0142em musz\u0105 spe\u0142ni\u0107 \u0142\u0105cznie 3 warunki:<br>&#8211; posiada\u0107 obywatelstwo polskie,<br>&#8211; posiada\u0107 status studenta (studia I, II stopnia lub jednolite magisterskie \u2013 stacjonarne, niestacjonarne),<br>&#8211; mie\u0107 status \u017co\u0142nierza rezerwy (niezale\u017cnie od rodzaju s\u0142u\u017cby wojskowej jak\u0105 odby\u0142).<\/p>\n\n\n\n<p>Szkolenie, b\u0119dzie realizowane w formie teoretycznej w uczelni oraz w formie praktycznej w centrach szkolenia, o\u015brodkach szkolenia oraz jednostkach wojskowych.<\/p>\n\n\n\n<p>Zaj\u0119cia teoretyczne odb\u0119d\u0105 si\u0119 w weekend 22-23 kwietnia 2023 r. Zaj\u0119cia b\u0119d\u0105 prowadzone w trybie stacjonarnym na terenie Uczelni. Dodatkowo ka\u017cdy uczestnik programu otrzyma dost\u0119p do platformy e-learningowej przygotowanej przez MON. Szkolenie teoretyczne w module podoficerskim ko\u0144czy si\u0119 egzaminem w dniu 6 maja 2023 r.<\/p>\n\n\n\n<p>W celu przyst\u0105pienia do modu\u0142u podoficerskiego nale\u017cy wype\u0142ni\u0107 <a rel=\"noreferrer noopener\" href=\"https:\/\/forms.gle\/erv1rCc4nhgFKcPC6\" data-type=\"URL\" data-id=\"https:\/\/forms.gle\/erv1rCc4nhgFKcPC6\" target=\"_blank\">formularz rejestracyjny<\/a> oraz <a href=\"https:\/\/cws.uksw.edu.pl\/wp-content\/uploads\/sites\/18\/2023\/01\/WNIOSEK_OCHOTNIKA_2022_2023.docx\" data-type=\"URL\" data-id=\"https:\/\/cws.uksw.edu.pl\/wp-content\/uploads\/sites\/18\/2023\/01\/WNIOSEK_OCHOTNIKA_2022_2023.docx\" target=\"_blank\" rel=\"noreferrer noopener\">wniosek<\/a>, kt\u00f3ry nale\u017cy:<\/p>\n\n\n\n<ul class=\"wp-block-list\">\n<li>w formie papierowej dostarczy\u0107 go do Centrum Wsparcia Studenta (pok\u00f3j 501 przy ul. Dewajtis 5 lub 004, bud. 23  przy ul. W\u00f3ycickiego w godz. 9:00-15:00 od poniedzia\u0142ku do pi\u0105tku) lub<\/li>\n\n\n\n<li>skan przes\u0142a\u0107 na adres mailowy <a href=\"mailto:j.kolota@uksw.edu.pl\">j.kolota@uksw.edu.pl<\/a><\/li>\n<\/ul>\n\n\n\n<p>Wi\u0119cej informacji mo\u017cna uzyska\u0107 mailowo u koordynatora programu, Jacka Ko\u0142oty: <a href=\"mailto:j.kolota@uksw.edu.pl\">j.kolota@uksw.edu.pl<\/a><\/p>\n","protected":false},"excerpt":{"rendered":"<p>W VI edycji programu Szko\u0142y Legii Akademickiej na Uniwersytecie Kardyna\u0142a Stefana Wyszy\u0144skiego w Warszawie realizowany b\u0119dzie tylko modu\u0142 podoficerski (etap 2 szkolenia). Osoby zainteresowane tym modu\u0142em musz\u0105 spe\u0142ni\u0107 \u0142\u0105cznie 3 warunki:&#8211; posiada\u0107 obywatelstwo polskie,&#8211; posiada\u0107 status studenta (studia I, II stopnia lub jednolite magisterskie \u2013 stacjonarne, niestacjonarne),&#8211; mie\u0107 status \u017co\u0142nierza rezerwy (niezale\u017cnie od rodzaju s\u0142u\u017cby [&hellip;]<\/p>\n","protected":false},"author":27,"featured_media":0,"parent":3812,"menu_order":3,"comment_status":"closed","ping_status":"closed","template":"page-templates\/template-sub-page.php","meta":{"_acf_changed":false,"inline_featured_image":false,"footnotes":"","_links_to":"","_links_to_target":""},"class_list":["post-4635","page","type-page","status-publish","hentry"],"acf":[],"_links":{"self":[{"href":"https:\/\/cws.uksw.edu.pl\/pl\/wp-json\/wp\/v2\/pages\/4635","targetHints":{"allow":["GET"]}}],"collection":[{"href":"https:\/\/cws.uksw.edu.pl\/pl\/wp-json\/wp\/v2\/pages"}],"about":[{"href":"https:\/\/cws.uksw.edu.pl\/pl\/wp-json\/wp\/v2\/types\/page"}],"author":[{"embeddable":true,"href":"https:\/\/cws.uksw.edu.pl\/pl\/wp-json\/wp\/v2\/users\/27"}],"replies":[{"embeddable":true,"href":"https:\/\/cws.uksw.edu.pl\/pl\/wp-json\/wp\/v2\/comments?post=4635"}],"version-history":[{"count":3,"href":"https:\/\/cws.uksw.edu.pl\/pl\/wp-json\/wp\/v2\/pages\/4635\/revisions"}],"predecessor-version":[{"id":4760,"href":"https:\/\/cws.uksw.edu.pl\/pl\/wp-json\/wp\/v2\/pages\/4635\/revisions\/4760"}],"up":[{"embeddable":true,"href":"https:\/\/cws.uksw.edu.pl\/pl\/wp-json\/wp\/v2\/pages\/3812"}],"wp:attachment":[{"href":"https:\/\/cws.uksw.edu.pl\/pl\/wp-json\/wp\/v2\/media?parent=4635"}],"curies":[{"name":"wp","href":"https:\/\/api.w.org\/{rel}","templated":true}]}}