{"id":4088,"date":"2022-11-04T09:42:09","date_gmt":"2022-11-04T08:42:09","guid":{"rendered":"https:\/\/jednostki.uksw.edu.pl\/cws\/?page_id=4088"},"modified":"2022-11-04T09:42:10","modified_gmt":"2022-11-04T08:42:10","slug":"edycja-iv-2020-2021","status":"publish","type":"page","link":"https:\/\/cws.uksw.edu.pl\/projekty-i-konkursy\/legia-akademicka\/edycja-iv-2020-2021\/","title":{"rendered":"Edycja IV \u2013 2020\/2021"},"content":{"rendered":"\n<figure class=\"wp-block-image size-full\"><img decoding=\"async\" width=\"768\" height=\"432\" src=\"https:\/\/cws.uksw.edu.pl\/wp-content\/uploads\/sites\/18\/2022\/11\/LA_Studencie_TT-768x432-1.jpg\" alt=\"\" class=\"wp-image-4089\" srcset=\"https:\/\/cws.uksw.edu.pl\/wp-content\/uploads\/sites\/18\/2022\/11\/LA_Studencie_TT-768x432-1.jpg 768w, https:\/\/cws.uksw.edu.pl\/wp-content\/uploads\/sites\/18\/2022\/11\/LA_Studencie_TT-768x432-1-300x169.jpg 300w\" sizes=\"(max-width: 768px) 100vw, 768px\" \/><figcaption>IV Edycja Legii Akademickiej<\/figcaption><\/figure>\n\n\n\n<p>Ch\u0119\u0107 przyst\u0105pienia do programu Legia Akademicka na UKSW w roku akademickim 2020\/2021 nale\u017cy zg\u0142osi\u0107 poprzez wype\u0142nienie formularza zg\u0142oszeniowego do dnia 15 marca 2021 r.\u00a0<a href=\"https:\/\/forms.gle\/FuyNSvkGsbQ2bKmb7\">https:\/\/forms.gle\/FuyNSvkGsbQ2bKmb7<\/a>\u00a0oraz\u00a0<a href=\"https:\/\/cws.uksw.edu.pl\/wp-content\/uploads\/sites\/18\/2022\/11\/LA21-Wniosek-ochotnika-czesc-teoretyczna-2.docx\" data-type=\"URL\" data-id=\"https:\/\/cws.uksw.edu.pl\/wp-content\/uploads\/sites\/18\/2022\/11\/LA21-Wniosek-ochotnika-czesc-teoretyczna-2.docx\">wniosku<\/a>. O zakwalifikowaniu do programu decydowa\u0107 b\u0119dzie kolejno\u015b\u0107 rejestracji w formularzu.<\/p>\n\n\n\n<p>Wype\u0142niony wniosek w wersji papierowej nale\u017cy z\u0142o\u017cy\u0107 w pok. 501&nbsp; w godz. 9:00-14:00 od poniedzia\u0142ku do pi\u0105tku lub w pok. 504&nbsp; w \u015brody i czwartki o godz. 10:00 do 15:00 w budynku UKSW przy. ul Dewajtis 5. Wnioski b\u0119dzie mo\u017cna z\u0142o\u017cy\u0107 tak\u017ce na spotkaniu organizacyjnym dotycz\u0105cym Legii Akademickiej w dniu 15 marca (poniedzia\u0142ek) 2021 r. o godz. 18:00 przy ul W\u00f3ycickiego 1\/3 w budynku 21 w sali 108. Na pytania b\u0119d\u0105 odpowiadali kapitan Bartosz Tatczyn przedstawiciel Wojew\u00f3dzkiego Sztabu Wojskowego oraz Jacek Ko\u0142ota Koordynator Legii Akademickiej na UKSW<\/p>\n\n\n\n<p>Od bie\u017c\u0105cego roku akademickiego wprowadzono dodatkowo modu\u0142 oficerski. B\u0119dzie on mia\u0142 charakter pilota\u017cowy i we\u017amie w nim udzia\u0142 50 ochotnik\u00f3w, kt\u00f3rzy s\u0105 absolwentami programu z lat poprzednich. Zaj\u0119cia modu\u0142u oficerskiego b\u0119d\u0105 si\u0119 odbywa\u0107 w Akademii Wojsk L\u0105dowych we Wroc\u0142awiu.<\/p>\n\n\n\n<p>W ramach programu Legii Akademickiej, jak r\u00f3wnie\u017c studenci matematyki informatyki i cyberbezpiecze\u0144stwa mog\u0105 uczestniczy\u0107 w szkoleniach organizowanych przez&nbsp; Narodowe Centrum Bezpiecze\u0144stwa Cyberprzestrzeni (NCBC). Studenci zainteresowani szkoleniami proszeni s\u0105 o kontakt.<\/p>\n","protected":false},"excerpt":{"rendered":"<p>Ch\u0119\u0107 przyst\u0105pienia do programu Legia Akademicka na UKSW w roku akademickim 2020\/2021 nale\u017cy zg\u0142osi\u0107 poprzez wype\u0142nienie formularza zg\u0142oszeniowego do dnia 15 marca 2021 r.\u00a0https:\/\/forms.gle\/FuyNSvkGsbQ2bKmb7\u00a0oraz\u00a0wniosku. O zakwalifikowaniu do programu decydowa\u0107 b\u0119dzie kolejno\u015b\u0107 rejestracji w formularzu. Wype\u0142niony wniosek w wersji papierowej nale\u017cy z\u0142o\u017cy\u0107 w pok. 501&nbsp; w godz. 9:00-14:00 od poniedzia\u0142ku do pi\u0105tku lub w pok. 504&nbsp; [&hellip;]<\/p>\n","protected":false},"author":1,"featured_media":0,"parent":3812,"menu_order":0,"comment_status":"closed","ping_status":"closed","template":"page-templates\/template-sub-page.php","meta":{"_acf_changed":false,"inline_featured_image":false,"footnotes":"","_links_to":"","_links_to_target":""},"class_list":["post-4088","page","type-page","status-publish","hentry"],"acf":[],"_links":{"self":[{"href":"https:\/\/cws.uksw.edu.pl\/pl\/wp-json\/wp\/v2\/pages\/4088","targetHints":{"allow":["GET"]}}],"collection":[{"href":"https:\/\/cws.uksw.edu.pl\/pl\/wp-json\/wp\/v2\/pages"}],"about":[{"href":"https:\/\/cws.uksw.edu.pl\/pl\/wp-json\/wp\/v2\/types\/page"}],"author":[{"embeddable":true,"href":"https:\/\/cws.uksw.edu.pl\/pl\/wp-json\/wp\/v2\/users\/1"}],"replies":[{"embeddable":true,"href":"https:\/\/cws.uksw.edu.pl\/pl\/wp-json\/wp\/v2\/comments?post=4088"}],"version-history":[{"count":1,"href":"https:\/\/cws.uksw.edu.pl\/pl\/wp-json\/wp\/v2\/pages\/4088\/revisions"}],"predecessor-version":[{"id":4091,"href":"https:\/\/cws.uksw.edu.pl\/pl\/wp-json\/wp\/v2\/pages\/4088\/revisions\/4091"}],"up":[{"embeddable":true,"href":"https:\/\/cws.uksw.edu.pl\/pl\/wp-json\/wp\/v2\/pages\/3812"}],"wp:attachment":[{"href":"https:\/\/cws.uksw.edu.pl\/pl\/wp-json\/wp\/v2\/media?parent=4088"}],"curies":[{"name":"wp","href":"https:\/\/api.w.org\/{rel}","templated":true}]}}