{"id":4072,"date":"2022-11-04T09:36:22","date_gmt":"2022-11-04T08:36:22","guid":{"rendered":"https:\/\/jednostki.uksw.edu.pl\/cws\/?page_id=4072"},"modified":"2023-09-01T12:03:02","modified_gmt":"2023-09-01T10:03:02","slug":"akademicki-pakiet-wiedzy","status":"publish","type":"page","link":"https:\/\/cws.uksw.edu.pl\/projekty-i-konkursy\/santander-universidades\/akademicki-pakiet-wiedzy\/","title":{"rendered":"5. Akademicki Pakiet Wiedzy 2021"},"content":{"rendered":"\n<p><strong>Stypendium Rozwojowe Santander | Akademicki Pakiet Wiedzy<\/strong><\/p>\n\n\n\n<p>Zapraszamy do rekrutacji na program Akademicki Pakiet Wiedzy!<\/p>\n\n\n\n<p>Dla uczestnik\u00f3w projektu przygotowano cykl o\u015bmiu dwugodzinnych webinari\u00f3w. Ka\u017cde spotkanie dotyczy\u0142o b\u0119dzie okre\u015blonego tematu a uczestnictwo w pe\u0142nym cyklu wyposa\u017cy uczestnika projektu w warto\u015bciowy pakiet wiedzy.<\/p>\n\n\n\n<p>Zg\u0142oszenia mo\u017cna wysy\u0142a\u0107 w terminie 1 pa\u017adziernika-15 listopada 2021 r. poprzez rejestracj\u0119 na stronie&nbsp;<a href=\"https:\/\/app.becas-santander.com\/pl\/program\/apw_2021\">Stypendium Rozwojowe Santander | Akademicki Pakiet Wiedzy (becas-santander.com)<\/a><\/p>\n\n\n\n<p>W ramach projektu przewidziano nast\u0119puj\u0105ce tematy szkole\u0144:<\/p>\n\n\n\n<ol class=\"wp-block-list\" type=\"1\">\n<li><strong>Etapy procesu wydawniczego w wydawnictwach naukowych i popularnonaukowych.&nbsp;<\/strong>Podczas wyk\u0142ad\u00f3w zostan\u0105 om\u00f3wione takie elementy jak : 1) Pozyskiwanie tytu\u0142\u00f3w 2) Proces recenzyjny 3) Redakcja merytoryczna i j\u0119zykowa; wsp\u00f3\u0142praca z autorem 4) Sk\u0142ad i \u0142amanie oraz opracowanie graficzne 5) Korekta i adiustacja 6) Druk&nbsp;7) Promocja i dystrybucja publikacji naukowych.&nbsp;<\/li>\n\n\n\n<li><strong>Zasady przygotowania tekstu naukowego do wydania ksi\u0105\u017cki.<\/strong>&nbsp;Podczas wyk\u0142ad\u00f3w zostan\u0105 om\u00f3wione takie elementy jak: 1) Zagadnienia techniczne (wyb\u00f3r edytora, przydatne funkcje, najcz\u0119stsze b\u0142\u0119dy) 2) Struktura pracy (cz\u0119\u015bci, rozdzia\u0142y, podrozdzia\u0142y) i materia\u0142y dodatkowe (tabele, wykresy, ilustracje), 3) Przypisy, bibliografia, aneksy, indeksy 4) Zasady cytowania 5) Wsp\u00f3\u0142praca mi\u0119dzy autorem a redaktorem.&nbsp;<\/li>\n\n\n\n<li><strong>Budowanie marki osobistej.&nbsp;<\/strong>Podczas wyk\u0142adu zostan\u0105 om\u00f3wione takie zagadnienia, definicja marki. Marka osobista a marka organizacji, wizerunek metody i strategie budowania marki, narz\u0119dzia komunikacyjne w budowaniu marki, kreowanie wizerunku w mediach spo\u0142eczno\u015bciowych, najcz\u0119stsze b\u0142\u0119dy w procesie budowania w\u0142asnej marki.&nbsp;<\/li>\n\n\n\n<li><strong>Sztuka wyst\u0105pie\u0144 publicznych.&nbsp;<\/strong>Podczas szkolenia zostan\u0105 om\u00f3wione zagadnienia: do czego potrzebna jest wiedza z zakresu wyst\u0105pie\u0144 publicznych?, wyst\u0105pienia publiczne a \u015bwiat \u201eonline\u201d, mowa cia\u0142a (body language) w wyst\u0105pieniach publicznych, jak zrobi\u0107 wra\u017cenie na przysz\u0142ym pracodawcy podczas rozmowy kwalifikacyjnej?, przydatne tricki w wyst\u0105pieniach publicznych, najcz\u0119stsze b\u0142\u0119dy w wyst\u0105pieniach publicznych.&nbsp;<\/li>\n\n\n\n<li><strong>Radzenie sobie ze stresem<\/strong>. Na szkoleniu om\u00f3wione zostanie czym jest stres i jak wp\u0142ywa na nasze funkcjonowanie, jak okres pandemii wp\u0142yn\u0105\u0142 na zdrowie psychiczne oraz w jaki spos\u00f3b mo\u017cna zadba\u0107 o w\u0142asne dobre samopoczucie, zredukowa\u0107 stres i towarzysz\u0105ce jemu napi\u0119cia.&nbsp;<\/li>\n\n\n\n<li><strong>LinkedIn.<\/strong>&nbsp;Szkolenie dotyczy podstaw wykorzystania social medi\u00f3w (zw\u0142aszcza portalu Linkedin) do budowania marki osobistej. Przedstawia podstawowe poj\u0119cia, zasady funkcjonowania social medi\u00f3w. W drugiej cz\u0119\u015bci \u2013 bardziej praktycznej, pracujemy bezpo\u015brednio na profilu \u2013 omawiamy co i jak nale\u017cy uzupe\u0142ni\u0107 i na co nale\u017cy zwr\u00f3ci\u0107 uwag\u0119.&nbsp;<\/li>\n\n\n\n<li><strong>Kryptowaluty mo\u017cliwo\u015bci i zagro\u017cenia w ich u\u017cytkowaniu.&nbsp;<\/strong>Kryptowaluty s\u0105 przedmiotem wsp\u00f3lnego zainteresowania od kilku lat. Obecnie w obiegu internetowym istnieje kilkaset walut kryptograficznych. Wraz wzrostem zainteresowania i rozwojem&nbsp;kryptowalut pojawia si\u0119 coraz wi\u0119cej w\u0105tpliwo\u015bci wynikaj\u0105cych z zagro\u017ce\u0144, kt\u00f3re niesie za sob\u0105 system zaszyfrowanej i zdecentralizowanej wymiany danych. Wyk\u0142ad ma na celu ukazania mo\u017cliwo\u015bci jakie nios\u0105 ze sob\u0105 waluty wirtualne, ale przede wszystkim zostan\u0105 przedstawione problemy i zagro\u017cenia jakie mog\u0105 wynika\u0107 z ich u\u017cytkowania.&nbsp;<\/li>\n\n\n\n<li><strong>Ochrona danych osobowych.&nbsp;<\/strong>Podczas wyk\u0142adu zostan\u0105 om\u00f3wione zagadnienia<strong>:&nbsp;<\/strong>ochrona danych osobowych \u2013 regulacje prawne, zasady ochrony danych osobowych<strong>,&nbsp;<\/strong>przes\u0142anki przetwarzania danych osobowych<strong>,&nbsp;<\/strong>prawa os\u00f3b, kt\u00f3rych dane dotycz\u0105<strong>,&nbsp;<\/strong>podmioty odpowiedzialne za ochron\u0119 danych osobowych i ich obowi\u0105zki<strong>,&nbsp;<\/strong>transgraniczne przetwarzanie danych osobowych oraz ochrona danych osobowych w Internecie, w szczeg\u00f3lno\u015bci w transakcjach internetowych i bankowych.&nbsp;<\/li>\n<\/ol>\n\n\n\n<p>Webinaria odb\u0119d\u0105 si\u0119 w formie on-line na platformie Cisco Webex i\/lub Zoom.<\/p>\n\n\n\n<p>Termin realizacji szkole\u0144: stycze\u0144 2022.<\/p>\n\n\n\n<p>Ka\u017cdy uczestnik szkolenia mo\u017ce wybra\u0107 tematyk\u0119 szkolenia, w kt\u00f3rym chce uczestniczy\u0107. Istnieje mo\u017cliwo\u015b\u0107 zapisania si\u0119 na wybrane szkolenia lub na wszystkie.<\/p>\n\n\n\n<p>Ka\u017cdy uczestnik, kt\u00f3ry uczestniczy\u0142&nbsp;przynajmniej w 4 dwugodzinnych szkoleniach otrzyma certyfikat potwierdzaj\u0105cy uko\u0144czenie szkolenia.<\/p>\n\n\n\n<p>Wi\u0119cej informacji o programie mo\u017cna znale\u017a\u0107 w&nbsp;<a href=\"https:\/\/cws.uksw.edu.pl\/wp-content\/uploads\/sites\/18\/2022\/11\/Regulamin-nagrod-Santander.pdf\" target=\"_blank\" data-type=\"URL\" data-id=\"https:\/\/cws.uksw.edu.pl\/wp-content\/uploads\/sites\/18\/2022\/11\/Regulamin-nagrod-Santander.pdf\" rel=\"noreferrer noopener\">Regulaminie<\/a>&nbsp;oraz na stronie<\/p>\n\n\n\n<p><a href=\"https:\/\/app.becas-santander.com\/pl\/program\/apw_2021\">Stypendium Rozwojowe Santander | Akademicki Pakiet Wiedzy (becas-santander.com)<\/a><\/p>\n","protected":false},"excerpt":{"rendered":"<p>Stypendium Rozwojowe Santander | Akademicki Pakiet Wiedzy Zapraszamy do rekrutacji na program Akademicki Pakiet Wiedzy! Dla uczestnik\u00f3w projektu przygotowano cykl o\u015bmiu dwugodzinnych webinari\u00f3w. Ka\u017cde spotkanie dotyczy\u0142o b\u0119dzie okre\u015blonego tematu a uczestnictwo w pe\u0142nym cyklu wyposa\u017cy uczestnika projektu w warto\u015bciowy pakiet wiedzy. Zg\u0142oszenia mo\u017cna wysy\u0142a\u0107 w terminie 1 pa\u017adziernika-15 listopada 2021 r. poprzez rejestracj\u0119 na stronie&nbsp;Stypendium [&hellip;]<\/p>\n","protected":false},"author":1,"featured_media":0,"parent":3813,"menu_order":0,"comment_status":"closed","ping_status":"closed","template":"page-templates\/template-sub-page.php","meta":{"_acf_changed":false,"inline_featured_image":false,"footnotes":"","_links_to":"","_links_to_target":""},"class_list":["post-4072","page","type-page","status-publish","hentry"],"acf":[],"_links":{"self":[{"href":"https:\/\/cws.uksw.edu.pl\/pl\/wp-json\/wp\/v2\/pages\/4072","targetHints":{"allow":["GET"]}}],"collection":[{"href":"https:\/\/cws.uksw.edu.pl\/pl\/wp-json\/wp\/v2\/pages"}],"about":[{"href":"https:\/\/cws.uksw.edu.pl\/pl\/wp-json\/wp\/v2\/types\/page"}],"author":[{"embeddable":true,"href":"https:\/\/cws.uksw.edu.pl\/pl\/wp-json\/wp\/v2\/users\/1"}],"replies":[{"embeddable":true,"href":"https:\/\/cws.uksw.edu.pl\/pl\/wp-json\/wp\/v2\/comments?post=4072"}],"version-history":[{"count":3,"href":"https:\/\/cws.uksw.edu.pl\/pl\/wp-json\/wp\/v2\/pages\/4072\/revisions"}],"predecessor-version":[{"id":4893,"href":"https:\/\/cws.uksw.edu.pl\/pl\/wp-json\/wp\/v2\/pages\/4072\/revisions\/4893"}],"up":[{"embeddable":true,"href":"https:\/\/cws.uksw.edu.pl\/pl\/wp-json\/wp\/v2\/pages\/3813"}],"wp:attachment":[{"href":"https:\/\/cws.uksw.edu.pl\/pl\/wp-json\/wp\/v2\/media?parent=4072"}],"curies":[{"name":"wp","href":"https:\/\/api.w.org\/{rel}","templated":true}]}}