{"id":4070,"date":"2022-11-04T09:35:26","date_gmt":"2022-11-04T08:35:26","guid":{"rendered":"https:\/\/jednostki.uksw.edu.pl\/cws\/?page_id=4070"},"modified":"2023-09-01T12:02:10","modified_gmt":"2023-09-01T10:02:10","slug":"akademicki-pakiet-wiedzy-2022","status":"publish","type":"page","link":"https:\/\/cws.uksw.edu.pl\/projekty-i-konkursy\/santander-universidades\/akademicki-pakiet-wiedzy-2022\/","title":{"rendered":"4. Akademicki Pakiet Wiedzy 2022"},"content":{"rendered":"\n<p>\u201cAkademicki Pakiet Wiedzy\u201d to projekt maj\u0105cy na celu podniesienie wiedzy i kwalifikacji spo\u0142eczno\u015bci akademickiej w Polsce realizowany przy wsp\u00f3\u0142pracy Uniwersytetu Kardyna\u0142a Stefana Wyszy\u0144skiego w Warszawie wraz z Fundacj\u0105 Wyszy\u0144skiego i Uniwersytetu Szczeci\u0144skiego.<\/p>\n\n\n\n<p>Dla uczestnik\u00f3w projektu przygotowano cykl webinari\u00f3w realizowanych w formie on-line na platformie Zoom. Ka\u017cdy uczestnik szkolenia mo\u017ce wybra\u0107 tematyk\u0119 szkolenia, w kt\u00f3rym chce uczestniczy\u0107. Istnieje mo\u017cliwo\u015b\u0107 zapisania si\u0119 na wybrane szkolenia lub na wszystkie.<\/p>\n\n\n\n<p>Zg\u0142oszenia mo\u017cna wysy\u0142a\u0107 w terminie 1 \u2013 29 kwietnia 2022 r. poprzez rejestracj\u0119 na stronie&nbsp;<a href=\"http:\/\/app.becas-santander.com\/program\/apw_2022\"><\/a><a href=\"https:\/\/app.becas-santander.com\/pl\/program\/stypendium-santander-jezyki-akademicki-pakiet-wiedzy-uksw-and-us\">Stypendium Rozwojowe Santander| Akademicki Pakiet Wiedzy 2022 (becas-santander.com)<\/a><\/p>\n\n\n\n<p>W ramach projektu przewidziano cztery spotkania (2 x 2 godziny) nakierunkowane na podstawy i zaznajomienie specyfik\u0105 nauki poszczeg\u00f3lnych j\u0119zyk\u00f3w europejskich oraz cztery spotkania (2 godziny) z zakresu podnoszenia efektywno\u015bci nauki i wykorzystania znajomo\u015bci j\u0119zyka obcego w p\u00f3\u017aniejszym \u017cyciu zawodowym:<\/p>\n\n\n\n<h2 class=\"wp-block-heading\">Kultura j\u0119zyka polskiego (4 godziny)<\/h2>\n\n\n\n<p>\u201cGdy ciep\u0142a wd\u00f3wka goni w pi\u0119tk\u0119\u201d<br>Ciekawostki j\u0119zykowe, geneza i znaczenie popularnych zwi\u0105zk\u00f3w frazeologicznych, najcz\u0119stsze b\u0142\u0119dy j\u0119zykowe to tylko niekt\u00f3re z temat\u00f3w, kt\u00f3re zostan\u0105 poruszone na spotkaniu. Podczas wyk\u0142adu b\u0119dzie okazja, by dowiedzie\u0107 si\u0119 np. dlaczego niepoprawne jest zdanie \u201eDo ko\u0144ca wyprzeda\u017cy zosta\u0142o ju\u017c tylko trzy dni\u201d, sk\u0105d si\u0119 wzi\u0105\u0142 liczebnik \u201ep\u00f3\u0142tora\u201d, a tak\u017ce m.in. zrozumie\u0107, o co chodzi w tytule tego wyk\u0142adu. Je\u015bli fascynuje Was zabawa s\u0142owem a poprawna polszczyzna to Wasz konik ten wyk\u0142ad jest dla Was.<br><em>Prowadz\u0105cy: prof. ucz. dr hab. Tomasz Korpysz UKSW<\/em><br><em>Termin realizacji: 14 i 15 maja 2022 r. godz. 10:00-12:00<\/em><\/p>\n\n\n\n<h2 class=\"wp-block-heading\">Podstawy kultury i j\u0119zyka w\u0142oskiego (4 godziny)<\/h2>\n\n\n\n<p>Spacer po Rzymie, pizza w Neapolu, a mo\u017ce narty w Dolomitach? Je\u015bli marzy si\u0119\u00a0Wam wyprawa do W\u0142och, zapraszamy na zaj\u0119cia o j\u0119zyku i kulturze tego kraju. B\u0119dziecie mogli odby\u0107 z nami wirtualn\u0105 wycieczk\u0119 po najciekawszych zak\u0105tkach Italii, ucz\u0105c si\u0119 przy tym przydatnych w podstawowej komunikacji w\u0142oskich\u00a0wyraz\u00f3w oraz\u00a0zwrot\u00f3w. A presto!\u00a0<br><em>Prowadz\u0105cy: dr Olga Broni\u015b UKSW<\/em><br><em>Termin realizacji: 21 i 22 maja 2022 r. godz. 10:00-12:00<\/em><\/p>\n\n\n\n<h2 class=\"wp-block-heading\">Podstawy kultury i j\u0119zyka hiszpa\u0144skiego\u00a0(4 godziny)<\/h2>\n\n\n\n<p>Specyfika j\u0119zyka hiszpa\u0144skiego, podstawowe zwroty i sformu\u0142owania, r\u00f3\u017cnice w komunikacji w poszczeg\u00f3lnych regionach kraju, zapo\u017cyczenia i ciekawostki j\u0119zykowe, kultura p\u00f3\u0142wyspu Iberyjskiego;<br><em>Prowadz\u0105cy:\u00a0<\/em>\u00a0dr Nina Pielaci\u0144ska US ,dr Manuel Perez Machado US, mgr Barbara Kowalewska US\u00a0<br><em>Termin realizacji: 4 i 5 czerwca2022 r. godz. 10:00-12:00<\/em><\/p>\n\n\n\n<h2 class=\"wp-block-heading\">Podstawy kultury i j\u0119zyka niemieckiego (4 godziny)<\/h2>\n\n\n\n<p>Specyfika j\u0119zyka niemieckiego, podstawowe zwroty i sformu\u0142owania, r\u00f3\u017cnice w komunikacji w poszczeg\u00f3lnych regionach kraju, zapo\u017cyczenia i ciekawostki j\u0119zykowe, kultura kraj\u00f3w niemieckoj\u0119zycznych\u00a0<br><em>Prowadz\u0105cy:\u00a0<\/em>dr hab. Magdalena Lisiecka-Czop, prof. US<br><em>Termin realizacji: 28-29 maja 2022 r. godz. 10:00-12:00<\/em><\/p>\n\n\n\n<h2 class=\"wp-block-heading\">Narz\u0119dzia i technologie wspieraj\u0105ce efektywn\u0105 nauk\u0119 (2 godziny)<\/h2>\n\n\n\n<p>Najwa\u017cniejszym elementem procesu\u00a0uczenia\u00a0si\u0119 zawsze pozostanie osobisty zapa\u0142, uwa\u017cno\u015b\u0107, sumienno\u015b\u0107, systematyczno\u015b\u0107. Nic nie zast\u0105pi w uczeniu si\u0119 samego podmiotu nabywaj\u0105cego wiedz\u0119. Ale w dobie cyfryzacji narz\u0119dzia informatyczne zacz\u0119\u0142y tak\u017ce w tym procesie odgrywa\u0107 istotn\u0105 rol\u0119. Nawet w humanistyce czy naukach spo\u0142ecznych komputer przesta\u0142 by\u0107 tylko ulepszon\u0105 \u201cmaszyn\u0105 do pisania\u201d. Celem wyk\u0142adu jest przyjrzenie si\u0119 wsp\u00f3\u0142czesnym narz\u0119dziom, kt\u00f3re wspomagaj\u0105 nauk\u0119. Dotyczy to m. in.\u00a0program\u00f3w wspomagaj\u0105ce prac\u0119 koncepcyjn\u0105,\u00a0program\u00f3w do zarz\u0105dzania bibliografi\u0105, kt\u00f3re\u00a0pozwalaj\u0105 na\u00a0tworzenie poprawnych przypis\u00f3w bibliograficznych i automatyczne generowanie bibliografii, elektronicznych notatnik\u00f3w, kt\u00f3re umo\u017cliwiaj\u0105 sprawne\u00a0i logiczne\u00a0gromadzenia r\u00f3\u017cnego typu informacji.<br><em>Prowadz\u0105cy: ks. prof. ucz. dr hab. Maciej Ba\u0142a UKSW<\/em><br><em>Termin realizacji: 14 maja 2022 r. godz. 12:00-14:00<\/em><\/p>\n\n\n\n<h2 class=\"wp-block-heading\">Styl \u017cycia a efektywno\u015b\u0107 nauki (2 godziny)<\/h2>\n\n\n\n<p>Skuteczna nauka jest kluczowa dla naszego samorozwoju oraz kariery zawodowej. Jednak mimo ch\u0119ci, czasem nasze pr\u00f3by nauczenia si\u0119 czego\u015b s\u0105 nieskuteczne lub ma\u0142o efektywne. W nat\u0142oku obowi\u0105zk\u00f3w brakuje nam czasu na przys\u0142owiowe \u201cdbanie o swoje zdrowie i samopoczucie\u201d. Aby zauwa\u017calnie polepszy\u0107 swoje osi\u0105gni\u0119cia w nauce musimy na chwile zaj\u0105c si\u0119 czym innym ni\u017c nauka a mianowicie diet\u0105 i aktywno\u015bci\u0105 fizyczn\u0105 kt\u00f3re to maj\u0105 wyra\u017any wp\u0142yw na nasze zdolno\u015bci pracy m\u00f3zgu. Aby dowiedzie\u0107 si\u0119 wi\u0119cej jak dba\u0107 o siebie by skutecznie osi\u0105ga\u0107 cele przyjd\u017a na spotkanie.<br><em>Prowadz\u0105cy: mgr Maciej Sierakowski UKSW<\/em><br><em>Termin realizacji: 21 maja 2022 r. godz. 12:00-14:00<\/em><\/p>\n\n\n\n<h2 class=\"wp-block-heading\">Cel\u00a0j\u0119zyki (nie)obce (2 godziny)<\/h2>\n\n\n\n<p>Zawsze m\u00f3wi\u0142e\u015b\/a\u015b sobie: chc\u0119 si\u0119 nauczy\u0107 j\u0119zyka obcego, ale to nie wystarczy\u0142o? Jak sformu\u0142owa\u0107 cel, aby go zrealizowa\u0107? Razem przygotujemy si\u0119 do tego, aby sprecyzowa\u0107 cel i sprawdzimy co mo\u017ce pom\u00f3c w jego realizacji!<br><em>Prowadz\u0105cy:\u00a0<\/em>mgr Monika Smogu\u0142a US<br><em>Termin realizacji: 11 czerwca 2022 r. godz. 10:00-12:00<\/em><\/p>\n\n\n\n<h2 class=\"wp-block-heading\">J\u0119zyki obce a rynek pracy (2 godziny)<\/h2>\n\n\n\n<p>Zastanawiasz si\u0119 gdzie szuka\u0107 ofert pracy albo w jaki spos\u00f3b do CV wpisa\u0107 znajomo\u015b\u0107 j\u0119zyka obcego? Jak przygotowa\u0107 si\u0119 do rozmowy kwalifikacyjnej w j\u0119zyku obcym? To spotkanie jest dla Ciebie! Podpowiemy jak przygotowa\u0107 CV i jak szuka\u0107 pracy, gdy zna si\u0119 j\u0119zyki obce.<br><em>Prowadz\u0105cy:\u00a0<\/em>mgr Iza Raulin US<br><em>Termin realizacji: 10 czerwca 2022 r. godz. 10:00-12:00<\/em><\/p>\n\n\n\n<p>Ka\u017cdy uczestnik, kt\u00f3ry uczestniczy\u0142&nbsp;\u0142\u0105cznie przynajmniej w 8 godzinach szkolenia otrzyma certyfikat potwierdzaj\u0105cy uczestnictwo.<\/p>\n\n\n\n<p>Wi\u0119cej informacji o programie mo\u017cna znale\u017a\u0107 w\u00a0<a href=\"https:\/\/cws.uksw.edu.pl\/wp-content\/uploads\/sites\/18\/2022\/11\/Regulamin-nagrod-Santander.pdf\" target=\"_blank\" data-type=\"URL\" data-id=\"https:\/\/cws.uksw.edu.pl\/wp-content\/uploads\/sites\/18\/2022\/11\/Regulamin-nagrod-Santander.pdf\" rel=\"noreferrer noopener\">Regulaminie<\/a>\u00a0<br>oraz na stronie\u00a0<a href=\"http:\/\/app.becas-santander.com\/program\/stypendium-santander-jezyki-akademicki-pakiet-wiedzy-uksw-and-us\" target=\"_blank\" rel=\"noreferrer noopener\">http:\/\/app.becas-santander.com\/program\/stypendium-santander-jezyki-akademicki-pakiet-wiedzy-uksw-and-us<\/a><\/p>\n","protected":false},"excerpt":{"rendered":"<p>\u201cAkademicki Pakiet Wiedzy\u201d to projekt maj\u0105cy na celu podniesienie wiedzy i kwalifikacji spo\u0142eczno\u015bci akademickiej w Polsce realizowany przy wsp\u00f3\u0142pracy Uniwersytetu Kardyna\u0142a Stefana Wyszy\u0144skiego w Warszawie wraz z Fundacj\u0105 Wyszy\u0144skiego i Uniwersytetu Szczeci\u0144skiego. Dla uczestnik\u00f3w projektu przygotowano cykl webinari\u00f3w realizowanych w formie on-line na platformie Zoom. Ka\u017cdy uczestnik szkolenia mo\u017ce wybra\u0107 tematyk\u0119 szkolenia, w kt\u00f3rym chce [&hellip;]<\/p>\n","protected":false},"author":1,"featured_media":0,"parent":3813,"menu_order":0,"comment_status":"closed","ping_status":"closed","template":"page-templates\/template-sub-page.php","meta":{"_acf_changed":false,"inline_featured_image":false,"footnotes":"","_links_to":"","_links_to_target":""},"class_list":["post-4070","page","type-page","status-publish","hentry"],"acf":[],"_links":{"self":[{"href":"https:\/\/cws.uksw.edu.pl\/pl\/wp-json\/wp\/v2\/pages\/4070","targetHints":{"allow":["GET"]}}],"collection":[{"href":"https:\/\/cws.uksw.edu.pl\/pl\/wp-json\/wp\/v2\/pages"}],"about":[{"href":"https:\/\/cws.uksw.edu.pl\/pl\/wp-json\/wp\/v2\/types\/page"}],"author":[{"embeddable":true,"href":"https:\/\/cws.uksw.edu.pl\/pl\/wp-json\/wp\/v2\/users\/1"}],"replies":[{"embeddable":true,"href":"https:\/\/cws.uksw.edu.pl\/pl\/wp-json\/wp\/v2\/comments?post=4070"}],"version-history":[{"count":2,"href":"https:\/\/cws.uksw.edu.pl\/pl\/wp-json\/wp\/v2\/pages\/4070\/revisions"}],"predecessor-version":[{"id":4891,"href":"https:\/\/cws.uksw.edu.pl\/pl\/wp-json\/wp\/v2\/pages\/4070\/revisions\/4891"}],"up":[{"embeddable":true,"href":"https:\/\/cws.uksw.edu.pl\/pl\/wp-json\/wp\/v2\/pages\/3813"}],"wp:attachment":[{"href":"https:\/\/cws.uksw.edu.pl\/pl\/wp-json\/wp\/v2\/media?parent=4070"}],"curies":[{"name":"wp","href":"https:\/\/api.w.org\/{rel}","templated":true}]}}