{"id":4068,"date":"2022-11-04T09:33:39","date_gmt":"2022-11-04T08:33:39","guid":{"rendered":"https:\/\/jednostki.uksw.edu.pl\/cws\/?page_id=4068"},"modified":"2023-09-01T12:04:07","modified_gmt":"2023-09-01T10:04:07","slug":"nagroda-santander-universidades","status":"publish","type":"page","link":"https:\/\/cws.uksw.edu.pl\/projekty-i-konkursy\/santander-universidades\/nagroda-santander-universidades\/","title":{"rendered":"3. Nagroda Santander Universidades 2021"},"content":{"rendered":"\n<p><strong>Nagroda Santander Universidades dla wyr\u00f3\u017cniaj\u0105cych si\u0119 student\u00f3w, doktorant\u00f3w oraz organizacji studenckich lub doktoranckich UKSW w roku akademickim 2021\/2022<\/strong><strong><\/strong><\/p>\n\n\n\n<p>Nagroda Santander Universidades jest przyznawana studentom, doktorantom oraz organizacjom studenckim i doktoranckim wyr\u00f3\u017cniaj\u0105cym si\u0119 zaanga\u017cowaniem spo\u0142ecznym oraz inicjatywami na rzecz rozwoju Uczelni.<\/p>\n\n\n\n<p>Je\u015bli posiadasz osi\u0105gni\u0119cia w obszarze rozwoju naukowego i badawczego lub wykazujesz si\u0119 znacz\u0105cym zaanga\u017cowaniem w inicjatywy na rzecz rozwoju Uczelni, zg\u0142o\u015b koniecznie swoj\u0105 kandydatur\u0119.<\/p>\n\n\n\n<p>Zg\u0142oszenie do konkursu wysy\u0142a\u0107 mo\u017cna w dnia 1 pa\u017adziernika \u2013 15 listopada 2021 r.<\/p>\n\n\n\n<p>Nagroda Santander Universidades mo\u017ce by\u0107 przyznana:<\/p>\n\n\n\n<ol class=\"wp-block-list\" type=\"1\"><li>studentowi, kt\u00f3ry spe\u0142nia \u0142\u0105cznie nast\u0119puj\u0105ce warunki:<ol><li>uko\u0144czy\u0142 co najmniej pierwszy semestr studi\u00f3w i jest studentem studi\u00f3w I lub II stopnia, b\u0105d\u017a jednolitych studi\u00f3w magisterskich, a w poprzednim roku akademickim osi\u0105gn\u0105\u0142 \u015bredni\u0105 ocen z toku studi\u00f3w nie ni\u017csz\u0105 ni\u017c 4,00.<\/li><li>wykaza\u0142 si\u0119 osi\u0105gni\u0119ciami w obszarze rozwoju naukowego i badawczego lub wykazuje si\u0119 znacz\u0105cym zaanga\u017cowaniem w inicjatywy na rzecz rozwoju Uczelni,<\/li><\/ol><\/li><li>doktorantowi, kt\u00f3ry spe\u0142nia \u0142\u0105cznie nast\u0119puj\u0105ce warunki:<ol><li>uko\u0144czy\u0142 co najmniej pierwszy semestr studi\u00f3w i jest doktorantem, a w poprzednim roku akademickim osi\u0105gn\u0105\u0142 \u015bredni\u0105 ocen z toku studi\u00f3w nie ni\u017csz\u0105 ni\u017c 4,00;<\/li><li>wykaza\u0142 si\u0119 osi\u0105gni\u0119ciami w obszarze rozwoju naukowego i badawczego lub wykazuje si\u0119 znacz\u0105cym zaanga\u017cowaniem w inicjatywy na rzecz rozwoju Uczelni;<\/li><\/ol><\/li><li>organizacji&nbsp;studenckiej lub doktoranckiej &nbsp;UKSW, kt\u00f3ra spe\u0142nia \u0142\u0105cznie nast\u0119puj\u0105ce warunki:<ol><li>aktywnie realizowa\u0142a swoje cele statutowe;&nbsp;&nbsp;<\/li><li>w terminie rozlicza\u0142a wszystkie zrealizowane przedsi\u0119wzi\u0119cia&nbsp;;<\/li><li>do dnia 31 pa\u017adziernika 2021 r. z\u0142o\u017cy\u0142a do Centrum Wsparcia Studenta&nbsp;sprawozdanie merytoryczno-finansowe z dzia\u0142alno\u015bci za miniony rok akademicki oraz plan pracy na nowy rok akademicki.<\/li><li>zrealizowa\u0142a przedsi\u0119wzi\u0119cia o charakterze naukowym, badawczym, spo\u0142ecznym lub kulturalnym;<\/li><li>przedstawi\u0142a kr\u00f3tki opis inicjatywy (do 350 znak\u00f3w ze spacjami) na jak\u0105 organizacja studencka lub doktorancka planuje wykorzysta\u0107 przyznan\u0105 nagrod\u0119 (przynajmniej przez jedn\u0105 z os\u00f3b, kt\u00f3ra dokona\u0142a rejestracji organizacji).<\/li><\/ol><\/li><\/ol>\n\n\n\n<p>Warunkiem udzia\u0142u w naborze jest prawid\u0142owe wype\u0142nienie formularza rejestracyjnego na platformie&nbsp;<a href=\"https:\/\/app.becas-santander.com\/pl\/program\/nagroda_uksw_2021\">Becas Santander (becas-santander.com)<\/a><\/p>\n\n\n\n<p>W ramach naboru przewidziano:<\/p>\n\n\n\n<ol class=\"wp-block-list\" type=\"1\"><li>Nagrody I stopnia:<ol><li>4 nagrody dla student\u00f3w w wysoko\u015bci 1500,00 z\u0142 brutto;<\/li><li>2 nagrody dla doktorant\u00f3w w wysoko\u015bci 1500,00 z\u0142 brutto;<\/li><\/ol><\/li><li>Nagrody II stopnia:<ol><li>7 nagr\u00f3d dla student\u00f3w wysoko\u015bci 1200,00 z\u0142 brutto;<\/li><li>3 nagr\u00f3d dla doktorant\u00f3w wysoko\u015bci 1200,00 z\u0142 brutto;&nbsp;<\/li><\/ol><\/li><li>Nagrody III stopnia:<ol><li>10 nagr\u00f3d dla student\u00f3w w wysoko\u015bci 1000,00 z\u0142 brutto;<\/li><li>5 nagr\u00f3d dla doktorant\u00f3w w wysoko\u015bci 1000,00 z\u0142 brutto;<\/li><\/ol><\/li><li>Nagrody IV stopnia:&nbsp;<ol><li>13 nagr\u00f3d dla student\u00f3w&nbsp;w wysoko\u015bci 700,00 z\u0142 brutto;<\/li><li>7&nbsp;nagr\u00f3d dla doktorant\u00f3w&nbsp;w wysoko\u015bci 700,00 z\u0142 brutto;<\/li><\/ol><\/li><li>Nagrody dla organizacji studenckich lub doktoranckich:<ol><li>5 nagr\u00f3d w wysoko\u015bci 2000,00 z\u0142 brutto.<\/li><\/ol><\/li><\/ol>\n\n\n\n<p>Wi\u0119cej informacj\u0119 mo\u017cna znale\u017a\u0107 w\u00a0<a href=\"https:\/\/cws.uksw.edu.pl\/wp-content\/uploads\/2021\/10\/Regulamin-Nagrody-Santander-Universidades-dla-spolecznosci-UKSW-2021-2022.pdf\" target=\"_blank\" rel=\"noreferrer noopener\">R<\/a><a href=\"https:\/\/cws.uksw.edu.pl\/wp-content\/uploads\/sites\/18\/2022\/11\/Regulamin-nagrod-Santander.pdf\" target=\"_blank\" data-type=\"URL\" data-id=\"https:\/\/cws.uksw.edu.pl\/wp-content\/uploads\/sites\/18\/2022\/11\/Regulamin-nagrod-Santander.pdf\" rel=\"noreferrer noopener\">egulaminie<\/a>\u00a0oraz na stronie\u00a0<a href=\"https:\/\/app.becas-santander.com\/pl\/program\/nagroda_uksw_2021\">Becas Santander (becas-santander.com)<\/a><\/p>\n","protected":false},"excerpt":{"rendered":"<p>Nagroda Santander Universidades dla wyr\u00f3\u017cniaj\u0105cych si\u0119 student\u00f3w, doktorant\u00f3w oraz organizacji studenckich lub doktoranckich UKSW w roku akademickim 2021\/2022 Nagroda Santander Universidades jest przyznawana studentom, doktorantom oraz organizacjom studenckim i doktoranckim wyr\u00f3\u017cniaj\u0105cym si\u0119 zaanga\u017cowaniem spo\u0142ecznym oraz inicjatywami na rzecz rozwoju Uczelni. Je\u015bli posiadasz osi\u0105gni\u0119cia w obszarze rozwoju naukowego i badawczego lub wykazujesz si\u0119 znacz\u0105cym zaanga\u017cowaniem w [&hellip;]<\/p>\n","protected":false},"author":1,"featured_media":0,"parent":3813,"menu_order":0,"comment_status":"closed","ping_status":"closed","template":"page-templates\/template-sub-page.php","meta":{"_acf_changed":false,"inline_featured_image":false,"footnotes":"","_links_to":"","_links_to_target":""},"class_list":["post-4068","page","type-page","status-publish","hentry"],"acf":[],"_links":{"self":[{"href":"https:\/\/cws.uksw.edu.pl\/pl\/wp-json\/wp\/v2\/pages\/4068","targetHints":{"allow":["GET"]}}],"collection":[{"href":"https:\/\/cws.uksw.edu.pl\/pl\/wp-json\/wp\/v2\/pages"}],"about":[{"href":"https:\/\/cws.uksw.edu.pl\/pl\/wp-json\/wp\/v2\/types\/page"}],"author":[{"embeddable":true,"href":"https:\/\/cws.uksw.edu.pl\/pl\/wp-json\/wp\/v2\/users\/1"}],"replies":[{"embeddable":true,"href":"https:\/\/cws.uksw.edu.pl\/pl\/wp-json\/wp\/v2\/comments?post=4068"}],"version-history":[{"count":4,"href":"https:\/\/cws.uksw.edu.pl\/pl\/wp-json\/wp\/v2\/pages\/4068\/revisions"}],"predecessor-version":[{"id":4897,"href":"https:\/\/cws.uksw.edu.pl\/pl\/wp-json\/wp\/v2\/pages\/4068\/revisions\/4897"}],"up":[{"embeddable":true,"href":"https:\/\/cws.uksw.edu.pl\/pl\/wp-json\/wp\/v2\/pages\/3813"}],"wp:attachment":[{"href":"https:\/\/cws.uksw.edu.pl\/pl\/wp-json\/wp\/v2\/media?parent=4068"}],"curies":[{"name":"wp","href":"https:\/\/api.w.org\/{rel}","templated":true}]}}