{"id":4065,"date":"2022-11-04T09:33:01","date_gmt":"2022-11-04T08:33:01","guid":{"rendered":"https:\/\/jednostki.uksw.edu.pl\/cws\/?page_id=4065"},"modified":"2023-09-01T12:04:14","modified_gmt":"2023-09-01T10:04:14","slug":"nagroda-santander-voucher-edukacyjny","status":"publish","type":"page","link":"https:\/\/cws.uksw.edu.pl\/projekty-i-konkursy\/santander-universidades\/nagroda-santander-voucher-edukacyjny\/","title":{"rendered":"2. Nagroda Santander 2022 \u2013 voucher edukacyjny"},"content":{"rendered":"\n<p>Centrum Wsparcia Studenta UKSW zaprasza ca\u0142\u0105 spo\u0142eczno\u015b\u0107 akademick\u0105 do wzi\u0119cia udzia\u0142u w programie Nagroda Santander | Vouchery edukacyjne dla spo\u0142eczno\u015bci UKSW, w kt\u00f3rym do wygrania jest&nbsp;<strong>360 voucher\u00f3w o warto\u015bci 250 z\u0142 ka\u017cdy&nbsp;<\/strong>do wykorzystania na ksi\u0105\u017cki, ebooki, audiobooki, przybory potrzebne do rozwoju kompetencji oraz talent\u00f3w. Vouchery mo\u017cna zrealizowa\u0107 w sieci sklep\u00f3w Empik oraz w sklepie internetowym Empik w terminie 12 miesi\u0119cy od momentu przyznania nagrody.<\/p>\n\n\n\n<p>O Nagrod\u0119 mo\u017ce stara\u0107 si\u0119 student, doktorant a tek\u017ce pracownik Uniwersytetu Kardyna\u0142a Stefana Wyszy\u0144skiego w Warszawie.<\/p>\n\n\n\n<p>Aby wzi\u0105\u0107 udzia\u0142 w konkursie wystarczy:<\/p>\n\n\n\n<ol class=\"wp-block-list\" type=\"1\">\n<li>Wej\u015b\u0107 na&nbsp;&nbsp;<a href=\"https:\/\/app.becas-santander.com\/en\/program\/vouchery_uksw_2022\">https:\/\/app.becas-santander.com\/en\/program\/vouchery_uksw_2022<\/a><\/li>\n\n\n\n<li>Za\u0142o\u017cy\u0107 konto i wype\u0142ni\u0107 formularz<\/li>\n\n\n\n<li>Odpowiedzie\u0107 na pytanie&nbsp;<strong>W jaki spos\u00f3b wykorzystasz nagrod\u0119 do rozwoju osobistego?<\/strong><\/li>\n<\/ol>\n\n\n\n<p>Nab\u00f3r wniosk\u00f3w traw do&nbsp;<strong>31 pa\u017adziernika 2022<\/strong>&nbsp;r.<\/p>\n\n\n\n<p>Szczeg\u00f3\u0142owe informacje dotycz\u0105ce zg\u0142osze\u0144 i realizacji programu znajdziesz w&nbsp;<a href=\"https:\/\/cws.uksw.edu.pl\/wp-content\/uploads\/sites\/18\/2022\/11\/Regulamin-nagrod-Santander.pdf\" target=\"_blank\" data-type=\"URL\" data-id=\"https:\/\/cws.uksw.edu.pl\/wp-content\/uploads\/sites\/18\/2022\/11\/Regulamin-nagrod-Santander.pdf\" rel=\"noreferrer noopener\">Regulaminie<\/a><\/p>\n","protected":false},"excerpt":{"rendered":"<p>Centrum Wsparcia Studenta UKSW zaprasza ca\u0142\u0105 spo\u0142eczno\u015b\u0107 akademick\u0105 do wzi\u0119cia udzia\u0142u w programie Nagroda Santander | Vouchery edukacyjne dla spo\u0142eczno\u015bci UKSW, w kt\u00f3rym do wygrania jest&nbsp;360 voucher\u00f3w o warto\u015bci 250 z\u0142 ka\u017cdy&nbsp;do wykorzystania na ksi\u0105\u017cki, ebooki, audiobooki, przybory potrzebne do rozwoju kompetencji oraz talent\u00f3w. Vouchery mo\u017cna zrealizowa\u0107 w sieci sklep\u00f3w Empik oraz w sklepie internetowym [&hellip;]<\/p>\n","protected":false},"author":1,"featured_media":0,"parent":3813,"menu_order":0,"comment_status":"closed","ping_status":"closed","template":"page-templates\/template-sub-page.php","meta":{"_acf_changed":false,"inline_featured_image":false,"footnotes":"","_links_to":"","_links_to_target":""},"class_list":["post-4065","page","type-page","status-publish","hentry"],"acf":[],"_links":{"self":[{"href":"https:\/\/cws.uksw.edu.pl\/pl\/wp-json\/wp\/v2\/pages\/4065","targetHints":{"allow":["GET"]}}],"collection":[{"href":"https:\/\/cws.uksw.edu.pl\/pl\/wp-json\/wp\/v2\/pages"}],"about":[{"href":"https:\/\/cws.uksw.edu.pl\/pl\/wp-json\/wp\/v2\/types\/page"}],"author":[{"embeddable":true,"href":"https:\/\/cws.uksw.edu.pl\/pl\/wp-json\/wp\/v2\/users\/1"}],"replies":[{"embeddable":true,"href":"https:\/\/cws.uksw.edu.pl\/pl\/wp-json\/wp\/v2\/comments?post=4065"}],"version-history":[{"count":4,"href":"https:\/\/cws.uksw.edu.pl\/pl\/wp-json\/wp\/v2\/pages\/4065\/revisions"}],"predecessor-version":[{"id":4898,"href":"https:\/\/cws.uksw.edu.pl\/pl\/wp-json\/wp\/v2\/pages\/4065\/revisions\/4898"}],"up":[{"embeddable":true,"href":"https:\/\/cws.uksw.edu.pl\/pl\/wp-json\/wp\/v2\/pages\/3813"}],"wp:attachment":[{"href":"https:\/\/cws.uksw.edu.pl\/pl\/wp-json\/wp\/v2\/media?parent=4065"}],"curies":[{"name":"wp","href":"https:\/\/api.w.org\/{rel}","templated":true}]}}