{"id":3814,"date":"2022-11-03T15:08:04","date_gmt":"2022-11-03T14:08:04","guid":{"rendered":"https:\/\/jednostki.uksw.edu.pl\/cws\/informacje-2\/ubezpieczenie-nnw\/"},"modified":"2025-10-01T11:44:17","modified_gmt":"2025-10-01T09:44:17","slug":"ubezpieczenie-nnw","status":"publish","type":"page","link":"https:\/\/cws.uksw.edu.pl\/informacje\/ubezpieczenie-nnw\/","title":{"rendered":"Ubezpieczenie NNW i karta ISIC"},"content":{"rendered":"<div class=\"wp-block-image\">\n<figure class=\"aligncenter size-full is-resized\"><img decoding=\"async\" width=\"1000\" height=\"1000\" src=\"https:\/\/cws.uksw.edu.pl\/wp-content\/uploads\/sites\/18\/2023\/09\/Three_women-Ubezpieczenie-miejsce-na-logo-1.jpg\" alt=\"\" class=\"wp-image-4920\" style=\"width:358px;height:358px\" srcset=\"https:\/\/cws.uksw.edu.pl\/wp-content\/uploads\/sites\/18\/2023\/09\/Three_women-Ubezpieczenie-miejsce-na-logo-1.jpg 1000w, https:\/\/cws.uksw.edu.pl\/wp-content\/uploads\/sites\/18\/2023\/09\/Three_women-Ubezpieczenie-miejsce-na-logo-1-300x300.jpg 300w, https:\/\/cws.uksw.edu.pl\/wp-content\/uploads\/sites\/18\/2023\/09\/Three_women-Ubezpieczenie-miejsce-na-logo-1-150x150.jpg 150w, https:\/\/cws.uksw.edu.pl\/wp-content\/uploads\/sites\/18\/2023\/09\/Three_women-Ubezpieczenie-miejsce-na-logo-1-768x768.jpg 768w\" sizes=\"(max-width: 1000px) 100vw, 1000px\" \/><\/figure><\/div>\n\n\n<p>Dla student\u00f3w UKSW zosta\u0142 przygotowany pakiet ubezpieczenia NNW, kt\u00f3ry mo\u017cna kupi\u0107 bez wychodzenia z domu ju\u017c od 1.10.2025 r.<\/p>\n\n\n\n<p>Posiadanie ubezpieczenia NNW jest konieczne w przypadku odbywania praktyk.<\/p>\n\n\n\n<p>Poprzez link <a href=\"http:\/\/get.isic.pl\/special\/uksw\">http:\/\/get.isic.pl\/special\/uksw<\/a> mo\u017cna kupi\u0107 kart\u0119 ISIC (International Student Identity Card) wraz z polis\u0105 ubezpieczeniow\u0105, kt\u00f3ra jest wa\u017cna w ca\u0142ej Europie od nast\u0119pnego dnia po dokonaniu p\u0142atno\u015bci do 30.09.2026 r.<\/p>\n\n\n\n<p>Ubezpieczycielem jest <strong>Compensa Towarzystwo Ubezpiecze\u0144 S.A. Vienna Insurance Group<\/strong><br>Sk\u0142adka wynosi <strong>65 z\u0142<\/strong> z sum\u0105 ubezpieczenia NNW do 20 000 z\u0142.<br><\/p>\n\n\n\n<p>Do podstawowej polisy NNW w Europie student\/doktorant opcjonalnie mo\u017ce wykupi\u0107:<\/p>\n\n\n\n<p>a. OC w \u017cyciu prywatnym za 10 z\u0142<\/p>\n\n\n\n<p>b. OC podczas praktyk, zaj\u0119\u0107 i sta\u017cy (w tym tak\u017ce praktyk medycznych) w cenie 5 z\u0142<\/p>\n\n\n\n<p>c. Rozszerzenie o uprawianie sport\u00f3w ekstremalnych w cenie\u00a0 22 z\u0142<\/p>\n\n\n\n<p>d. ubezpieczenie koszt\u00f3w leczenia powsta\u0142ych wskutek ekspozycji zawodowej na materia\u0142 zaka\u017any w cenie 20 PLN wariant 1<\/p>\n\n\n\n<p>e. ubezpieczenie koszt\u00f3w leczenia powsta\u0142ych wskutek ekspozycji zawodowej na materia\u0142 zaka\u017any w cenie 40 PLN wariant 2<\/p>\n\n\n\n<p>Przeczytaj tak\u017ce:<\/p>\n\n\n\n<p><a href=\"https:\/\/cws.uksw.edu.pl\/wp-content\/uploads\/sites\/18\/2025\/10\/2025-WYCIAG-WARUNKOW-NNW-ISIC-UCZELNIE-WSZYSTKIE-2025.pdf\" data-type=\"URL\" data-id=\"https:\/\/cws.uksw.edu.pl\/wp-content\/uploads\/sites\/18\/2023\/09\/OWU-NNW.pdf\" target=\"_blank\" rel=\"noreferrer noopener\">Og\u00f3lne Warunki Ubezpieczenia<\/a><\/p>\n\n\n\n<p><a href=\"https:\/\/cws.uksw.edu.pl\/wp-content\/uploads\/sites\/18\/2025\/10\/2025-Klauzula-KL-ekspozycja-NNW-ISIC-UCZELNIE-2025.pdf\">Klauzula &#8211; ubezpieczenie koszt\u00f3w leczenia powsta\u0142ych wskutek ekspozycji zawodowej na materia\u0142 zaka\u017any<\/a><\/p>\n\n\n\n<p><strong>Karta ISIC<\/strong> <br>to jedyny dokument potwierdzaj\u0105cy status studenta na ca\u0142ym \u015bwiecie. Przys\u0142uguje Studentom uczelni pa\u0144stwowych i prywatnych wszystkich rodzaj\u00f3w studi\u00f3w (dziennych, wieczorowych, zaocznych, licencjackich, magisterskich i doktoranckich) bez ograniczenia wieku i upowa\u017cnia do korzystania z wielu studenckich zni\u017cek.<\/p>\n\n\n\n<p><strong>Co mo\u017cna zyska\u0107 dzi\u0119ki karcie ISIC?<\/strong><br>Ponad 250 punkt\u00f3w w Polsce honoruje kart\u0119 ISIC, udzielaj\u0105c jej posiadaczom rabat\u00f3w do 50%. Karta pozwala na oszcz\u0119dno\u015bci w \u015brodkach transportu, hotelu, w restauracjach, pubach, o\u015brodkach kultury, a tak\u017ce sklepach i punktach us\u0142ugowych. Poza granicami Polski, w wielu krajach posiadacze karty ISIC otrzymuj\u0105 zni\u017cki na towary lub us\u0142ugi, kt\u00f3re nie zosta\u0142y obj\u0119te oficjaln\u0105 umow\u0105. Bywa ona traktowana jak na r\u00f3wni z legitymacj\u0105 studenck\u0105.&nbsp;ISIC to tak\u017ce ubezpieczenie nast\u0119pstw nieszcz\u0119\u015bliwych wypadk\u00f3w w Polsce i zagranic\u0105 oraz koszt\u00f3w leczenia w czasie ka\u017cdej podr\u00f3\u017cy zagranicznej.&nbsp;<\/p>\n\n\n\n<p>W razie nieszcz\u0119\u015bliwego wypadku powsta\u0142ego na\u00a0terenie Europy nale\u017cy dokona\u0107 zg\u0142oszenia szkody mailowo, telefonicznie lub przez stron\u0119 w:<br><em>Compensa TU S.A.:<br>+48 22 469 69 69<\/em><br><a href=\"mailto:kontakt@wiener.pl\">kontakt@wiener.pl<\/a><br><a href=\"https:\/\/zgloszenie.wiener.pl\/osobowe\/policyInfo\">https:\/\/zgloszenie.wiener.pl\/osobowe\/policyInfo<\/a><\/p>\n\n\n\n<p><\/p>\n\n\n\n<p><strong>Ubezpieczenie NNW nie jest ubezpieczeniem zdrowotnym.<\/strong> <\/p>\n\n\n\n<p>O ubezpieczenie zdrowotne zapytaj w\u00a0<a href=\"http:\/\/www.dpm.uksw.edu.pl\/\" target=\"_blank\" rel=\"noreferrer noopener\">Biurze Pomocy Materialnej dla Student\u00f3w<\/a>.<\/p>\n\n\n\n<p><\/p>\n","protected":false},"excerpt":{"rendered":"<p>Dla student\u00f3w UKSW zosta\u0142 przygotowany pakiet ubezpieczenia NNW, kt\u00f3ry mo\u017cna kupi\u0107 bez wychodzenia z domu ju\u017c od 1.10.2025 r. Posiadanie ubezpieczenia NNW jest konieczne w przypadku odbywania praktyk. Poprzez link http:\/\/get.isic.pl\/special\/uksw mo\u017cna kupi\u0107 kart\u0119 ISIC (International Student Identity Card) wraz z polis\u0105 ubezpieczeniow\u0105, kt\u00f3ra jest wa\u017cna w ca\u0142ej Europie od nast\u0119pnego dnia po dokonaniu p\u0142atno\u015bci [&hellip;]<\/p>\n","protected":false},"author":1,"featured_media":0,"parent":3361,"menu_order":11,"comment_status":"closed","ping_status":"closed","template":"page-templates\/template-sub-page.php","meta":{"_acf_changed":false,"inline_featured_image":false,"footnotes":"","_links_to":"","_links_to_target":""},"class_list":["post-3814","page","type-page","status-publish","hentry"],"acf":[],"_links":{"self":[{"href":"https:\/\/cws.uksw.edu.pl\/pl\/wp-json\/wp\/v2\/pages\/3814","targetHints":{"allow":["GET"]}}],"collection":[{"href":"https:\/\/cws.uksw.edu.pl\/pl\/wp-json\/wp\/v2\/pages"}],"about":[{"href":"https:\/\/cws.uksw.edu.pl\/pl\/wp-json\/wp\/v2\/types\/page"}],"author":[{"embeddable":true,"href":"https:\/\/cws.uksw.edu.pl\/pl\/wp-json\/wp\/v2\/users\/1"}],"replies":[{"embeddable":true,"href":"https:\/\/cws.uksw.edu.pl\/pl\/wp-json\/wp\/v2\/comments?post=3814"}],"version-history":[{"count":12,"href":"https:\/\/cws.uksw.edu.pl\/pl\/wp-json\/wp\/v2\/pages\/3814\/revisions"}],"predecessor-version":[{"id":5891,"href":"https:\/\/cws.uksw.edu.pl\/pl\/wp-json\/wp\/v2\/pages\/3814\/revisions\/5891"}],"up":[{"embeddable":true,"href":"https:\/\/cws.uksw.edu.pl\/pl\/wp-json\/wp\/v2\/pages\/3361"}],"wp:attachment":[{"href":"https:\/\/cws.uksw.edu.pl\/pl\/wp-json\/wp\/v2\/media?parent=3814"}],"curies":[{"name":"wp","href":"https:\/\/api.w.org\/{rel}","templated":true}]}}