{"id":3813,"date":"2022-11-03T15:08:04","date_gmt":"2022-11-03T14:08:04","guid":{"rendered":"https:\/\/jednostki.uksw.edu.pl\/cws\/projekty-i-konkursy\/santander-universidades\/"},"modified":"2024-09-10T14:24:31","modified_gmt":"2024-09-10T12:24:31","slug":"santander-universidades","status":"publish","type":"page","link":"https:\/\/cws.uksw.edu.pl\/projekty-i-konkursy\/santander-universidades\/","title":{"rendered":"Santander Universidades"},"content":{"rendered":"\n<p>Obecnie trwaj\u0105 nabory na:<\/p>\n\n\n\n<ul class=\"wp-block-list\">\n<li><strong>Szkolenie Santander &#8211; English Online 2024 &#8211; British Council &#8211; 2nd Call<\/strong><\/li>\n<\/ul>\n\n\n\n<p>Chcesz polepszy\u0107 sw\u00f3j angielski i wykorzysta\u0107 zdobyt\u0105 wiedz\u0119 w karierze zawodowej i prywatnie? Grupa Santander i British Council oferuj\u0105 8 000 miejsc, aby\u015b mog\u0142a\/m\u00f3g\u0142 to zrobi\u0107 z domu i we w\u0142asnym tempie, a\u017c przez 8 tygodni. Opr\u00f3cz tego, je\u015bli znajdziesz si\u0119 w gronie 2000 najlepszych uczestnik\u00f3w, otrzymasz dodatkowe 20 tygodni szkolenia. Po realizacji kursu uczestnicy b\u0119d\u0105 mogli pobra\u0107 certyfikat uko\u0144czenia.<\/p>\n\n\n\n<p>Aplikuj do 21 sierpnia!<\/p>\n\n\n\n<p>Link do naboru &#8211; <a href=\"https:\/\/app.santanderopenacademy.com\/pl\/program\/english-online-2024-british-council-2nd-call\">https:\/\/app.santanderopenacademy.com\/pl\/program\/english-online-2024-british-council-2nd-call<\/a><\/p>\n\n\n\n<ul class=\"wp-block-list\">\n<li><strong>Szkolenia Santander &#8211; Efektywna komunikacja<\/strong><\/li>\n<\/ul>\n\n\n\n<p>Nieograniczona liczba miejsc na szkolenie trwaj\u0105ce 8 godzin z zakresu komunikacji. Dzi\u0119ki temu kursowi nauczysz si\u0119 technik opanowania tremy, jak zbudowa\u0107 struktur\u0119 wypowiedzi i jak skutecznie poprowadzi\u0107 wyst\u0105pienie w sytuacji zawodowej lub osobistej. Po uko\u0144czeniu szkolenia otrzymasz certyfikat uko\u0144czenia.<\/p>\n\n\n\n<p>Aplikuj do 31 grudnia!<\/p>\n\n\n\n<p>Link do naboru &#8211; <a href=\"https:\/\/www.santanderopenacademy.com\/pl\/courses\/effective-communication.html\">https:\/\/www.santanderopenacademy.com\/pl\/courses\/effective-communication.html<\/a><\/p>\n\n\n\n<ul class=\"wp-block-list\">\n<li><strong>Szkolenia Santander &#8211; Google: Sztuczna inteligencja (AI) i efektywno\u015b\u0107<\/strong><\/li>\n<\/ul>\n\n\n\n<p>Nieograniczona liczba miejsc na szkolenie trwaj\u0105ce 2 godziny. Podczas kursu odkryjesz, jak mo\u017cesz poprawi\u0107 swoj\u0105 produktywno\u015b\u0107, korzystaj\u0105c z narz\u0119dzi sztucznej inteligencji. Poznasz podstawy AI i jej zastosowanie w narz\u0119dziach takich jak Gemini. Pozwol\u0105 Ci one automatyzowa\u0107 zadania, generowa\u0107 pomys\u0142y i efektywniej rozwi\u0105zywa\u0107 problemy. Dzi\u0119ki praktycznym przyk\u0142adom zdob\u0119dziesz umiej\u0119tno\u015bci niezb\u0119dne do maksymalnego wykorzystania potencja\u0142u AI w pracy i poza ni\u0105. Po uko\u0144czeniu kursu otrzymasz certyfikat uko\u0144czenia.<\/p>\n\n\n\n<p>Aplikuj do 31 grudnia!<\/p>\n\n\n\n<p>Link do naboru &#8211; <a href=\"https:\/\/www.santanderopenacademy.com\/pl\/courses\/google-artificial-intelligence-and-productivity.html\">https:\/\/www.santanderopenacademy.com\/pl\/courses\/google-artificial-intelligence-and-productivity.html<\/a><\/p>\n\n\n\n<ul class=\"wp-block-list\">\n<li><strong>Szkolenia Santander &#8211; Podstawy Scruma &#8211; zwinne zarz\u0105dzanie projektami<\/strong><\/li>\n<\/ul>\n\n\n\n<p>Nieograniczona liczba miejsc na szkolenie trwaj\u0105ce 8 godzin. Dzi\u0119ki temu kursowi nauczysz si\u0119 podstaw zarz\u0105dzania projektami za pomoc\u0105 metodologii Agile, takich jak Scrum &#8211; opartych na zarz\u0105dzaniu zespo\u0142em i bardzo skoncentrowanych na celach. Po uko\u0144czeniu szkolenia otrzymasz certyfikat uko\u0144czenia.<\/p>\n\n\n\n<p>Aplikuj do 31 grudnia!<\/p>\n\n\n\n<p>Link do naboru &#8211; <a href=\"https:\/\/www.santanderopenacademy.com\/pl\/courses\/project-management-agile-fundamentals.html\">https:\/\/www.santanderopenacademy.com\/pl\/courses\/project-management-agile-fundamentals.html<\/a><\/p>\n\n\n\n<ul class=\"wp-block-list\">\n<li><strong>Szkolenia Santandera &#8211; My\u015blenie strategiczne i strategiczny spos\u00f3b my\u015blenia<\/strong><\/li>\n<\/ul>\n\n\n\n<p>Nieograniczona liczba miejsc na kurs trwaj\u0105cy 8 godzin. Podczas szkolenia poznasz kluczowe umiej\u0119tno\u015bci strategiczne niezb\u0119dne do poruszania si\u0119 w dzisiejszym \u015bwiecie biznesu. K\u0142adzie nacisk na analiz\u0119, podejmowanie decyzji i skuteczn\u0105 komunikacj\u0119 w celu osi\u0105gni\u0119cia sukcesu.<\/p>\n\n\n\n<p>Aplikuj do 31 grudnia!<\/p>\n\n\n\n<p>Link do szkolenia &#8211; https:\/\/www.santanderopenacademy.com\/pl\/courses\/strategic-thinking-strategic-mindset.html<\/p>\n\n\n\n<ul class=\"wp-block-list\">\n<li><strong>Szkolenie Santandera &#8211; Espa\u00f1ol Online<\/strong><\/li>\n<\/ul>\n\n\n\n<p>1000 miejsc na szkolenie trwaj\u0105ce 6 miesi\u0119cy. Rozpocznij nauk\u0119 j\u0119zyka hiszpa\u0144skiego dzi\u0119ki wci\u0105gaj\u0105cej i interaktywnej metodologii, z ka\u017cdego miejsca i we w\u0142asnym tempie. Szlifuj wymow\u0119 i umiej\u0119tno\u015bci od pierwszego dnia kursu.<\/p>\n\n\n\n<p>Aplikuj do 25 wrze\u015bnia!<\/p>\n\n\n\n<p>Link do szkolenia &#8211; https:\/\/app.santanderopenacademy.com\/pl\/program\/espanol-online<\/p>\n\n\n\r\n<div class=\"\">\r\n\r\n<div class=\"page_heading\"> <img decoding=\"async\" src=\"https:\/\/cws.uksw.edu.pl\/wp-content\/themes\/uksw\/images\/note-2_white.svg\" alt=\"\"> Wybierz interesuj\u0105cy Ci\u0119 dzia\u0142:<\/div>\r\n<div class=\"candidate_box_sec\">\r\n<div class=\"row\">\r\n\r\n    \r\n                                \r\n                            <div class=\"col-xl-6 col-lg-6 col-md-12 col-sm-12 project\">\r\n                                <a href=\"https:\/\/cws.uksw.edu.pl\/?post_type=page&#038;p=4884\" class=\"project_box\">\r\n                                    <div class=\"candidate_box project_box\">\r\n                                        <div class=\"candidate_box_title\">1.<\/div>\r\n                                                                                <div class=\"candidate_box_sub_title\">Nagroda Santander 2023 \u2013 voucher edukacyjny<\/div>\r\n                                                                                <img decoding=\"async\" src=\"https:\/\/cws.uksw.edu.pl\/wp-content\/themes\/uksw\/images\/arrow_more1.svg\" alt=\"\">  \r\n                                    <\/div>\r\n                                <\/a>\r\n                            <\/div>\r\n                      \r\n                        \r\n                            \r\n                                \r\n                            <div class=\"col-xl-6 col-lg-6 col-md-12 col-sm-12 project\">\r\n                                <a href=\"https:\/\/cws.uksw.edu.pl\/?post_type=page&#038;p=4065\" class=\"project_box\">\r\n                                    <div class=\"candidate_box project_box\">\r\n                                        <div class=\"candidate_box_title\">2.<\/div>\r\n                                                                                <div class=\"candidate_box_sub_title\">Nagroda Santander 2022 \u2013 voucher edukacyjny<\/div>\r\n                                                                                <img decoding=\"async\" src=\"https:\/\/cws.uksw.edu.pl\/wp-content\/themes\/uksw\/images\/arrow_more1.svg\" alt=\"\">  \r\n                                    <\/div>\r\n                                <\/a>\r\n                            <\/div>\r\n                      \r\n                        \r\n                            \r\n                                \r\n                            <div class=\"col-xl-6 col-lg-6 col-md-12 col-sm-12 project\">\r\n                                <a href=\"https:\/\/cws.uksw.edu.pl\/?post_type=page&#038;p=4068\" class=\"project_box\">\r\n                                    <div class=\"candidate_box project_box\">\r\n                                        <div class=\"candidate_box_title\">3.<\/div>\r\n                                                                                <div class=\"candidate_box_sub_title\">Nagroda Santander Universidades 2021<\/div>\r\n                                                                                <img decoding=\"async\" src=\"https:\/\/cws.uksw.edu.pl\/wp-content\/themes\/uksw\/images\/arrow_more1.svg\" alt=\"\">  \r\n                                    <\/div>\r\n                                <\/a>\r\n                            <\/div>\r\n                      \r\n                        \r\n                            \r\n                                \r\n                            <div class=\"col-xl-6 col-lg-6 col-md-12 col-sm-12 project\">\r\n                                <a href=\"https:\/\/cws.uksw.edu.pl\/?post_type=page&#038;p=4070\" class=\"project_box\">\r\n                                    <div class=\"candidate_box project_box\">\r\n                                        <div class=\"candidate_box_title\">4.<\/div>\r\n                                                                                <div class=\"candidate_box_sub_title\">Akademicki Pakiet Wiedzy 2022<\/div>\r\n                                                                                <img decoding=\"async\" src=\"https:\/\/cws.uksw.edu.pl\/wp-content\/themes\/uksw\/images\/arrow_more1.svg\" alt=\"\">  \r\n                                    <\/div>\r\n                                <\/a>\r\n                            <\/div>\r\n                      \r\n                        \r\n                            \r\n                                \r\n                            <div class=\"col-xl-6 col-lg-6 col-md-12 col-sm-12 project\">\r\n                                <a href=\"https:\/\/cws.uksw.edu.pl\/?post_type=page&#038;p=4072\" class=\"project_box\">\r\n                                    <div class=\"candidate_box project_box\">\r\n                                        <div class=\"candidate_box_title\">5.<\/div>\r\n                                                                                <div class=\"candidate_box_sub_title\">Akademicki Pakiet Wiedzy 2021<\/div>\r\n                                                                                <img decoding=\"async\" src=\"https:\/\/cws.uksw.edu.pl\/wp-content\/themes\/uksw\/images\/arrow_more1.svg\" alt=\"\">  \r\n                                    <\/div>\r\n                                <\/a>\r\n                            <\/div>\r\n                      \r\n                        \r\n                            <\/div>\r\n<\/div>\r\n\r\n<\/div>","protected":false},"excerpt":{"rendered":"<p>Obecnie trwaj\u0105 nabory na: Chcesz polepszy\u0107 sw\u00f3j angielski i wykorzysta\u0107 zdobyt\u0105 wiedz\u0119 w karierze zawodowej i prywatnie? Grupa Santander i British Council oferuj\u0105 8 000 miejsc, aby\u015b mog\u0142a\/m\u00f3g\u0142 to zrobi\u0107 z domu i we w\u0142asnym tempie, a\u017c przez 8 tygodni. Opr\u00f3cz tego, je\u015bli znajdziesz si\u0119 w gronie 2000 najlepszych uczestnik\u00f3w, otrzymasz dodatkowe 20 tygodni szkolenia. [&hellip;]<\/p>\n","protected":false},"author":1,"featured_media":0,"parent":3359,"menu_order":10,"comment_status":"closed","ping_status":"closed","template":"page-templates\/template-sub-page.php","meta":{"_acf_changed":false,"inline_featured_image":false,"footnotes":"","_links_to":"","_links_to_target":""},"class_list":["post-3813","page","type-page","status-publish","hentry"],"acf":[],"_links":{"self":[{"href":"https:\/\/cws.uksw.edu.pl\/pl\/wp-json\/wp\/v2\/pages\/3813","targetHints":{"allow":["GET"]}}],"collection":[{"href":"https:\/\/cws.uksw.edu.pl\/pl\/wp-json\/wp\/v2\/pages"}],"about":[{"href":"https:\/\/cws.uksw.edu.pl\/pl\/wp-json\/wp\/v2\/types\/page"}],"author":[{"embeddable":true,"href":"https:\/\/cws.uksw.edu.pl\/pl\/wp-json\/wp\/v2\/users\/1"}],"replies":[{"embeddable":true,"href":"https:\/\/cws.uksw.edu.pl\/pl\/wp-json\/wp\/v2\/comments?post=3813"}],"version-history":[{"count":6,"href":"https:\/\/cws.uksw.edu.pl\/pl\/wp-json\/wp\/v2\/pages\/3813\/revisions"}],"predecessor-version":[{"id":5348,"href":"https:\/\/cws.uksw.edu.pl\/pl\/wp-json\/wp\/v2\/pages\/3813\/revisions\/5348"}],"up":[{"embeddable":true,"href":"https:\/\/cws.uksw.edu.pl\/pl\/wp-json\/wp\/v2\/pages\/3359"}],"wp:attachment":[{"href":"https:\/\/cws.uksw.edu.pl\/pl\/wp-json\/wp\/v2\/media?parent=3813"}],"curies":[{"name":"wp","href":"https:\/\/api.w.org\/{rel}","templated":true}]}}