{"id":3812,"date":"2022-11-03T15:08:04","date_gmt":"2022-11-03T14:08:04","guid":{"rendered":"https:\/\/jednostki.uksw.edu.pl\/cws\/projekty-i-konkursy\/legia-akademicka\/"},"modified":"2025-01-10T08:36:06","modified_gmt":"2025-01-10T07:36:06","slug":"legia-akademicka","status":"publish","type":"page","link":"https:\/\/cws.uksw.edu.pl\/projekty-i-konkursy\/legia-akademicka\/","title":{"rendered":"Legia Akademicka"},"content":{"rendered":"\n<p>Legia Akademicka stwarza niepowtarzaln\u0105 mo\u017cliwo\u015b\u0107 przej\u015bcia przeszkolenia wojskowego i uzyskania stopnia podoficerskiego a tak\u017ce mo\u017cliwo\u015b\u0107 uzyskania stopnia oficerskiego WP. Projekt dedykowany jest studentom obojga p\u0142ci, kt\u00f3rzy studiuj\u0105 na UKSW oraz na innych uczelniach. Do programu mo\u017ce przyst\u0105pi\u0107 student (studi\u00f3w pierwszego stopnia, studi\u00f3w drugiego stopnia lub jednolitych studi\u00f3w magisterskich) uczelni publicznej i niepublicznej dowolnego roku studi\u00f3w, kt\u00f3ry posiada obywatelstwo polskie.<\/p>\n\n\n\n<p>Program realizowany jest &nbsp;przy wsp\u00f3\u0142pracy Ministerstwa Edukacji i Nauki i Ministerstwa Obrony Narodowej. Zaj\u0119cia teoretyczne na Uczelniach s\u0105 finansowane ze \u015brodk\u00f3w Ministerstwa Edukacji i Nauki.<\/p>\n\n\n\n<p>Program na UKSW jest realizowany od 2017 roku. <\/p>\n\n\n\n<p>Ochotnicze szkolenie wojskowe student\u00f3w \u201eSzko\u0142a Legii Akademickiej\u201drealizuje si\u0119 w 3 modu\u0142ach:<\/p>\n\n\n\n<p><strong>Modu\u0142 podstawowy <\/strong>poprzez:<\/p>\n\n\n\n<ul class=\"wp-block-list\">\n<li>Dobrowoln\u0105 Zasadnicz\u0105 S\u0142u\u017cb\u0119 Wojskow\u0105 (zg\u0142oszenia do WCR)<\/li>\n\n\n\n<li>Przeszkolenie w ramach Wojsk Obrony Terytorialnych ( zg\u0142oszenie do WCR)<\/li>\n<\/ul>\n\n\n\n<p><strong>Modu\u0142 podoficerski<\/strong><\/p>\n\n\n\n<ul class=\"wp-block-list\">\n<li>Etap teoretyczny realizowany na Uniwersytecie Kardyna\u0142a Stefana Wyszy\u0144skiego w Warszawie w formie stacjonarnych\u00a0 zaj\u0119\u0107\u00a0 w weekend lub zaj\u0119\u0107 w ci\u0105gu tygodnia w godzinach popo\u0142udniowych ( zg\u0142oszenie na UKSW)<\/li>\n\n\n\n<li>Etap praktyczny realizowany w centrach szkolenia wojskowego lub dedykowanych jednostkach wojskowych ( zg\u0142oszenie do WCR lub UKSW)<\/li>\n<\/ul>\n\n\n\n<p><strong>Modu\u0142 oficerski<\/strong><\/p>\n\n\n\n<ul class=\"wp-block-list\">\n<li>Etap teoretyczny realizowany na Wojskowych Uczelniach<\/li>\n<\/ul>\n\n\n\n<ul class=\"wp-block-list\">\n<li>Etap praktyczny realizowany w centrach szkolenia wojskowego lub dedykowanych jednostkach wojskowych<\/li>\n<\/ul>\n\n\n\n<p>Uwaga! Szkolenie mo\u017cesz przerwa\u0107 w dowolnym momencie, niezale\u017cnie od modu\u0142u. Zwolnienie ze szkolenia nast\u0119puje niezw\u0142ocznie, nie p\u00f3\u017aniej ni\u017c w terminie 3 dni roboczych od dnia wp\u0142ywu wniosku.<\/p>\n\n\n\n<p><\/p>\n\n\n\n<p>Etap 1 &#8211; podstawowy Dobrowolna Zasadnicza S\u0142u\u017cba Wojskowa<\/p>\n\n\n\n<p>Jest to szkolenie trwaj\u0105ce 28 dni, w systemie koszarowym, podczas kt\u00f3rego ochotnicy zapoznaj\u0105 si\u0119 z musztr\u0105, regulaminami wojskowymi oraz obs\u0142ug\u0105 wyposa\u017cenia osobistego i z\u0142o\u017c\u0105 przysi\u0119g\u0119 wojskow\u0105, staj\u0105c si\u0119 \u017co\u0142nierzami w stopniu szeregowego. Ochotnik podczas tego etapu otrzyma pensj\u0119 w wysoko\u015bci najni\u017cszego uposa\u017cenia \u017co\u0142nierza zawodowego.<\/p>\n\n\n\n<p>Zainteresowany sk\u0142ada wniosek do Szefa Wojskowego Centrum Rekrutacji. Powo\u0142anie na szkolenie podstawowe nast\u0119puje przez dostarczenie ochotnikowi karty powo\u0142ania wydawanej przez Szefa WCR po przej\u015bciu ca\u0142ej procedury &#8211; bada\u0144 lekarskich i psychologicznych<\/p>\n\n\n\n<p>Etap 2 \u2013 podoficerski (realizowany w cz\u0119\u015bci teoretycznej przez UKSW w Warszawie)<\/p>\n\n\n\n<p>Szkolenie teoretyczne i praktyczne Student, kt\u00f3ry uko\u0144czy\u0142 szkolenie podstawowe i zosta\u0142 szeregowym rezerwy (lub jest szeregowym), b\u0119dzie m\u00f3g\u0142 realizowa\u0107 kszta\u0142cenie w module podoficerskim w Szkole Legii Akademickiej \u2013 to szkolenie teoretyczne (15h) oraz szkolenie praktyczne trwaj\u0105ce 21 dni realizowane w ramach \u0107wicze\u0144 wojskowych w centrach szkolenia, o\u015brodkach szkolenia lub w jednostkach wojskowych.<\/p>\n\n\n\n<p>Po jego uko\u0144czeniu i zdaniu egzaminu na podoficera \u017co\u0142nierz zostanie mianowany do stopnia kaprala. Szkolenie teoretyczne w module podoficerskim ochotnik odbywa na wniosek z\u0142o\u017cony do koordynatora Legii Akademickiej (Pana Jacka Ko\u0142oty)<\/p>\n\n\n\n<p>Po pozytywnym zdaniu egzaminu ochotnik przedstawia za\u015bwiadczenie o uko\u0144czeniu szkolenia teoretycznego przekazuje do WCR. Student sk\u0142ada wniosek o przeszkolenie praktyczne we wniosku podaje si\u0119 termin odbywania szkolenia praktycznego.<\/p>\n\n\n\n<p>Egzamin na podoficera przeprowadza komendant szko\u0142y podoficerskiej po zako\u0144czeniu szkolenia praktycznego.<\/p>\n\n\n\n<p>Etap 3 \u2013 oficerski (uczelnie wojskowe WAT, AszWoj,)<\/p>\n\n\n\n<p>Szkolenie teoretyczne i praktyczne Kszta\u0142cenie w module oficerskim jest realizowane w ramach \u0107wicze\u0144 wojskowych w uczelni wojskowej i trwa \u0142\u0105cznie nie mniej ni\u017c 62 dni.<\/p>\n\n\n\n<p>Po jego uko\u0144czeniu i zdaniu egzaminu na oficera zostanie mianowany do stopnia podporucznika. Zg\u0142oszenia do 31.01.2025 r.<\/p>\n\n\n\n<p>W przypadku wskazania we wniosku o przyst\u0105pienie do kszta\u0142cenia w ramach modu\u0142u podoficerskiego wniosek ten sk\u0142ada si\u0119 za po\u015brednictwem Uczelni, w kt\u00f3rej b\u0119dzie realizowane szkolenie &#8211; poczt\u0105 lub osobi\u015bcie w swoim WCR)<\/p>\n\n\n\n<p><strong>Wniosek sk\u0142ada si\u0119 w terminach:<\/strong><\/p>\n\n\n\n<ul class=\"wp-block-list\">\n<li>w przypadku modu\u0142u podoficerskiego \u2013 do dnia 25 stycznia do\u00a0Centrum Wsparcia Studenta przy ul. Dewajtis 5 pok\u00f3j 501 ( \u015broda i czwartek godz. 11:00-16:00) lub przy ul. W\u00f3ycickiego 1\/3, bud. 23 pok\u00f3j 004 (poniedzia\u0142ek \u2013 pi\u0105tek godz. 10:00-15:00). Mo\u017cna te\u017c przes\u0142a\u0107 skan wniosku na mail adres: j.kolota@uksw.edu.pl, a orygina\u0142 donie\u015b\u0107 na zaj\u0119ciach.<\/li>\n<\/ul>\n\n\n\n<ul class=\"wp-block-list\">\n<li>w przypadku modu\u0142u oficerskiego \u2013 do dnia 31 stycznia 2025 wniosek nale\u017cy z\u0142o\u017cy\u0107 do szef\u00f3w Wojskowych Centr\u00f3w Rekrutacji (WCR).<\/li>\n<\/ul>\n\n\n\n<p><\/p>\n\n\n\n<p>Je\u015bli student nie posiada przeszkolenia wojskowego, zako\u0144czonego przysi\u0119g\u0105 wojskow\u0105 \u2013\u00a0 swoje szkolenie rozpoczyna\u00a0 od Dobrowolnej Zasadniczej S\u0142u\u017cby Wojskowej \u2013 DZSW do 28 dni. W tym celu nale\u017cy\u00a0 wybra\u0107 si\u0119 do Wojskowego Centrum Rekrutacji- WCR (dawne WKU) i tam z\u0142o\u017cy\u0107 wniosek o powo\u0142anie na DZSW.  Dopiero po odbyciu szkolenia zako\u0144czonego przysi\u0119g\u0105 wojskow\u0105 mo\u017cesz z\u0142o\u017cy\u0107 wniosek na modu\u0142 podoficerski Legii Akademickiej.<\/p>\n\n\n\n<p>Jakie dokumenty s\u0105 wymagane , aby zg\u0142osi\u0107 si\u0119 do DZSW?<\/p>\n\n\n\n<p>By stara\u0107 si\u0119 o przyj\u0119cie do s\u0142u\u017cby kandydat musi do wniosku do\u0142\u0105czy\u0107:<\/p>\n\n\n\n<p>\u2013 kopi\u0119 dokumentu to\u017csamo\u015bci;<\/p>\n\n\n\n<p>\u2013 kopi\u0119 dokumentu potwierdzaj\u0105cego posiadane wykszta\u0142cenie;<\/p>\n\n\n\n<p>\u2013 kopie innych dokument\u00f3w, w szczeg\u00f3lno\u015bci: certyfikaty j\u0119zykowe, \u015bwiadectwa uko\u0144czenia szk\u00f3\u0142, kurs\u00f3w lub uzyskania specjalizacji zawodowych, za\u015bwiadczenia o prawie wykonywania zawodu, a tak\u017ce posiadane uprawnienia do kierowania pojazdami.<\/p>\n\n\n\n<p>Kszta\u0142cenie w module podoficerskim obejmuje:<\/p>\n\n\n\n<p>\u2013 szkolenie teoretyczne w Szkole Legii Akademickiej (czyli szkolenie realizowane przez Uczelni\u0119 15 godzin, w tym egzamin ) \u2013 zako\u0144czone egzaminem teoretycznym,<\/p>\n\n\n\n<p>\u2013 e-learning,<\/p>\n\n\n\n<p>\u2013 szkolenie praktyczne trwaj\u0105ce 21 dni \u2013 realizowane w ramach \u0107wicze\u0144 wojskowych w przerwie wakacyjnej, zako\u0144czone egzaminem podoficerskim oraz mianowaniem na stopie\u0144 kaprala rezerwy.<\/p>\n\n\n\r\n<div class=\"\">\r\n\r\n<div class=\"page_heading\"> <img decoding=\"async\" src=\"https:\/\/cws.uksw.edu.pl\/wp-content\/themes\/uksw\/images\/note-2_white.svg\" alt=\"\"> Czytaj wi\u0119cej o edycjach:<\/div>\r\n<div class=\"candidate_box_sec\">\r\n<div class=\"row\">\r\n\r\n    \r\n                                \r\n                            <div class=\"col-xl-6 col-lg-6 col-md-12 col-sm-12 project\">\r\n                                <a href=\"https:\/\/cws.uksw.edu.pl\/?post_type=page&#038;p=4079\" class=\"project_box\">\r\n                                    <div class=\"candidate_box project_box\">\r\n                                        <div class=\"candidate_box_title\">Edycja<\/div>\r\n                                                                                <div class=\"candidate_box_sub_title\">V \u2013 2021\/2022<\/div>\r\n                                                                                <img decoding=\"async\" src=\"https:\/\/cws.uksw.edu.pl\/wp-content\/themes\/uksw\/images\/arrow_more1.svg\" alt=\"\">  \r\n                                    <\/div>\r\n                                <\/a>\r\n                            <\/div>\r\n                      \r\n                        \r\n                            \r\n                                \r\n                            <div class=\"col-xl-6 col-lg-6 col-md-12 col-sm-12 project\">\r\n                                <a href=\"https:\/\/cws.uksw.edu.pl\/?post_type=page&#038;p=4088\" class=\"project_box\">\r\n                                    <div class=\"candidate_box project_box\">\r\n                                        <div class=\"candidate_box_title\">Edycja<\/div>\r\n                                                                                <div class=\"candidate_box_sub_title\">IV \u2013 2020\/2021<\/div>\r\n                                                                                <img decoding=\"async\" src=\"https:\/\/cws.uksw.edu.pl\/wp-content\/themes\/uksw\/images\/arrow_more1.svg\" alt=\"\">  \r\n                                    <\/div>\r\n                                <\/a>\r\n                            <\/div>\r\n                      \r\n                        \r\n                            \r\n                                \r\n                            <div class=\"col-xl-6 col-lg-6 col-md-12 col-sm-12 project\">\r\n                                <a href=\"https:\/\/cws.uksw.edu.pl\/?post_type=page&#038;p=4635\" class=\"project_box\">\r\n                                    <div class=\"candidate_box project_box\">\r\n                                        <div class=\"candidate_box_title\">Edycja<\/div>\r\n                                                                                <div class=\"candidate_box_sub_title\">VI &#8211; 2022\/2023<\/div>\r\n                                                                                <img decoding=\"async\" src=\"https:\/\/cws.uksw.edu.pl\/wp-content\/themes\/uksw\/images\/arrow_more1.svg\" alt=\"\">  \r\n                                    <\/div>\r\n                                <\/a>\r\n                            <\/div>\r\n                      \r\n                        \r\n                            \r\n                                \r\n                            <div class=\"col-xl-6 col-lg-6 col-md-12 col-sm-12 project\">\r\n                                <a href=\"https:\/\/cws.uksw.edu.pl\/?post_type=page&#038;p=5512\" class=\"project_box\">\r\n                                    <div class=\"candidate_box project_box\">\r\n                                        <div class=\"candidate_box_title\">Edycja<\/div>\r\n                                                                                <div class=\"candidate_box_sub_title\">VIII &#8211; 2024\/2025<\/div>\r\n                                                                                <img decoding=\"async\" src=\"https:\/\/cws.uksw.edu.pl\/wp-content\/themes\/uksw\/images\/arrow_more1.svg\" alt=\"\">  \r\n                                    <\/div>\r\n                                <\/a>\r\n                            <\/div>\r\n                      \r\n                        \r\n                            \r\n                                \r\n                            <div class=\"col-xl-6 col-lg-6 col-md-12 col-sm-12 project\">\r\n                                <a href=\"https:\/\/cws.uksw.edu.pl\/?post_type=page&#038;p=5062\" class=\"project_box\">\r\n                                    <div class=\"candidate_box project_box\">\r\n                                        <div class=\"candidate_box_title\">Edycja<\/div>\r\n                                                                                <div class=\"candidate_box_sub_title\">VII &#8211; 2023\/2024<\/div>\r\n                                                                                <img decoding=\"async\" src=\"https:\/\/cws.uksw.edu.pl\/wp-content\/themes\/uksw\/images\/arrow_more1.svg\" alt=\"\">  \r\n                                    <\/div>\r\n                                <\/a>\r\n                            <\/div>\r\n                      \r\n                        \r\n                            <\/div>\r\n<\/div>\r\n\r\n<\/div>","protected":false},"excerpt":{"rendered":"<p>Legia Akademicka stwarza niepowtarzaln\u0105 mo\u017cliwo\u015b\u0107 przej\u015bcia przeszkolenia wojskowego i uzyskania stopnia podoficerskiego a tak\u017ce mo\u017cliwo\u015b\u0107 uzyskania stopnia oficerskiego WP. Projekt dedykowany jest studentom obojga p\u0142ci, kt\u00f3rzy studiuj\u0105 na UKSW oraz na innych uczelniach. Do programu mo\u017ce przyst\u0105pi\u0107 student (studi\u00f3w pierwszego stopnia, studi\u00f3w drugiego stopnia lub jednolitych studi\u00f3w magisterskich) uczelni publicznej i niepublicznej dowolnego roku studi\u00f3w, [&hellip;]<\/p>\n","protected":false},"author":1,"featured_media":0,"parent":3359,"menu_order":9,"comment_status":"closed","ping_status":"closed","template":"page-templates\/template-sub-page.php","meta":{"_acf_changed":false,"inline_featured_image":false,"footnotes":"","_links_to":"","_links_to_target":""},"class_list":["post-3812","page","type-page","status-publish","hentry"],"acf":[],"_links":{"self":[{"href":"https:\/\/cws.uksw.edu.pl\/pl\/wp-json\/wp\/v2\/pages\/3812","targetHints":{"allow":["GET"]}}],"collection":[{"href":"https:\/\/cws.uksw.edu.pl\/pl\/wp-json\/wp\/v2\/pages"}],"about":[{"href":"https:\/\/cws.uksw.edu.pl\/pl\/wp-json\/wp\/v2\/types\/page"}],"author":[{"embeddable":true,"href":"https:\/\/cws.uksw.edu.pl\/pl\/wp-json\/wp\/v2\/users\/1"}],"replies":[{"embeddable":true,"href":"https:\/\/cws.uksw.edu.pl\/pl\/wp-json\/wp\/v2\/comments?post=3812"}],"version-history":[{"count":9,"href":"https:\/\/cws.uksw.edu.pl\/pl\/wp-json\/wp\/v2\/pages\/3812\/revisions"}],"predecessor-version":[{"id":5536,"href":"https:\/\/cws.uksw.edu.pl\/pl\/wp-json\/wp\/v2\/pages\/3812\/revisions\/5536"}],"up":[{"embeddable":true,"href":"https:\/\/cws.uksw.edu.pl\/pl\/wp-json\/wp\/v2\/pages\/3359"}],"wp:attachment":[{"href":"https:\/\/cws.uksw.edu.pl\/pl\/wp-json\/wp\/v2\/media?parent=3812"}],"curies":[{"name":"wp","href":"https:\/\/api.w.org\/{rel}","templated":true}]}}