{"id":3810,"date":"2022-11-03T15:08:03","date_gmt":"2022-11-03T14:08:03","guid":{"rendered":"https:\/\/jednostki.uksw.edu.pl\/cws\/program-most\/do-pobrania\/"},"modified":"2022-11-04T09:23:55","modified_gmt":"2022-11-04T08:23:55","slug":"do-pobrania","status":"publish","type":"page","link":"https:\/\/cws.uksw.edu.pl\/program-most\/do-pobrania\/","title":{"rendered":"Do pobrania"},"content":{"rendered":"\n<p><strong>Dokumenty do pobrania po zakwalifikowaniu si\u0119 na program:<\/strong><\/p>\n\n\n\n<h2 class=\"wp-block-heading\">STUDENCI<\/h2>\n\n\n\r\n<div class=\"\">\r\n\r\n\r\n<div class=\"row\">\r\n\r\n  \r\n<div class=\"col-xl-12 col-lg-12 col-md-12 col-sm-12 \">\r\n\t\t<div class=\"download_detils\">\r\n\t\t\t<a href=\"https:\/\/cws.uksw.edu.pl\/wp-content\/uploads\/sites\/18\/2022\/11\/POROZ-stud.doc\"  title=\"Porozumienie o programie zaj\u0119\u0107 (drukuj DWUSTRONNIE)\" download >\r\n\t\t\t<img decoding=\"async\" src=\"https:\/\/cws.uksw.edu.pl\/wp-content\/themes\/uksw\/images\/import.svg\" alt=\"\"> Porozumienie o programie zaj\u0119\u0107 (drukuj DWUSTRONNIE) [DOC,  0.16 MB]<\/a>\r\n\t\t<\/div>\r\n<\/div>\r\n\r\n\r\n\t\t\r\n<div class=\"col-xl-12 col-lg-12 col-md-12 col-sm-12 \">\r\n\t\t<div class=\"download_detils\">\r\n\t\t\t<a href=\"https:\/\/cws.uksw.edu.pl\/wp-content\/uploads\/sites\/18\/2022\/11\/ANEKS-stud.doc\"  title=\"Aneks do powy\u017cszego porozumienia\" download >\r\n\t\t\t<img decoding=\"async\" src=\"https:\/\/cws.uksw.edu.pl\/wp-content\/themes\/uksw\/images\/import.svg\" alt=\"\"> Aneks do powy\u017cszego porozumienia [DOC,  0.07 MB]<\/a>\r\n\t\t<\/div>\r\n<\/div>\r\n\r\n\r\n\t\t\r\n<div class=\"col-xl-12 col-lg-12 col-md-12 col-sm-12 \">\r\n\t\t<div class=\"download_detils\">\r\n\t\t\t<a href=\"https:\/\/cws.uksw.edu.pl\/wp-content\/uploads\/sites\/18\/2022\/11\/KARTA-stud.doc\"  title=\"Karta okresowych osi\u0105gni\u0119\u0107 (na miejscu miej j\u0105 zawsze przy sobie)\" download >\r\n\t\t\t<img decoding=\"async\" src=\"https:\/\/cws.uksw.edu.pl\/wp-content\/themes\/uksw\/images\/import.svg\" alt=\"\"> Karta okresowych osi\u0105gni\u0119\u0107 (na miejscu miej j\u0105 zawsze przy sobie) [DOC,  0.16 MB]<\/a>\r\n\t\t<\/div>\r\n<\/div>\r\n\r\n\r\n\t\t\r\n\t\t \r\n\r\n<\/div>\r\n<\/div>\r\n<div class=\"space20\"><\/div>\r\n\r\n\n\n\n<h2 class=\"wp-block-heading\">DOKTORANCI<\/h2>\n\n\n\r\n<div class=\"\">\r\n\r\n\r\n<div class=\"row\">\r\n\r\n  \r\n<div class=\"col-xl-12 col-lg-12 col-md-12 col-sm-12 \">\r\n\t\t<div class=\"download_detils\">\r\n\t\t\t<a href=\"https:\/\/cws.uksw.edu.pl\/wp-content\/uploads\/sites\/18\/2022\/11\/POROZ-dokt.doc\"  title=\"Porozumienie o programie zaj\u0119\u0107 (drukuj DWUSTRONNIE)\" download >\r\n\t\t\t<img decoding=\"async\" src=\"https:\/\/cws.uksw.edu.pl\/wp-content\/themes\/uksw\/images\/import.svg\" alt=\"\"> Porozumienie o programie zaj\u0119\u0107 (drukuj DWUSTRONNIE) [DOC,  0.16 MB]<\/a>\r\n\t\t<\/div>\r\n<\/div>\r\n\r\n\r\n\t\t\r\n<div class=\"col-xl-12 col-lg-12 col-md-12 col-sm-12 \">\r\n\t\t<div class=\"download_detils\">\r\n\t\t\t<a href=\"https:\/\/cws.uksw.edu.pl\/wp-content\/uploads\/sites\/18\/2022\/11\/ANEKS-dokt.doc\"  title=\"Aneks do powy\u017cszego porozumienia\" download >\r\n\t\t\t<img decoding=\"async\" src=\"https:\/\/cws.uksw.edu.pl\/wp-content\/themes\/uksw\/images\/import.svg\" alt=\"\"> Aneks do powy\u017cszego porozumienia [DOC,  0.07 MB]<\/a>\r\n\t\t<\/div>\r\n<\/div>\r\n\r\n\r\n\t\t\r\n<div class=\"col-xl-12 col-lg-12 col-md-12 col-sm-12 \">\r\n\t\t<div class=\"download_detils\">\r\n\t\t\t<a href=\"https:\/\/cws.uksw.edu.pl\/wp-content\/uploads\/sites\/18\/2022\/11\/KARTA-dokt.doc\"  title=\"Karta okresowych osi\u0105gni\u0119\u0107 (na miejscu miej j\u0105 zawsze przy sobie)\" download >\r\n\t\t\t<img decoding=\"async\" src=\"https:\/\/cws.uksw.edu.pl\/wp-content\/themes\/uksw\/images\/import.svg\" alt=\"\"> Karta okresowych osi\u0105gni\u0119\u0107 (na miejscu miej j\u0105 zawsze przy sobie) [DOC,  0.16 MB]<\/a>\r\n\t\t<\/div>\r\n<\/div>\r\n\r\n\r\n\t\t\r\n\t\t \r\n\r\n<\/div>\r\n<\/div>\r\n<div class=\"space20\"><\/div>\r\n\r\n\n\n\n<h2 class=\"wp-block-heading\">DOKTORANCI ZE SZK\u00d3\u0141 DOKTORSKICH<\/h2>\n\n\n\r\n<div class=\"\">\r\n\r\n\r\n<div class=\"row\">\r\n\r\n  \r\n<div class=\"col-xl-12 col-lg-12 col-md-12 col-sm-12 \">\r\n\t\t<div class=\"download_detils\">\r\n\t\t\t<a href=\"https:\/\/cws.uksw.edu.pl\/wp-content\/uploads\/sites\/18\/2022\/11\/POROZ-dokt_SzD.docx\"  title=\"Porozumienie o programie zaj\u0119\u0107 (drukuj DWUSTRONNIE)\" download >\r\n\t\t\t<img decoding=\"async\" src=\"https:\/\/cws.uksw.edu.pl\/wp-content\/themes\/uksw\/images\/import.svg\" alt=\"\"> Porozumienie o programie zaj\u0119\u0107 (drukuj DWUSTRONNIE) [DOCX,  0.04 MB]<\/a>\r\n\t\t<\/div>\r\n<\/div>\r\n\r\n\r\n\t\t\r\n<div class=\"col-xl-12 col-lg-12 col-md-12 col-sm-12 \">\r\n\t\t<div class=\"download_detils\">\r\n\t\t\t<a href=\"https:\/\/cws.uksw.edu.pl\/wp-content\/uploads\/sites\/18\/2022\/11\/ANEKS-dokt_SzD.docx\"  title=\"Aneks do powy\u017cszego porozumienia\" download >\r\n\t\t\t<img decoding=\"async\" src=\"https:\/\/cws.uksw.edu.pl\/wp-content\/themes\/uksw\/images\/import.svg\" alt=\"\"> Aneks do powy\u017cszego porozumienia [DOCX,  0.04 MB]<\/a>\r\n\t\t<\/div>\r\n<\/div>\r\n\r\n\r\n\t\t\r\n<div class=\"col-xl-12 col-lg-12 col-md-12 col-sm-12 \">\r\n\t\t<div class=\"download_detils\">\r\n\t\t\t<a href=\"https:\/\/cws.uksw.edu.pl\/wp-content\/uploads\/sites\/18\/2022\/11\/KARTA-dokt_SzD.docx\"  title=\"Karta okresowych osi\u0105gni\u0119\u0107 (na miejscu miej j\u0105 zawsze przy sobie)\" download >\r\n\t\t\t<img decoding=\"async\" src=\"https:\/\/cws.uksw.edu.pl\/wp-content\/themes\/uksw\/images\/import.svg\" alt=\"\"> Karta okresowych osi\u0105gni\u0119\u0107 (na miejscu miej j\u0105 zawsze przy sobie) [DOCX,  0.04 MB]<\/a>\r\n\t\t<\/div>\r\n<\/div>\r\n\r\n\r\n\t\t\r\n\t\t \r\n\r\n<\/div>\r\n<\/div>\r\n<div class=\"space20\"><\/div>\r\n\r\n","protected":false},"excerpt":{"rendered":"<p>Dokumenty do pobrania po zakwalifikowaniu si\u0119 na program: STUDENCI DOKTORANCI DOKTORANCI ZE SZK\u00d3\u0141 DOKTORSKICH<\/p>\n","protected":false},"author":1,"featured_media":0,"parent":3714,"menu_order":7,"comment_status":"closed","ping_status":"closed","template":"page-templates\/template-sub-page.php","meta":{"_acf_changed":false,"inline_featured_image":false,"footnotes":"","_links_to":"","_links_to_target":""},"class_list":["post-3810","page","type-page","status-publish","hentry"],"acf":[],"_links":{"self":[{"href":"https:\/\/cws.uksw.edu.pl\/pl\/wp-json\/wp\/v2\/pages\/3810","targetHints":{"allow":["GET"]}}],"collection":[{"href":"https:\/\/cws.uksw.edu.pl\/pl\/wp-json\/wp\/v2\/pages"}],"about":[{"href":"https:\/\/cws.uksw.edu.pl\/pl\/wp-json\/wp\/v2\/types\/page"}],"author":[{"embeddable":true,"href":"https:\/\/cws.uksw.edu.pl\/pl\/wp-json\/wp\/v2\/users\/1"}],"replies":[{"embeddable":true,"href":"https:\/\/cws.uksw.edu.pl\/pl\/wp-json\/wp\/v2\/comments?post=3810"}],"version-history":[{"count":3,"href":"https:\/\/cws.uksw.edu.pl\/pl\/wp-json\/wp\/v2\/pages\/3810\/revisions"}],"predecessor-version":[{"id":4050,"href":"https:\/\/cws.uksw.edu.pl\/pl\/wp-json\/wp\/v2\/pages\/3810\/revisions\/4050"}],"up":[{"embeddable":true,"href":"https:\/\/cws.uksw.edu.pl\/pl\/wp-json\/wp\/v2\/pages\/3714"}],"wp:attachment":[{"href":"https:\/\/cws.uksw.edu.pl\/pl\/wp-json\/wp\/v2\/media?parent=3810"}],"curies":[{"name":"wp","href":"https:\/\/api.w.org\/{rel}","templated":true}]}}