{"id":3809,"date":"2022-11-03T15:08:02","date_gmt":"2022-11-03T14:08:02","guid":{"rendered":"https:\/\/jednostki.uksw.edu.pl\/cws\/program-most\/rekrutacja\/"},"modified":"2023-11-06T13:50:03","modified_gmt":"2023-11-06T12:50:03","slug":"rekrutacja","status":"publish","type":"page","link":"https:\/\/cws.uksw.edu.pl\/program-most\/rekrutacja\/","title":{"rendered":"Rekrutacja"},"content":{"rendered":"\n<figure class=\"wp-block-image size-large\"><img decoding=\"async\" width=\"1024\" height=\"352\" src=\"https:\/\/cws.uksw.edu.pl\/wp-content\/uploads\/sites\/18\/2023\/11\/baner1-1024x352.png\" alt=\"\" class=\"wp-image-5033\" srcset=\"https:\/\/cws.uksw.edu.pl\/wp-content\/uploads\/sites\/18\/2023\/11\/baner1-1024x352.png 1024w, https:\/\/cws.uksw.edu.pl\/wp-content\/uploads\/sites\/18\/2023\/11\/baner1-300x103.png 300w, https:\/\/cws.uksw.edu.pl\/wp-content\/uploads\/sites\/18\/2023\/11\/baner1-768x264.png 768w, https:\/\/cws.uksw.edu.pl\/wp-content\/uploads\/sites\/18\/2023\/11\/baner1.png 1150w\" sizes=\"(max-width: 1024px) 100vw, 1024px\" \/><\/figure>\n\n\n\n<p>Od\u00a0<strong>31 pa\u017adziernika do 30 listopada 2023 r.<\/strong>\u00a0 trwa rekrutacja na semestr letni roku akademickiego 2023\/2024<\/p>\n\n\n\n<p>W tym okresie na stronie internetowej Programu aktywny jest link&nbsp;<a rel=\"noreferrer noopener\" href=\"https:\/\/irkmost.amu.edu.pl\/pl\/\" target=\"_blank\"><strong>https:\/\/irkmost.amu.edu.pl\/pl\/<\/strong><\/a>, umo\u017cliwiaj\u0105cy zapoznanie si\u0119 z aktualn\u0105 ofert\u0105 MOST-u oraz za\u0142o\u017cenie konta w systemie IRK MOST, za po\u015brednictwem kt\u00f3rego dokonuje si\u0119 rejestracji i uzyskuje status osoby ubiegaj\u0105cej si\u0119 o udzia\u0142 w Programie MOST.<\/p>\n\n\n\n<ol class=\"wp-block-list\">\n<li>Wybierz kierunek\/kierunki w uczelni, na kt\u00f3rej chcesz realizowa\u0107 program wymiany MOST.<br>PAMI\u0118TAJ !!! o zachowaniu priorytet\u00f3w w wyborze kierunk\u00f3w.<\/li>\n\n\n\n<li>Wygeneruj wniosek.<\/li>\n\n\n\n<li>Z\u0142\u00f3\u017c podanie o przyj\u0119cie na program MOST do dziekana ds. studenckich<\/li>\n\n\n\n<li>Pami\u0119taj aby do podania do\u0142\u0105czy\u0107 wygenerowany i podpisany wniosek z systemu IRK MOST.<\/li>\n\n\n\n<li>Do podania mo\u017cesz tak\u017ce do\u0142\u0105czy\u0107 list motywacyjny. Informacje w nim zawarte mog\u0119 by\u0107 dodatkowym atutem w procesie rekrutacji.<\/li>\n\n\n\n<li>O uzyskaniu zatwierdzenia wniosku przez Prorektora ds. studenckich i kszta\u0142cenia i przes\u0142aniu go do Uniwersyteckiej Komisji Kszta\u0142cenia zostaniesz poinformowany przez system USOS.<\/li>\n\n\n\n<li>Decyzje Uniwersyteckiej Komisji Kszta\u0142cenia b\u0119d\u0105 dost\u0119pne na indywidualnych kontach w programie IRK MOST.<\/li>\n<\/ol>\n\n\n\n<p><strong>Uwaga!<\/strong>&nbsp;Je\u015bli z jakich\u015b przyczyn chc\u0105\/musz\u0105 Pa\u0144stwo zrezygnowa\u0107 z udzia\u0142u mimo zakwalifikowania si\u0119, koniecznie prosimy zg\u0142osi\u0107&nbsp;to pisemnie (mailem na adres&nbsp;<a href=\"mailto:pkaz@amu.edu.pl\">pkaz@amu.edu.pl<\/a>&nbsp;lub listownie na adres Biura UKA) \u2013 to dodatkowe miejsce dla os\u00f3b z listy rezerwowej.<\/p>\n\n\n\n<p><strong>Praktyczne podpowiedzi:<\/strong><\/p>\n\n\n\n<ul class=\"wp-block-list\">\n<li>Przy wyborze kierunk\u00f3w w IRK nale\u017cy pami\u0119ta\u0107 o okre\u015bleniu priorytet\u00f3w \u2013 wskazaniu, na kt\u00f3ry z kierunk\u00f3w, podczas przydzia\u0142u miejsc, kandydatura studenta ma by\u0107 rozpatrywana w pierwszej kolejno\u015bci.<\/li>\n\n\n\n<li>Wniosek podpisuje dziekan lub prodziekan ds. studenckich. Pami\u0119taj, \u017ce rejestracja w systemie IRKMOST to nie wszystko. Wygenerowany wniosek nale\u017cy wydrukowa\u0107, podpisa\u0107 i przedstawi\u0107 dziekanowi do zatwierdzenia.<\/li>\n\n\n\n<li>Wniosek o przyj\u0119cie na program MOST podpisany przez dziekana wniosek zostaje automatycznie przekazany do Prorektora ds. studenckich i kszta\u0142cenia. Po zatwierdzeniu przez Prorektora wniosek wgrywany jest do systemu przez koordynatora programu.<\/li>\n\n\n\n<li>W tabeli porozumienia o programie zaj\u0119\u0107 mo\u017cna\/trzeba dodawa\u0107 wiersze, ale nie kolumny.<\/li>\n\n\n\n<li>Nazwy przedmiot\u00f3w w j\u0119zyku angielskim s\u0105 potrzebne do wype\u0142nienia suplementu do dyplomu, dlatego nale\u017cy o nich pami\u0119ta\u0107.<\/li>\n\n\n\n<li>Semestralny program studi\u00f3w musi zapewni\u0107 uzyskanie 30 ECTS<br>(je\u015bli wybrane przedmioty nie zapewniaj\u0105 tylu punkt\u00f3w, reszt\u0119 trzeba uzyska\u0107 w uczelni macierzystej jako r\u00f3\u017cnice programowe \u2013 trzeba to uzgodni\u0107 ze swoim Dziekanem na porozumieniu o programie zaj\u0119\u0107).<\/li>\n\n\n\n<li>Porozumienie o programie zaj\u0119\u0107 tak\u017ce podpisuje dziekan.<\/li>\n\n\n\n<li>Studenci ostatniego roku studi\u00f3w I i II stopnia oraz jednolitych studi\u00f3w magisterskich seminaria licencjackie lub magisterskie odbywaj\u0105 w uczelni macierzystej.<\/li>\n\n\n\n<li>Legitymacj\u0119 nale\u017cy przed\u0142u\u017cy\u0107 w swoim dziekanacie macierzystej uczelni.<\/li>\n\n\n\n<li>Porozumienie o programie zaj\u0119\u0107 nale\u017cy z\u0142o\u017cy\u0107 we w\u0142asnym dziekanacie odpowiednio do 30 X lub 15 III, a na wyjazd zabra\u0107 jego kopi\u0119 i w terminie do tych samych dat granicznych z\u0142o\u017cy\u0107 j\u0105 w dziekanacie uczelni przyjmuj\u0105cej. Na koniec wymiany nale\u017cy odebra\u0107 t\u0119 kopi\u0119 (z potwierdzeniem) wraz z kart\u0105 okresowych osi\u0105gni\u0119\u0107 i przedstawi\u0107 je w uczelni macierzystej dziekanowi, kt\u00f3ry ocenia stopie\u0144 wywi\u0105zania si\u0119 z porozumienia i zaakceptowawszy je, uzupe\u0142nia indeks macierzysty (u nas w USOS).<\/li>\n\n\n\n<li>W przypadku&nbsp;<strong>niezaliczenia<\/strong>&nbsp;przedmiotu na wymianie obowi\u0105zuje \u201cpoprawka\u201d na miejscowych zasadach. W przypadku niezaliczenia poprawki po powrocie na uczelni\u0119 macierzyst\u0105 student mo\u017ce zwr\u00f3ci\u0107 si\u0119 do dziekana z pro\u015bb\u0105 zmiany zawartego wcze\u015bniej porozumienia:<br>a) anulowanie niezaliczonego przedmiotu z tre\u015bci porozumienia, mo\u017cliwo\u015b\u0107 jego zaliczenia na uczelni macierzystej&nbsp; (w gestii dziekana le\u017cy decyzja o umo\u017cliwieniu ponownego podej\u015bcia do egzaminu na uczelni macierzystej, podj\u0119cie decyzji o warunkowym zaliczeniu semestru\/roku i mo\u017cliwo\u015bci zdawania danego egzaminu dopiero w nast\u0119pnym roku akademickim) lub<br>b) je\u017celi przedmiot nie by\u0142 przedmiotem z kanonu obowi\u0105zkowych, zamiana na inny przedmiot o r\u00f3wnowa\u017cnej lub wy\u017cszej liczbie punkt\u00f3w ECTS do zrealizowania w ramach r\u00f3\u017cnic programowych w kolejnym semestrze\/roku akademickim.<\/li>\n\n\n\n<li>Po zako\u0144czeniu wymiany uczestnicy otrzymuj\u0105 r\u00f3wnie\u017c certyfikat uczestnictwa w Programie.<\/li>\n<\/ul>\n","protected":false},"excerpt":{"rendered":"<p>Od\u00a031 pa\u017adziernika do 30 listopada 2023 r.\u00a0 trwa rekrutacja na semestr letni roku akademickiego 2023\/2024 W tym okresie na stronie internetowej Programu aktywny jest link&nbsp;https:\/\/irkmost.amu.edu.pl\/pl\/, umo\u017cliwiaj\u0105cy zapoznanie si\u0119 z aktualn\u0105 ofert\u0105 MOST-u oraz za\u0142o\u017cenie konta w systemie IRK MOST, za po\u015brednictwem kt\u00f3rego dokonuje si\u0119 rejestracji i uzyskuje status osoby ubiegaj\u0105cej si\u0119 o udzia\u0142 w Programie [&hellip;]<\/p>\n","protected":false},"author":1,"featured_media":4767,"parent":3714,"menu_order":6,"comment_status":"closed","ping_status":"closed","template":"page-templates\/template-sub-page.php","meta":{"_acf_changed":false,"inline_featured_image":false,"footnotes":"","_links_to":"","_links_to_target":""},"class_list":["post-3809","page","type-page","status-publish","has-post-thumbnail","hentry"],"acf":[],"_links":{"self":[{"href":"https:\/\/cws.uksw.edu.pl\/pl\/wp-json\/wp\/v2\/pages\/3809","targetHints":{"allow":["GET"]}}],"collection":[{"href":"https:\/\/cws.uksw.edu.pl\/pl\/wp-json\/wp\/v2\/pages"}],"about":[{"href":"https:\/\/cws.uksw.edu.pl\/pl\/wp-json\/wp\/v2\/types\/page"}],"author":[{"embeddable":true,"href":"https:\/\/cws.uksw.edu.pl\/pl\/wp-json\/wp\/v2\/users\/1"}],"replies":[{"embeddable":true,"href":"https:\/\/cws.uksw.edu.pl\/pl\/wp-json\/wp\/v2\/comments?post=3809"}],"version-history":[{"count":6,"href":"https:\/\/cws.uksw.edu.pl\/pl\/wp-json\/wp\/v2\/pages\/3809\/revisions"}],"predecessor-version":[{"id":5035,"href":"https:\/\/cws.uksw.edu.pl\/pl\/wp-json\/wp\/v2\/pages\/3809\/revisions\/5035"}],"up":[{"embeddable":true,"href":"https:\/\/cws.uksw.edu.pl\/pl\/wp-json\/wp\/v2\/pages\/3714"}],"wp:featuredmedia":[{"embeddable":true,"href":"https:\/\/cws.uksw.edu.pl\/pl\/wp-json\/wp\/v2\/media\/4767"}],"wp:attachment":[{"href":"https:\/\/cws.uksw.edu.pl\/pl\/wp-json\/wp\/v2\/media?parent=3809"}],"curies":[{"name":"wp","href":"https:\/\/api.w.org\/{rel}","templated":true}]}}