{"id":3808,"date":"2022-11-03T15:08:02","date_gmt":"2022-11-03T14:08:02","guid":{"rendered":"https:\/\/jednostki.uksw.edu.pl\/cws\/organizacje-studenckie\/wykaz-aktywnych-kol-naukowych-uksw\/"},"modified":"2026-04-01T14:07:30","modified_gmt":"2026-04-01T12:07:30","slug":"wykaz-aktywnych-kol-naukowych-uksw","status":"publish","type":"page","link":"https:\/\/cws.uksw.edu.pl\/organizacje-studenckie\/wykaz-aktywnych-kol-naukowych-uksw\/","title":{"rendered":"Wykaz aktywnych k\u00f3\u0142 naukowych UKSW"},"content":{"rendered":"\n<div class=\"wp-block-columns\">\n<div class=\"wp-block-column\" style=\"flex-basis:100%\">\n<div class=\"wp-block-columns\">\n<div class=\"wp-block-column is-vertically-aligned-bottom has-small-font-size\" style=\"flex-basis:100%\">\n<div class=\"wp-block-group\"><div class=\"wp-block-group__inner-container\">\n<div class=\"wp-block-group\">\n<figure class=\"wp-block-table tab1 is-style-regular has-small-font-size\"><table><tbody><tr><td><strong>NAZWA KO\u0141A<\/strong><\/td><td><strong>WYDZIA\u0141<\/strong><\/td><td><strong>OPIEKUN<\/strong><\/td><td><strong>PRZEWODNICZ\u0104CY<\/strong>                <\/td><\/tr><tr><td>Ko\u0142o Naukowe &#8222;Forum Prawa Publicznego&#8221;<\/td><td>WPiA<\/td><td>dr Kamil Czaplicki<\/td><td>Wojciech Dobrza\u0144ski<\/td><\/tr><tr><td>Ko\u0142o Naukowe Przyrodnik\u00f3w UKSW<\/td><td>WFCh<\/td><td>dr Micha\u0142 Latawiec<\/td><td>Jakub Korne\u0107<\/td><\/tr><tr><td>Ko\u0142o Naukowe Student\u00f3w Filozofii<\/td><td>WFCh<\/td><td>prof. ucz dr hab. Micha\u0142 Zembrzuski<\/td><td>Micha\u0142 Wojty\u0144ski<\/td><\/tr><tr><td>Ko\u0142o J\u0119zykoznawcze<\/td><td>WNH<\/td><td>dr Katarzyna Doboszy\u0144ska-Markiewicz<\/td><td>Maria Kozak<\/td><\/tr><tr><td>Ko\u0142o Literackie UKSW<\/td><td>WNH<\/td><td>dr hab. Magdalena Saganiak, prof. ucz.<\/td><td>Magdalena Hierowska<\/td><\/tr><tr><td>Ko\u0142o Naukowe Student\u00f3w Psychologii UKSW<\/td><td>WFCh<\/td><td>dr Jaros\u0142aw Piotrowski<\/td><td>Zuzanna Krzywa\u017ania<\/td><\/tr><tr><td>Ko\u0142o Naukowe Student\u00f3w Historii Sztuki Uniwersytetu Kardyna\u0142a Stefana Wyszy\u0144skiego<\/td><td>WNHS<\/td><td>dr Aleksander Stankiewicz<\/td><td>Maciej Wnuk<\/td><\/tr><tr><td>Ko\u0142o Naukowe Student\u00f3w Socjologii<\/td><td>WSE<\/td><td>dr Izabela Bukalska<\/td><td>Konstancja Obidzi\u0144ska<\/td><\/tr><tr><td>Ko\u0142o Naukowe Student\u00f3w Pedagogiki Niepe\u0142nosprawnych Intelektualnie<\/td><td>WNP<\/td><td>dr Kinga Krawiecka<\/td><td>Julia B\u0105k<\/td><\/tr><tr><td>Ko\u0142o Naukowe Studencka Poradnia Prawna<\/td><td>WPK<\/td><td>ks. prof. dr hab. Piotr Rygu\u0142a<br>mgr lic. Arkadiusz Mr\u00f3z<\/td><td>Maciej Urba\u0144ski<\/td><\/tr><tr><td>Ko\u0142o Nauk Penalnych<\/td><td>WPiA<\/td><td>dr hab. Maria Szczepaniec, prof. ucz.<\/td><td><\/td><\/tr><tr><td>Ko\u0142o Naukowe Student\u00f3w Instytutu Edukacji Medialnej i Dziennikarstwa<\/td><td>WT<\/td><td>dr Aleksandra Gralczyk<\/td><td>Agata Skalska<\/td><\/tr><tr><td>Ko\u0142o Naukowe Prawa Pracy i Polityki Spo\u0142ecznej<\/td><td>WPiA<\/td><td>dr Pawe\u0142 Czarnecki<\/td><td>Mateusz Poche\u0107<\/td><\/tr><tr><td>Ko\u0142o Naukowe Prawa Administracyjnego<\/td><td>WPiA<\/td><td>dr Ziemowit Cie\u015blik<\/td><td>Kornelia Gilarska<\/td><\/tr><tr><td>Ko\u0142o Naukowe Informatyk\u00f3w &#8222;Fraktal&#8221;<\/td><td>WMPSN\u015a<\/td><td>prof. ucz. dr hab. in\u017c. Krzysztof Trojanowski<\/td><td>Rafa\u0142 Maciejewski<\/td><\/tr><tr><td>Naukowe Ko\u0142o Matematyczne UKSW \u201eInny Wymiar\u201d<\/td><td>WMPSN\u015a<\/td><td>dr Krzysztof Rutkowski<\/td><td>Magdalena Kwiatkowska<\/td><\/tr><tr><td>Ko\u0142o Naukowe Katechetyk\u00f3w<\/td><td>WT<\/td><td>dr hab. Aneta Rayzacher-Majewska, prof. ucz.<\/td><td>ks. Mariusz Kowalski<\/td><\/tr><tr><td>Ko\u0142o Naukowe Student\u00f3w Archeologii<\/td><td>WNHS<\/td><td>dr Kamil Rabiega<\/td><td>\u0141ukasz Osica<\/td><\/tr><tr><td>Ko\u0142o Naukowe Prawa Konstytucyjnego UKSW<\/td><td>WPiA<\/td><td>dr Piotr Chybalski<\/td><td>Magda Owczarek<\/td><\/tr><tr><td>Ko\u0142o Naukowe Student\u00f3w Pedagogiki Resocjalizacyjnej<\/td><td>WNP<\/td><td>prof. ucz. dr hab. Anna Fidelus<\/td><td><\/td><\/tr><tr><td>Ko\u0142o Naukowe Student\u00f3w i Doktorant\u00f3w Historii WNHiS UKSW<\/td><td>WNHS<\/td><td>dr Bart\u0142omiej D\u017awiga\u0142a<\/td><td>Karol Wilczy\u0144ski<\/td><\/tr><tr><td>Ko\u0142o Naukowe Bada\u0144 nad Europ\u0105<\/td><td>WSE<\/td><td>dr Kinga Wojtas-Jarentowska<\/td><td>Cezary Micha\u0142 Huszcza<\/td><\/tr><tr><td>Ko\u0142o Naukowe Prawa Prywatnego<\/td><td>WPiA<\/td><td>dr hab. \u0141ukasz \u017barnowiec<\/td><td>Natalia Grotek<\/td><\/tr><tr><td>Uniwersytecka Studencka Poradnia Prawna WPiA UKSW<\/td><td>WPiA<\/td><td>dr Aleksandra Milanowicz<\/td><td>Pawe\u0142 Jankowski<\/td><\/tr><tr><td>Ko\u0142o Naukowe Filologii Klasycznej \u201cKalokagatia\u201d<\/td><td>WNH<\/td><td>dr Filip Doroszewski<\/td><td>Wiktoria Wilczak<\/td><\/tr><tr><td>Ko\u0142o Naukowe Student\u00f3w Pracy Socjalnej<\/td><td>WSE<\/td><td>dr Agata Rozalska<\/td><td>Bere\u017cecka Kinga <\/td><\/tr><tr><td>Ko\u0142o Naukowe &#8222;Zielone Wilki&#8221;<\/td><td>WBNS<\/td><td>dr in\u017c. Krystian Kurowski<\/td><td>Amelia Wojty\u0144ska<\/td><\/tr><tr><td>Mi\u0119dzywydzia\u0142owe Studencko-Doktoranckie Ko\u0142o Naukowe Telewizji Internetowej UKSW<\/td><td>mi\u0119dzywydzia\u0142owe<\/td><td>ks. prof. dr hab. Jan Przyby\u0142owski<\/td><td>Wiktoria Pelc<\/td><\/tr><tr><td>Studenckie Ko\u0142o Naukowe Biolog\u00f3w Cz\u0142owieka<\/td><td>WBNS<\/td><td>dr Justyna Marchewka-D\u0142ugo\u0144ska<\/td><td>Zuzanna Tomporowska<\/td><\/tr><tr><td>Bioetyczne Ko\u0142o Student\u00f3w Wydzia\u0142u Studi\u00f3w nad Rodzin\u0105<\/td><td>WSR<\/td><td>ks. prof. ucz. dr hab. Stanis\u0142aw Bia\u0142y<\/td><td>Patrycja Parzych<\/td><\/tr><tr><td>Ko\u0142o Naukowe Medioznawc\u00f3w Podr\u00f3\u017cnik\u00f3w<\/td><td>WT<\/td><td>dr Pawe\u0142 P\u0142atek<\/td><td>Maciej Belowski<\/td><\/tr><tr><td>Ko\u0142o Naukowe Biolog\u00f3w Terenowych<\/td><td>WBN\u015a<\/td><td>prof. ucz. dr hab. Jerzy Romanowski; mgr Micha\u0142 Winczek<\/td><td>Dominika \u017by\u017cy\u0144ska<\/td><\/tr><tr><td>Chemiczne Ko\u0142o Naukowe &#8222;Luminol&#8221; UKSW<\/td><td>WMPSN\u015a<\/td><td>dr in\u017c. Arkadiusz Listkowski<\/td><td>Zuzanna Rosiak<\/td><\/tr><tr><td>Ko\u0142o Naukowe Prawa Karnego Materialnego<\/td><td>WPiA<\/td><td>dr Piotr Zakrzewski<\/td><td>Aleksandra Kr\u00f3lik<\/td><\/tr><tr><td>Ko\u0142o Naukowe My\u015bli i Praktyki Spo\u0142ecznej dla Was<\/td><td>WSR<\/td><td>dr Katarzyna Stankiewicz<\/td><td>Cecylia Jastrz\u0119bska<\/td><\/tr><tr><td>Ko\u0142o Naukowe Biologii Molekularnej<\/td><td>WBN\u015a<\/td><td>dr Pawe\u0142 Rusin<\/td><td>Aleksandra Miot\u0142a<\/td><\/tr><tr><td>Studencko-Doktoranckie Ko\u0142o Naukowe Prawa Kanonicznego Regula Iuris<\/td><td>WPK<\/td><td>ks. dr Jan Dohnalik<\/td><td>Zuzanna \u017bebrowska<\/td><\/tr><tr><td>Ko\u0142o Naukowe Prawa Mi\u0119dzynarodowego i Praw Cz\u0142owieka UKSW<\/td><td>WPiA<\/td><td>dr Katarzyna Grzelak-Bach<\/td><td>Daniel Banasiak<\/td><\/tr><tr><td>Ko\u0142o Nauk o Rodzinie<\/td><td>WSR<\/td><td>dr Dariusz Tu\u0142owiecki<\/td><td>Weronika Oleszczuk<\/td><\/tr><tr><td>Ko\u0142o Edytorskie \u201cKustosz\u201d<\/td><td>WNH<\/td><td>dr \u0141ukasz Cybulski<\/td><td>Emilia Zaczkowska-Szypowska<\/td><\/tr><tr><td>Interdyscyplinarne Ko\u0142o Naukowe Prawa Korporacyjnego<\/td><td>mi\u0119dzywydzia\u0142owe<\/td><td>dr Mateusz Tch\u00f3rzewski<\/td><td>Krzysztof Str\u00f3\u017cy\u0144ski<\/td><\/tr><tr><td>Ko\u0142o Naukowe LabOn-Nowoczesna diagnostyka laboratoryjna w praktyce lekarskiej<\/td><td><br>WMCM<\/td><td>dr n. med. i n. o zdr. Beata Che\u0142stowska<\/td><td>Filip Tokarski<\/td><\/tr><tr><td>Studenckie Ko\u0142o Naukowe Immunis<\/td><td>WMCM<\/td><td>dr hab. n. med. Gra\u017cyna Gromadzka<\/td><td>Magdalena K\u0105kol<\/td><\/tr><tr><td>Studenckie Ko\u0142o Naukowe Medycyny Ratunkowej<\/td><td>WMCM<\/td><td>lek. Dymitr Ksi\u0105\u017cek<\/td><td>Miko\u0142aj Zuzaniuk<\/td><\/tr><tr><td>Ko\u0142o Naukowe Prawa Procesowego Cywilnego<\/td><td>WPiA<\/td><td>dr S\u0142awomira Kotas-Turoboyska; <\/td><td>Wiktoria W\u0142odarczyk<\/td><\/tr><tr><td>Interdyscyplinarne Ko\u0142o Nauk Prawnych \u201cNous\u201d<\/td><td>mi\u0119dzywydzia\u0142owe<\/td><td>dr Aneta Jakubiak-Miro\u0144czuk<\/td><td>Karolina W\u0105sewicz<\/td><\/tr><tr><td>Studenckie Ko\u0142o Naukowe Pediatryczne UKSW<\/td><td>WMCM<\/td><td>prof. dr hab. Piotr Socha<\/td><td>Jadwiga Olszak<\/td><\/tr><tr><td>Studenckie Ko\u0142o Naukowe Chirurgii UKSW<\/td><td>WMCM<\/td><td>dr hab. n. med. Rados\u0142aw Kowalewski&nbsp;&nbsp;&nbsp;&nbsp;&nbsp;&nbsp;&nbsp;<\/td><td>Franciszek Pastuszak<\/td><\/tr><tr><td>Studenckie Ko\u0142o Naukowe Ginekologii i Po\u0142o\u017cnictwa Interforest<\/td><td>WMCM<\/td><td>dr. n. med. Aneta Zwierzchowska<\/td><td>\u0141ucja Ku\u017ama<\/td><\/tr><tr><td>Studenckie Ko\u0142o Naukowe Anestezjologii i Intensywnej Terapii UKSW<\/td><td>WMCM<\/td><td>dr hab. n. med. Mi\u0142osz Jankowski;<br>lek. Tomasz Apel; <br>dr n med. Ma\u0142gorzata Mikaszewska-Sokolewicz <br>opiekun z UKSW sprawuj\u0105cy nadz\u00f3r: dr Micha\u0142 Wasiak<\/td><td>Glieb Pak<\/td><\/tr><tr><td>Studenckie Ko\u0142o Naukowe Medycyny Molekularnej<\/td><td>WMCM<\/td><td>dr&nbsp; n. med. Jacek Po\u0142osak<\/td><td>Patryk Marcinkowski<\/td><\/tr><tr><td>Studenckie Ko\u0142o Naukowe Neonatologii, Patologii i Intensywnej Terapii Noworodka CZD<\/td><td>WMCM<\/td><td>lek. Agata Szczepkowska, lek. Micha\u0142 Zarzecki<\/td><td>Marta Nisztuk<\/td><\/tr><tr><td>Studenckie Ko\u0142o Naukowe Kardiochirurgii UKSW<\/td><td>WMCM<\/td><td>lek. Maciej Bartczak, opiekun z UKSW sprawuj\u0105cy nadz\u00f3r: dr n. med. Micha\u0142 Wasiak<\/td><td>Natalia Ogorzelec<\/td><\/tr><tr><td>Ko\u0142o Naukowe Student\u00f3w Pedagogiki Wczesnej Edukacji<\/td><td>WNP<\/td><td>dr Ewelina Rzo\u0144ca; mgr Katarzyna B\u0142a\u017cejewska<\/td><td>Magdalena Niedziela<\/td><\/tr><tr><td>Ko\u0142o Naukowe Prawa Medycznego i Farmaceutycznego<\/td><td>WPiA<\/td><td>dr Zbigniew Wi\u0119ckowski<\/td><td>Kacper Krzaczkowski<\/td><\/tr><tr><td>Interdyscyplinarne Ko\u0142o Studenckie Chor\u00f3b Metabolicznych i Uk\u0142adowych &#8222;Salus aegroti&#8221;<\/td><td>WMCM<\/td><td>dr hab. n. med. i n. o zdr. Anna R\u00f3\u017ca\u0144ska-Wal\u0119dziak<\/td><td>Adrianna Majewska<\/td><\/tr><tr><td>Ko\u0142o Naukowe Prawa Nowych Technologii<\/td><td>WPiA<\/td><td>dr Maciej Hulicki<\/td><td>Magdalena Maci\u0105g<\/td><\/tr><tr><td>Interdyscyplinarne Ko\u0142o Naukowe Realizmu Krytycznego<\/td><td>mi\u0119dzywydzia\u0142owe<\/td><td>dr Monika Bukowska<\/td><td>Jakub Kami\u0144ski<\/td><\/tr><tr><td>Ko\u0142o Naukowe Przyjaciele Gaiusa<\/td><td>WPiA<\/td><td>prof. dr hab. Anna Tarwacka<\/td><td>Julia Kolasa<\/td><\/tr><tr><td>Interdyscyplinarne Ko\u0142o Naukowe Centrum Gospodarki \u015awiatowej Uniwersytetu Kardyna\u0142a Stefana Wyszy\u0144skiego<\/td><td>mi\u0119dzywydzia\u0142owe<\/td><td>dr Bartosz Stachowiak<\/td><td>Karol Jarz\u0119bski<\/td><\/tr><tr><td>Studenckie Ko\u0142o Naukowe Reumatologii<\/td><td>WMCM<\/td><td>dr hab. n. med. Maria Ma\u015bli\u0144ska&nbsp;&nbsp;&nbsp;&nbsp;&nbsp;&nbsp;&nbsp;&nbsp;&nbsp; opiekun z&nbsp; UKSW sprawuj\u0105cy nadz\u00f3r:&nbsp; dr hab. n. med. Emilia Grosicka-Maci\u0105g, prof. ucz.<\/td><td>Julia Dusiel<\/td><\/tr><tr><td>Studenckie Ko\u0142o Naukowe MicroMed<\/td><td>WMCM<\/td><td>dr n. med. i n. o zdr. Adam Kaczmarek&nbsp;<\/td><td>Micha\u0142 Ga\u0142ek<\/td><\/tr><tr><td>Studenckie Ko\u0142o Naukowe DermatoWen<\/td><td>WMCM<\/td><td>lek. Magdalena Pa\u0142dyna<\/td><td>Kinga Tylczy\u0144ska <\/td><\/tr><tr><td>Ko\u0142o Naukowe Biznesu i Innowacji<\/td><td>mi\u0119dzywydzia\u0142owe<\/td><td>dr hab. Mariusz Szyrski, prof. ucz.<\/td><td>Mi\u0142osz Ziu\u0142kowski<\/td><\/tr><tr><td>Ko\u0142o Naukowe Prawa Unii Europejskiej<\/td><td>WPiA<\/td><td>dr Marek Rzotkiewicz<\/td><td>Jakub Lenart<\/td><\/tr><tr><td>Ko\u0142o Naukowe Ekonomii i Finans\u00f3w<\/td><td>WSE<\/td><td>dr Adam Zaj\u0105c<\/td><td>Weronika Chyla<\/td><\/tr><tr><td>Ko\u0142o Naukowe przy Zak\u0142adzie Zintegrowanej Opieki Medycznej<\/td><td>WMCM<\/td><td>dr n. med. Monika Sadowska; <br>dr n. o zdr. Agniesz Ba\u0142anda-Ba\u0142dyga<\/td><td>Antoni Osik<\/td><\/tr><tr><td>Ko\u0142o Naukowe Prawa Dyplomatycznego i Dyplomacji Publicznej<\/td><td>WPiA<\/td><td>dr Kamil Strz\u0119pek<\/td><td>Nela Wi\u0119c\u0142aw<\/td><\/tr><tr><td>Ko\u0142o Naukowe Prawa Finansowego  <\/td><td>WPiA <\/td><td>prof. ucz. dr hab. Piotr Zapadka<\/td><td>Szymon Bizior<\/td><\/tr><tr><td>Studenckie Ko\u0142o Naukowe Psychiatrii i Psychologii Klinicznej <\/td><td>WMCM  <\/td><td>lek. Michalina Kwasowiec<\/td><td>Sara Hofman<\/td><\/tr><tr><td>Ko\u0142o Naukowe &#8222;Dydaktyczna Odyseja&#8221;<\/td><td>WNH<\/td><td>dr \u0141ukasz Tupacz; mgr Marcin Mi\u0142ko<\/td><td>Dominik Brudnowski<\/td><\/tr><tr><td>Ko\u0142o Naukowe Dyskusyjno-Oratorskie <\/td><td>WPiA <\/td><td>dr Adam B\u0142achnio <\/td><td>Idalia Zamiela<\/td><\/tr><tr><td>Studenckie Ko\u0142o Naukowe BiotechMasters<\/td><td>WBNS<\/td><td>dr in\u017c. Bart\u0142omiej Macherzy\u0144ski;           dr in\u017c. Monika Kisiel<\/td><td>Zofia Arczewska<\/td><\/tr><tr><td>Ko\u0142o Naukowe Promocji Zdrowia<\/td><td>WMCM<\/td><td>dr n. med. Monika Sadowska<\/td><td>Antoni Osik<\/td><\/tr><tr><td>Ko\u0142o Naukowe Kognitywistyki UKSW OmniHex<\/td><td>WFCH<\/td><td>dr Joanna Skurzak<\/td><td>Maciej Ko\u0144ski<\/td><\/tr><tr><td>Ko\u0142o Naukowe Piel\u0119gniarstwa Klinicznego <\/td><td>WMCM <\/td><td>mgr Martyna Kopiec-Ostrowska <\/td><td>Laura Szklarczyk<\/td><\/tr><tr><td>Ko\u0142o Naukowe Prawa Wojskowego i Przysposobienia Obronnego<\/td><td>WPiA<\/td><td>mgr Jacek Ko\u0142ota<\/td><td>Micha\u0142 G\u0105sowski<\/td><\/tr><tr><td>Ko\u0142o Naukowe Metafizyk\u00f3w<\/td><td>WFCH<\/td><td>dr hab. Pawe\u0142 Mazanka, dr hab. Dariusz Pi\u0119tka<\/td><td>Filip Mi\u0119kus<\/td><\/tr><tr><td>Ko\u0142o Naukowe Traditio et Futura<\/td><td>WSE<\/td><td>dr Micha\u0142 Kmie\u0107<\/td><td>Piotr Kapusta<\/td><\/tr><tr><td>Studenckie Ko\u0142o Naukowe Neurologiczne Penumbra<\/td><td>WMCM<\/td><td>dr n. med. Katarzyna Gocy\u0142a-Dudar<\/td><td>Zofia Sorysz<\/td><\/tr><tr><td>Studenckie Ko\u0142o Naukowe Piel\u0119gniarstwa Ratunkowego<\/td><td>WMCM<\/td><td>mgr Mateusz Ordon<\/td><td>Oliwia Sinkiewicz<\/td><\/tr><tr><td>Studenckie Ko\u0142o Naukowe Piel\u0119gniarstwa Pediatrycznego<\/td><td>WMCM<\/td><td>mgr Katarzyna Lipowiecka<\/td><td>Patrycja Tkaczyk<\/td><\/tr><tr><td>Super Nova<\/td><td>WMPSN\u015a<\/td><td>dr hab. Micha\u0142 Artymowski<\/td><td>Franciszek Jakubowski<\/td><\/tr><tr><td>Studenckie Ko\u0142o Naukowe Interdisciplinary Medicine: Patients Advocacy, Care and Technology (Medycyny Interdyscyplinarnej: Rzecznictwo Pacjent\u00f3w, Opieka i Technologia)<\/td><td>WMCM<\/td><td>mgr Bart\u0142omiej Michalak;                              lek. Antonina \u015alubowska<\/td><td>Wioletta Kobus<\/td><\/tr><tr><td>Ko\u0142o Naukowe Hereditas <\/td><td>WNHS<\/td><td>Dr in\u017c. Katarzyna Pa\u0142ubska, prof. dr hab. Jakub Lewicki<\/td><td>Zuzanna Nieradka<\/td><\/tr><tr><td>Ko\u0142o Naukowe Teorii i Filozofii Prawa<\/td><td>WPiA<\/td><td>prof. dr hab. Artur Kotowski<\/td><td>Micha\u0142 Fredyk<\/td><\/tr><\/tbody><\/table><\/figure>\n<\/div>\n<\/div><\/div>\n\n\n\n<div class=\"wp-block-group\"><div class=\"wp-block-group__inner-container\"><\/div><\/div>\n<\/div>\n<\/div>\n\n\n\n<p><\/p>\n<\/div>\n<\/div>\n\n\n\n<p><\/p>\n","protected":false},"excerpt":{"rendered":"<p>NAZWA KO\u0141A WYDZIA\u0141 OPIEKUN PRZEWODNICZ\u0104CY Ko\u0142o Naukowe &#8222;Forum Prawa Publicznego&#8221; WPiA dr Kamil Czaplicki Wojciech Dobrza\u0144ski Ko\u0142o Naukowe Przyrodnik\u00f3w UKSW WFCh dr Micha\u0142 Latawiec Jakub Korne\u0107 Ko\u0142o Naukowe Student\u00f3w Filozofii WFCh prof. ucz dr hab. Micha\u0142 Zembrzuski Micha\u0142 Wojty\u0144ski Ko\u0142o J\u0119zykoznawcze WNH dr Katarzyna Doboszy\u0144ska-Markiewicz Maria Kozak Ko\u0142o Literackie UKSW WNH dr hab. Magdalena Saganiak, [&hellip;]<\/p>\n","protected":false},"author":1,"featured_media":0,"parent":3668,"menu_order":5,"comment_status":"closed","ping_status":"closed","template":"page-templates\/template-sub-page.php","meta":{"_acf_changed":false,"inline_featured_image":false,"footnotes":"","_links_to":"","_links_to_target":""},"class_list":["post-3808","page","type-page","status-publish","hentry"],"acf":[],"_links":{"self":[{"href":"https:\/\/cws.uksw.edu.pl\/pl\/wp-json\/wp\/v2\/pages\/3808","targetHints":{"allow":["GET"]}}],"collection":[{"href":"https:\/\/cws.uksw.edu.pl\/pl\/wp-json\/wp\/v2\/pages"}],"about":[{"href":"https:\/\/cws.uksw.edu.pl\/pl\/wp-json\/wp\/v2\/types\/page"}],"author":[{"embeddable":true,"href":"https:\/\/cws.uksw.edu.pl\/pl\/wp-json\/wp\/v2\/users\/1"}],"replies":[{"embeddable":true,"href":"https:\/\/cws.uksw.edu.pl\/pl\/wp-json\/wp\/v2\/comments?post=3808"}],"version-history":[{"count":65,"href":"https:\/\/cws.uksw.edu.pl\/pl\/wp-json\/wp\/v2\/pages\/3808\/revisions"}],"predecessor-version":[{"id":6158,"href":"https:\/\/cws.uksw.edu.pl\/pl\/wp-json\/wp\/v2\/pages\/3808\/revisions\/6158"}],"up":[{"embeddable":true,"href":"https:\/\/cws.uksw.edu.pl\/pl\/wp-json\/wp\/v2\/pages\/3668"}],"wp:attachment":[{"href":"https:\/\/cws.uksw.edu.pl\/pl\/wp-json\/wp\/v2\/media?parent=3808"}],"curies":[{"name":"wp","href":"https:\/\/api.w.org\/{rel}","templated":true}]}}