{"id":3807,"date":"2022-11-03T15:08:01","date_gmt":"2022-11-03T14:08:01","guid":{"rendered":"https:\/\/jednostki.uksw.edu.pl\/cws\/organizacje-studenckie\/formularze-do-pobrania\/"},"modified":"2026-03-27T12:41:54","modified_gmt":"2026-03-27T11:41:54","slug":"formularze-do-pobrania","status":"publish","type":"page","link":"https:\/\/cws.uksw.edu.pl\/organizacje-studenckie\/formularze-do-pobrania\/","title":{"rendered":"Formularze do pobrania"},"content":{"rendered":"\n<h2 class=\"wp-block-heading\">Za\u0142\u0105czniki do Regulaminu funkcjonowania i finansowania organizacji studenckich<\/h2>\n\n\n\r\n<div class=\"\">\r\n\r\n\r\n<div class=\"row\">\r\n\r\n  \r\n<div class=\"col-xl-12 col-lg-12 col-md-12 col-sm-12 \">\r\n\t\t<div class=\"download_detils\">\r\n\t\t\t<a href=\"https:\/\/cws.uksw.edu.pl\/wp-content\/uploads\/sites\/18\/2023\/12\/Zalacznik-nr-1-rejestracja.docx\"  title=\"Za\u0142\u0105cznik nr 1. Formularz rejestracyjny ko\u0142a\" download >\r\n\t\t\t<img decoding=\"async\" src=\"https:\/\/cws.uksw.edu.pl\/wp-content\/themes\/uksw\/images\/import.svg\" alt=\"\"> Za\u0142\u0105cznik nr 1. Formularz rejestracyjny ko\u0142a [DOCX,  0.03 MB]<\/a>\r\n\t\t<\/div>\r\n<\/div>\r\n\r\n\r\n\t\t\r\n<div class=\"col-xl-12 col-lg-12 col-md-12 col-sm-12 \">\r\n\t\t<div class=\"download_detils\">\r\n\t\t\t<a href=\"https:\/\/cws.uksw.edu.pl\/wp-content\/uploads\/sites\/18\/2026\/03\/Zalacznik-nr-2-wzor-statutu.docx\"  title=\"Za\u0142\u0105cznik nr 2. Wz\u00f3r statutu\" download >\r\n\t\t\t<img decoding=\"async\" src=\"https:\/\/cws.uksw.edu.pl\/wp-content\/themes\/uksw\/images\/import.svg\" alt=\"\"> Za\u0142\u0105cznik nr 2. Wz\u00f3r statutu [DOCX,  0.04 MB]<\/a>\r\n\t\t<\/div>\r\n<\/div>\r\n\r\n\r\n\t\t\r\n<div class=\"col-xl-12 col-lg-12 col-md-12 col-sm-12 \">\r\n\t\t<div class=\"download_detils\">\r\n\t\t\t<a href=\"https:\/\/cws.uksw.edu.pl\/wp-content\/uploads\/sites\/18\/2023\/12\/Zalacznik-nr-3-formularz-aktualizacyjny.docx\"  title=\"Za\u0142\u0105cznik nr 3. Formularz aktualizacyjny\" download >\r\n\t\t\t<img decoding=\"async\" src=\"https:\/\/cws.uksw.edu.pl\/wp-content\/themes\/uksw\/images\/import.svg\" alt=\"\"> Za\u0142\u0105cznik nr 3. Formularz aktualizacyjny [DOCX,  0.03 MB]<\/a>\r\n\t\t<\/div>\r\n<\/div>\r\n\r\n\r\n\t\t\r\n<div class=\"col-xl-12 col-lg-12 col-md-12 col-sm-12 \">\r\n\t\t<div class=\"download_detils\">\r\n\t\t\t<a href=\"https:\/\/cws.uksw.edu.pl\/wp-content\/uploads\/sites\/18\/2023\/12\/Zalacznik-nr-4-sprawozdanie-roczne.docx\"  title=\"Za\u0142\u0105cznik nr 4. Sprawozdanie roczne\" download >\r\n\t\t\t<img decoding=\"async\" src=\"https:\/\/cws.uksw.edu.pl\/wp-content\/themes\/uksw\/images\/import.svg\" alt=\"\"> Za\u0142\u0105cznik nr 4. Sprawozdanie roczne [DOCX,  0.02 MB]<\/a>\r\n\t\t<\/div>\r\n<\/div>\r\n\r\n\r\n\t\t\r\n<div class=\"col-xl-12 col-lg-12 col-md-12 col-sm-12 \">\r\n\t\t<div class=\"download_detils\">\r\n\t\t\t<a href=\"https:\/\/cws.uksw.edu.pl\/wp-content\/uploads\/sites\/18\/2023\/12\/Zalacznik-nr-5-plan-pracy.docx\"  title=\"Za\u0142\u0105cznik nr 5. Plan pracy\" download >\r\n\t\t\t<img decoding=\"async\" src=\"https:\/\/cws.uksw.edu.pl\/wp-content\/themes\/uksw\/images\/import.svg\" alt=\"\"> Za\u0142\u0105cznik nr 5. Plan pracy [DOCX,  0.02 MB]<\/a>\r\n\t\t<\/div>\r\n<\/div>\r\n\r\n\r\n\t\t\r\n<div class=\"col-xl-12 col-lg-12 col-md-12 col-sm-12 \">\r\n\t\t<div class=\"download_detils\">\r\n\t\t\t<a href=\"https:\/\/cws.uksw.edu.pl\/wp-content\/uploads\/sites\/18\/2023\/12\/Zalacznik-nr-6-wniosek-o-dofinansowanie-.docx\"  title=\"Za\u0142\u0105cznik nr 6. Wniosek o dofinansowanie inicjatywy\" download >\r\n\t\t\t<img decoding=\"async\" src=\"https:\/\/cws.uksw.edu.pl\/wp-content\/themes\/uksw\/images\/import.svg\" alt=\"\"> Za\u0142\u0105cznik nr 6. Wniosek o dofinansowanie inicjatywy [DOCX,  0.02 MB]<\/a>\r\n\t\t<\/div>\r\n<\/div>\r\n\r\n\r\n\t\t\r\n<div class=\"col-xl-12 col-lg-12 col-md-12 col-sm-12 \">\r\n\t\t<div class=\"download_detils\">\r\n\t\t\t<a href=\"https:\/\/cws.uksw.edu.pl\/wp-content\/uploads\/sites\/18\/2023\/12\/Zalacznik-nr-10-wniosek-o-zaliczke.docx\"  title=\"Za\u0142\u0105cznik nr 10. Wniosek o zaliczk\u0119\" download >\r\n\t\t\t<img decoding=\"async\" src=\"https:\/\/cws.uksw.edu.pl\/wp-content\/themes\/uksw\/images\/import.svg\" alt=\"\"> Za\u0142\u0105cznik nr 10. Wniosek o zaliczk\u0119 [DOCX,  0.02 MB]<\/a>\r\n\t\t<\/div>\r\n<\/div>\r\n\r\n\r\n\t\t\r\n<div class=\"col-xl-12 col-lg-12 col-md-12 col-sm-12 \">\r\n\t\t<div class=\"download_detils\">\r\n\t\t\t<a href=\"https:\/\/cws.uksw.edu.pl\/wp-content\/uploads\/sites\/18\/2023\/12\/Zalacznik-nr-11-rozliczenie-inicjatywy.docx\"  title=\"Za\u0142\u0105cznik nr 11. Rozliczenie inicjatywy\" download >\r\n\t\t\t<img decoding=\"async\" src=\"https:\/\/cws.uksw.edu.pl\/wp-content\/themes\/uksw\/images\/import.svg\" alt=\"\"> Za\u0142\u0105cznik nr 11. Rozliczenie inicjatywy [DOCX,  0.02 MB]<\/a>\r\n\t\t<\/div>\r\n<\/div>\r\n\r\n\r\n\t\t\r\n\t\t \r\n\r\n<\/div>\r\n<\/div>\r\n<div class=\"space20\"><\/div>\r\n\r\n\n\n\n<h2 class=\"wp-block-heading\">Pozosta\u0142e dokumenty<\/h2>\n\n\n\r\n<div class=\"\">\r\n\r\n\r\n<div class=\"row\">\r\n\r\n  \r\n<div class=\"col-xl-12 col-lg-12 col-md-12 col-sm-12 \">\r\n\t\t<div class=\"download_detils\">\r\n\t\t\t<a href=\"https:\/\/cws.uksw.edu.pl\/wp-content\/uploads\/sites\/18\/2023\/04\/zal_2_wniosek_pop.docx\"  title=\"Wniosek DZP\" download >\r\n\t\t\t<img decoding=\"async\" src=\"https:\/\/cws.uksw.edu.pl\/wp-content\/themes\/uksw\/images\/import.svg\" alt=\"\"> Wniosek DZP [DOCX,  0.03 MB]<\/a>\r\n\t\t<\/div>\r\n<\/div>\r\n\r\n\r\n\t\t\r\n<div class=\"col-xl-12 col-lg-12 col-md-12 col-sm-12 \">\r\n\t\t<div class=\"download_detils\">\r\n\t\t\t<a href=\"https:\/\/cws.uksw.edu.pl\/wp-content\/uploads\/sites\/18\/2023\/04\/zal_do_dec_34.docx\"  title=\"Zam\u00f3wienie materia\u0142\u00f3w biurowych\" download >\r\n\t\t\t<img decoding=\"async\" src=\"https:\/\/cws.uksw.edu.pl\/wp-content\/themes\/uksw\/images\/import.svg\" alt=\"\"> Zam\u00f3wienie materia\u0142\u00f3w biurowych [DOCX,  0.03 MB]<\/a>\r\n\t\t<\/div>\r\n<\/div>\r\n\r\n\r\n\t\t\r\n<div class=\"col-xl-12 col-lg-12 col-md-12 col-sm-12 \">\r\n\t\t<div class=\"download_detils\">\r\n\t\t\t<a href=\"https:\/\/cws.uksw.edu.pl\/wp-content\/uploads\/sites\/18\/2023\/04\/ODK2023.docx\"  title=\"Opis dowodu ksi\u0119gowego\" download >\r\n\t\t\t<img decoding=\"async\" src=\"https:\/\/cws.uksw.edu.pl\/wp-content\/themes\/uksw\/images\/import.svg\" alt=\"\"> Opis dowodu ksi\u0119gowego [DOCX,  0.02 MB]<\/a>\r\n\t\t<\/div>\r\n<\/div>\r\n\r\n\r\n\t\t\r\n<div class=\"col-xl-12 col-lg-12 col-md-12 col-sm-12 \">\r\n\t\t<div class=\"download_detils\">\r\n\t\t\t<a href=\"https:\/\/cws.uksw.edu.pl\/wp-content\/uploads\/sites\/18\/2022\/11\/Umowa.pdf\"  title=\"Umowa odbycia podr\u00f3\u017cy s\u0142u\u017cbowej\" download >\r\n\t\t\t<img decoding=\"async\" src=\"https:\/\/cws.uksw.edu.pl\/wp-content\/themes\/uksw\/images\/import.svg\" alt=\"\"> Umowa odbycia podr\u00f3\u017cy s\u0142u\u017cbowej [PDF,  0.05 MB]<\/a>\r\n\t\t<\/div>\r\n<\/div>\r\n\r\n\r\n\t\t\r\n<div class=\"col-xl-12 col-lg-12 col-md-12 col-sm-12 \">\r\n\t\t<div class=\"download_detils\">\r\n\t\t\t<a href=\"https:\/\/cws.uksw.edu.pl\/wp-content\/uploads\/sites\/18\/2022\/11\/Polecenie-wyjazdu-sluzbowego.pdf\"  title=\"Polecenie wyjazdu s\u0142u\u017cbowego krajowego\" download >\r\n\t\t\t<img decoding=\"async\" src=\"https:\/\/cws.uksw.edu.pl\/wp-content\/themes\/uksw\/images\/import.svg\" alt=\"\"> Polecenie wyjazdu s\u0142u\u017cbowego krajowego [PDF,  0.08 MB]<\/a>\r\n\t\t<\/div>\r\n<\/div>\r\n\r\n\r\n\t\t\r\n<div class=\"col-xl-12 col-lg-12 col-md-12 col-sm-12 \">\r\n\t\t<div class=\"download_detils\">\r\n\t\t\t<a href=\"https:\/\/cws.uksw.edu.pl\/wp-content\/uploads\/sites\/18\/2022\/11\/Polecenie-wyjazdu-za-granice.pdf\"  title=\"Polecenie wyjazdu s\u0142u\u017cbowego za granic\u0119\" download >\r\n\t\t\t<img decoding=\"async\" src=\"https:\/\/cws.uksw.edu.pl\/wp-content\/themes\/uksw\/images\/import.svg\" alt=\"\"> Polecenie wyjazdu s\u0142u\u017cbowego za granic\u0119 [PDF,  0.06 MB]<\/a>\r\n\t\t<\/div>\r\n<\/div>\r\n\r\n\r\n\t\t\r\n<div class=\"col-xl-12 col-lg-12 col-md-12 col-sm-12 \">\r\n\t\t<div class=\"download_detils\">\r\n\t\t\t<a href=\"https:\/\/cws.uksw.edu.pl\/wp-content\/uploads\/sites\/18\/2022\/11\/Rozliczenie-wyjazdu-zagranicznego.pdf\"  title=\"Rozliczenie wyjazdu s\u0142u\u017cbowego zagranicznego\" download >\r\n\t\t\t<img decoding=\"async\" src=\"https:\/\/cws.uksw.edu.pl\/wp-content\/themes\/uksw\/images\/import.svg\" alt=\"\"> Rozliczenie wyjazdu s\u0142u\u017cbowego zagranicznego [PDF,  0.08 MB]<\/a>\r\n\t\t<\/div>\r\n<\/div>\r\n\r\n\r\n\t\t\r\n\t\t \r\n\r\n<\/div>\r\n<\/div>\r\n<div class=\"space20\"><\/div>\r\n\r\n","protected":false},"excerpt":{"rendered":"<p>Za\u0142\u0105czniki do Regulaminu funkcjonowania i finansowania organizacji studenckich Pozosta\u0142e dokumenty<\/p>\n","protected":false},"author":1,"featured_media":0,"parent":3668,"menu_order":4,"comment_status":"closed","ping_status":"closed","template":"page-templates\/template-sub-page.php","meta":{"_acf_changed":false,"inline_featured_image":false,"footnotes":"","_links_to":"","_links_to_target":""},"class_list":["post-3807","page","type-page","status-publish","hentry"],"acf":[],"_links":{"self":[{"href":"https:\/\/cws.uksw.edu.pl\/pl\/wp-json\/wp\/v2\/pages\/3807","targetHints":{"allow":["GET"]}}],"collection":[{"href":"https:\/\/cws.uksw.edu.pl\/pl\/wp-json\/wp\/v2\/pages"}],"about":[{"href":"https:\/\/cws.uksw.edu.pl\/pl\/wp-json\/wp\/v2\/types\/page"}],"author":[{"embeddable":true,"href":"https:\/\/cws.uksw.edu.pl\/pl\/wp-json\/wp\/v2\/users\/1"}],"replies":[{"embeddable":true,"href":"https:\/\/cws.uksw.edu.pl\/pl\/wp-json\/wp\/v2\/comments?post=3807"}],"version-history":[{"count":18,"href":"https:\/\/cws.uksw.edu.pl\/pl\/wp-json\/wp\/v2\/pages\/3807\/revisions"}],"predecessor-version":[{"id":6156,"href":"https:\/\/cws.uksw.edu.pl\/pl\/wp-json\/wp\/v2\/pages\/3807\/revisions\/6156"}],"up":[{"embeddable":true,"href":"https:\/\/cws.uksw.edu.pl\/pl\/wp-json\/wp\/v2\/pages\/3668"}],"wp:attachment":[{"href":"https:\/\/cws.uksw.edu.pl\/pl\/wp-json\/wp\/v2\/media?parent=3807"}],"curies":[{"name":"wp","href":"https:\/\/api.w.org\/{rel}","templated":true}]}}