{"id":3805,"date":"2022-11-03T15:06:08","date_gmt":"2022-11-03T14:06:08","guid":{"rendered":"https:\/\/jednostki.uksw.edu.pl\/cws\/o-nas\/"},"modified":"2025-02-14T15:12:37","modified_gmt":"2025-02-14T14:12:37","slug":"o-nas","status":"publish","type":"page","link":"https:\/\/cws.uksw.edu.pl\/o-nas\/","title":{"rendered":"O nas"},"content":{"rendered":"\n<h2 class=\"wp-block-heading\">Zadania realizowane w CWS<\/h2>\n\n\n\n<ul class=\"wp-block-list\">\n<li>wsp\u00f3\u0142praca z dziekanatami w sprawach studenckich,<\/li>\n\n\n\n<li>wsp\u00f3\u0142praca z Samorz\u0105dem Student\u00f3w i Samorz\u0105dem Doktorant\u00f3w,<\/li>\n\n\n\n<li>w przypadku skarg i odwo\u0142a\u0144, przygotowanie materia\u0142\u00f3w niezb\u0119dnych do podj\u0119cia decyzji przez prorektora,<\/li>\n\n\n\n<li>nadz\u00f3r nad dzia\u0142alno\u015bci\u0105 jednostek og\u00f3lnouczelnianych: Dzia\u0142u Pomocy Materialnej dla Student\u00f3w, Biura Rekrutacji, Biura ds. os\u00f3b z niepe\u0142nosprawno\u015bci\u0105,<\/li>\n\n\n\n<li>organizacja i administracja programu dla student\u00f3w \u201eLegia Akademicka\u201d,<\/li>\n\n\n\n<li>wsp\u00f3\u0142praca z Santander Bank Polska, koordynowanie dzia\u0142a\u0144 zwi\u0105zanych z przyznaniem nagrody Santander Universidades,<\/li>\n\n\n\n<li>organizacja projekt\u00f3w rozwojowych dla student\u00f3w, wsp\u00f3\u0142finansowanych przez Santander Bank Polska,<\/li>\n\n\n\n<li>organizowanie szkole\u0144 wewn\u0119trznych i zewn\u0119trznych dotycz\u0105cych obs\u0142ugi studenta,<\/li>\n\n\n\n<li>przygotowanie projekt\u00f3w wewn\u0119trznych akt\u00f3w prawnych dotycz\u0105cych zada\u0144 jednostki i kontrola ju\u017c istniej\u0105cych,<\/li>\n\n\n\n<li>wdra\u017canie nowych rozwi\u0105za\u0144 na rzecz lepszej wsp\u00f3\u0142pracy ze studentami,<\/li>\n\n\n\n<li>prowadzenie rejestru organizacji studenckich oraz wszelkiej dokumentacji k\u00f3\u0142 naukowych,<\/li>\n\n\n\n<li>nadz\u00f3r nad funduszem organizacji studenckich i przeprowadzanie konkurs\u00f3w na dofinansowanie inicjatyw studenckich,<\/li>\n\n\n\n<li>nadz\u00f3r nad organizacj\u0105 pomocy psychologicznej dla student\u00f3w,<\/li>\n\n\n\n<li>koordynowanie i dokumentacja studenckich i doktoranckich spraw dyscyplinarnych,<\/li>\n\n\n\n<li>bezpo\u015brednie wsparcie student\u00f3w \u2013 spotkania indywidualne.<\/li>\n<\/ul>\n","protected":false},"excerpt":{"rendered":"<p>Zadania realizowane w CWS<\/p>\n","protected":false},"author":1,"featured_media":4552,"parent":0,"menu_order":2,"comment_status":"closed","ping_status":"closed","template":"page-templates\/template-sub-page.php","meta":{"_acf_changed":false,"inline_featured_image":false,"footnotes":"","_links_to":"","_links_to_target":""},"class_list":["post-3805","page","type-page","status-publish","has-post-thumbnail","hentry"],"acf":[],"_links":{"self":[{"href":"https:\/\/cws.uksw.edu.pl\/pl\/wp-json\/wp\/v2\/pages\/3805","targetHints":{"allow":["GET"]}}],"collection":[{"href":"https:\/\/cws.uksw.edu.pl\/pl\/wp-json\/wp\/v2\/pages"}],"about":[{"href":"https:\/\/cws.uksw.edu.pl\/pl\/wp-json\/wp\/v2\/types\/page"}],"author":[{"embeddable":true,"href":"https:\/\/cws.uksw.edu.pl\/pl\/wp-json\/wp\/v2\/users\/1"}],"replies":[{"embeddable":true,"href":"https:\/\/cws.uksw.edu.pl\/pl\/wp-json\/wp\/v2\/comments?post=3805"}],"version-history":[{"count":15,"href":"https:\/\/cws.uksw.edu.pl\/pl\/wp-json\/wp\/v2\/pages\/3805\/revisions"}],"predecessor-version":[{"id":5606,"href":"https:\/\/cws.uksw.edu.pl\/pl\/wp-json\/wp\/v2\/pages\/3805\/revisions\/5606"}],"wp:featuredmedia":[{"embeddable":true,"href":"https:\/\/cws.uksw.edu.pl\/pl\/wp-json\/wp\/v2\/media\/4552"}],"wp:attachment":[{"href":"https:\/\/cws.uksw.edu.pl\/pl\/wp-json\/wp\/v2\/media?parent=3805"}],"curies":[{"name":"wp","href":"https:\/\/api.w.org\/{rel}","templated":true}]}}