{"id":3714,"date":"2022-10-17T12:49:16","date_gmt":"2022-10-17T10:49:16","guid":{"rendered":"https:\/\/jednostki.uksw.edu.pl\/bon\/?page_id=3714"},"modified":"2024-03-27T13:13:01","modified_gmt":"2024-03-27T12:13:01","slug":"program-most","status":"publish","type":"page","link":"https:\/\/cws.uksw.edu.pl\/program-most\/","title":{"rendered":"Program MOST"},"content":{"rendered":"\n<p>Dzia\u0142aj\u0105cy od 20 lat program umo\u017cliwia studentom wyb\u00f3r uczelni spo\u015br\u00f3d niemal 30<strong>&nbsp;<\/strong>najlepszych o\u015brodk\u00f3w akademickich w Polsce. Program Most to 1200 ofert na studiach licencjackich, 1000 na studiach uzupe\u0142niaj\u0105cych magisterskich i 50 na in\u017cynierskich. R\u00f3wnie\u017c studiuj\u0105cy w systemie jednolitych studi\u00f3w magisterskich maj\u0105 do wyboru 100 ofert, za\u015b do doktorant\u00f3w skierowanych jest 250 ofert.<\/p>\n\n\n\n<h2 class=\"wp-block-heading\">MOST a Erasmus<\/h2>\n\n\n\n<p>Program MOST umo\u017cliwia studiowanie&nbsp;na uczelni przyjmuj\u0105cej studenta, nie tylko na takim samym kierunku jak na uczelni macierzystej, ale tak\u017ce na kierunku pokrewnym. Skorzystanie z oferty Programu jest mo\u017cliwe nawet w\u00f3wczas, gdy wcze\u015bniej by\u0142o si\u0119 uczestnikiem&nbsp;<a href=\"https:\/\/dwm.uksw.edu.pl\/index.php?option=com_content&amp;view=article&amp;id=527&amp;Itemid=203\" target=\"_blank\" rel=\"noreferrer noopener\">Programu Erasmus+<\/a>. Beneficjent MOST-u mo\u017ce w przysz\u0142o\u015bci ubiega\u0107 si\u0119 o wyjazd na Erasmusa.<\/p>\n\n\n\n<h2 class=\"wp-block-heading\">Kto mo\u017ce si\u0119 ubiega\u0107?<\/h2>\n\n\n\n<ul class=\"wp-block-list\">\n<li>studenci po uko\u0144czeniu drugiego semestru&nbsp;jednolitych studi\u00f3w magisterskich,<\/li>\n\n\n\n<li>studenci po uko\u0144czeniu drugiego semestru studi\u00f3w I stopnia,<\/li>\n\n\n\n<li>studenci po uko\u0144czeniu pierwszego semestru na&nbsp;studiach II stopnia,<\/li>\n\n\n\n<li>doktoranci po uko\u0144czeniu pierwszego roku studi\u00f3w&nbsp;doktoranckich.<\/li>\n<\/ul>\n\n\n\n<h2 class=\"wp-block-heading\">MOST to mo\u017cliwo\u015b\u0107:<\/h2>\n\n\n\n<ul class=\"wp-block-list\">\n<li>realizacji programu studi\u00f3w na uczelni innej ni\u017c macierzysta,<\/li>\n\n\n\n<li>wyboru dodatkowych, zwi\u0105zanych z zainteresowaniem student\u00f3w zaj\u0119\u0107 dydaktycznych,<\/li>\n\n\n\n<li>nawi\u0105zania kontaktu ze specjalistami w danej dziedzinie, pracuj\u0105cymi na uczelni innej ni\u017c macierzysta,<\/li>\n\n\n\n<li>korzystania z ksi\u0119gozbioru innej uczelni, wykonywania kwerend bibliotecznych poza o\u015brodkiem macierzystym,<\/li>\n\n\n\n<li>prowadzenia bada\u0144 do pracy seminaryjnej, magisterskiej czy dysertacji doktorskiej w \u015brodowisku powi\u0105zanym z przedmiotem analiz,<\/li>\n\n\n\n<li>nawi\u0105zania kontakt\u00f3w ze \u015brodowiskiem naukowym innego wydzia\u0142u, instytutu, katedry,<\/li>\n\n\n\n<li>wykazania si\u0119, tak\u017ce przed przysz\u0142ym pracodawc\u0105, umiej\u0119tno\u015bci\u0105 adaptacji do nowych warunk\u00f3w, mobilno\u015bci\u0105.<\/li>\n<\/ul>\n\n\n\n<p>W ramach MOST-u nie mo\u017cna studiowa\u0107 na innym kierunku swojego uniwersytetu macierzystego, mo\u017cna natomiast wybra\u0107 Uniwersytet w tym samym mie\u015bcie. Dopuszczona jest nawet mo\u017cliwo\u015b\u0107 wyboru&nbsp;<strong>tylko jednego<\/strong>&nbsp;przedmiotu z oferty uczelni przyjmuj\u0105cej.<\/p>\n\n\n\n<h2 class=\"wp-block-heading\">Wi\u0119cej szczeg\u00f3\u0142\u00f3w znajd\u0105 Pa\u0144stwo:<\/h2>\n\n\n\n<ul class=\"wp-block-list\">\n<li>na <a href=\"https:\/\/most.amu.edu.pl\/\">oficjalnej stronie&nbsp;Programu MOST<\/a>,<\/li>\n\n\n\n<li>w\u00a0<a href=\"https:\/\/cws.uksw.edu.pl\/wp-content\/uploads\/sites\/18\/2022\/11\/Regulamin_PPOGRAM_MOST.pdf\" data-type=\"URL\" data-id=\"https:\/\/cws.uksw.edu.pl\/wp-content\/uploads\/sites\/18\/2022\/11\/Regulamin_PPOGRAM_MOST.pdf\">Regulaminie Programu MOST<\/a>.<\/li>\n<\/ul>\n\n\n\n<p>Polecamy tak\u017ce <a href=\"https:\/\/www.facebook.com\/programmost2000\">profil Programu na&nbsp;FACEBOOKU<\/a>.<\/p>\n\n\n\n<p>Koordynatorem uczelnianym programu jest\u00a0<a href=\"mailto:b.karpiuk@uksw.edu.pl\" data-type=\"mailto\" data-id=\"mailto:b.karpiuk@uksw.edu.pl\">Beata Karpiuk<\/a> &#8211; kierownik Centrum Wsparcia Dydaktyki<\/p>\n","protected":false},"excerpt":{"rendered":"<p>Dzia\u0142aj\u0105cy od 20 lat program umo\u017cliwia studentom wyb\u00f3r uczelni spo\u015br\u00f3d niemal 30&nbsp;najlepszych o\u015brodk\u00f3w akademickich w Polsce. Program Most to 1200 ofert na studiach licencjackich, 1000 na studiach uzupe\u0142niaj\u0105cych magisterskich i 50 na in\u017cynierskich. R\u00f3wnie\u017c studiuj\u0105cy w systemie jednolitych studi\u00f3w magisterskich maj\u0105 do wyboru 100 ofert, za\u015b do doktorant\u00f3w skierowanych jest 250 ofert. MOST a Erasmus [&hellip;]<\/p>\n","protected":false},"author":7,"featured_media":4555,"parent":0,"menu_order":1,"comment_status":"closed","ping_status":"closed","template":"page-templates\/template-sub-page.php","meta":{"_acf_changed":false,"inline_featured_image":false,"footnotes":"","_links_to":"","_links_to_target":""},"class_list":["post-3714","page","type-page","status-publish","has-post-thumbnail","hentry"],"acf":[],"_links":{"self":[{"href":"https:\/\/cws.uksw.edu.pl\/pl\/wp-json\/wp\/v2\/pages\/3714","targetHints":{"allow":["GET"]}}],"collection":[{"href":"https:\/\/cws.uksw.edu.pl\/pl\/wp-json\/wp\/v2\/pages"}],"about":[{"href":"https:\/\/cws.uksw.edu.pl\/pl\/wp-json\/wp\/v2\/types\/page"}],"author":[{"embeddable":true,"href":"https:\/\/cws.uksw.edu.pl\/pl\/wp-json\/wp\/v2\/users\/7"}],"replies":[{"embeddable":true,"href":"https:\/\/cws.uksw.edu.pl\/pl\/wp-json\/wp\/v2\/comments?post=3714"}],"version-history":[{"count":13,"href":"https:\/\/cws.uksw.edu.pl\/pl\/wp-json\/wp\/v2\/pages\/3714\/revisions"}],"predecessor-version":[{"id":5123,"href":"https:\/\/cws.uksw.edu.pl\/pl\/wp-json\/wp\/v2\/pages\/3714\/revisions\/5123"}],"wp:featuredmedia":[{"embeddable":true,"href":"https:\/\/cws.uksw.edu.pl\/pl\/wp-json\/wp\/v2\/media\/4555"}],"wp:attachment":[{"href":"https:\/\/cws.uksw.edu.pl\/pl\/wp-json\/wp\/v2\/media?parent=3714"}],"curies":[{"name":"wp","href":"https:\/\/api.w.org\/{rel}","templated":true}]}}