{"id":3668,"date":"2022-10-14T15:06:07","date_gmt":"2022-10-14T13:06:07","guid":{"rendered":"https:\/\/jednostki.uksw.edu.pl\/bbn\/badania-naukowe\/"},"modified":"2022-12-21T10:21:23","modified_gmt":"2022-12-21T09:21:23","slug":"organizacje-studenckie","status":"publish","type":"page","link":"https:\/\/cws.uksw.edu.pl\/organizacje-studenckie\/","title":{"rendered":"Organizacje studenckie"},"content":{"rendered":"   <div class=\"\">\n\n\n<div class=\"news_page\">\n                <div class=\"container\"> \n                        <div class=\"row\">\n                                <div class=\"col-xl-10 col-lg-10 col-md-9 col-sm-12\">\n                                        <div class=\"heading_bg_in1\">\n                                        <div class=\"headingh2\"><\/div>\n                                        <\/div>\n                                <\/div>\n                                <div class=\"col-xl-2 col-lg-2 col-md-3 col-sm-12\">\n                                                                    <\/div>\n                        <\/div>\n\n                        <div class=\"row\">\n                                                 \n\n                                    \n\n                       <div class=\"col-xxl-4 col-xl-6 col-lg-6 col-md-12 col-sm-12 project\">\n                          <a href=\"https:\/\/cws.uksw.edu.pl\/?post_type=post&#038;p=6111\">\n                                <div class=\"image_container project_box\">\n                                    <img decoding=\"async\" src=\"https:\/\/cws.uksw.edu.pl\/wp-content\/uploads\/sites\/18\/2026\/03\/dzien-otwarty1-507x388.jpg\" class=\"image_inner\" alt=\"\">\n                                        <div class=\"overlay\">\n                                            <div class=\"text\">\n                                                <div class=\"text1\">Dzie\u0144 Otwarty Szko\u0142y Doktorskiej<\/div>\n                                                <div class=\"text2\">Wydarzenie odb\u0119dzie si\u0119 10 kwietnia w godz. 11.00\u201315.00 w sali konferencyjnej&#8230;<\/div>\n                                            <\/div>\n                                        <\/div>\n                                <\/div>\n                                <\/a>\n                          <\/div>\n\n                                       \n\n                                        \n\n                       <div class=\"col-xxl-4 col-xl-6 col-lg-6 col-md-12 col-sm-12 project\">\n                          <a href=\"https:\/\/cws.uksw.edu.pl\/?post_type=post&#038;p=6102\">\n                                <div class=\"image_container project_box\">\n                                    <img decoding=\"async\" src=\"https:\/\/cws.uksw.edu.pl\/wp-content\/uploads\/sites\/18\/2026\/03\/perspektywy-507x388.jpg\" class=\"image_inner\" alt=\"\">\n                                        <div class=\"overlay\">\n                                            <div class=\"text\">\n                                                <div class=\"text1\">II transza konkursowa na\u00a0dofinansowanie inicjatyw studenckich&#8230;<\/div>\n                                                <div class=\"text2\">Do\u00a010 marca 2026\u00a0r. mo\u017cna sk\u0142ada\u0107 wnioski o\u00a0dofinansowanie inicjatyw studenckich&#8230;<\/div>\n                                            <\/div>\n                                        <\/div>\n                                <\/div>\n                                <\/a>\n                          <\/div>\n\n                                       \n\n                                        \n\n                       <div class=\"col-xxl-4 col-xl-6 col-lg-6 col-md-12 col-sm-12 project\">\n                          <a href=\"https:\/\/cws.uksw.edu.pl\/?post_type=post&#038;p=4682\">\n                                <div class=\"image_container project_box\">\n                                    <img decoding=\"async\" src=\"https:\/\/cws.uksw.edu.pl\/wp-content\/themes\/uksw\/images\/news_nophoto.png\" class=\"image_inner\" alt=\"\">\n                                        <div class=\"overlay\">\n                                            <div class=\"text\">\n                                                <div class=\"text1\">I transza konkursowa na dofinansowanie inicjatyw studenckich&#8230;<\/div>\n                                                <div class=\"text2\">Do 12 stycznia 2026 r. mo\u017cna sk\u0142ada\u0107 wnioski o dofinansowanie inicjatyw studenckich&#8230;<\/div>\n                                            <\/div>\n                                        <\/div>\n                                <\/div>\n                                <\/a>\n                          <\/div>\n\n                                       \n\n                                        \n\n                       <div class=\"col-xxl-4 col-xl-6 col-lg-6 col-md-12 col-sm-12 project\">\n                          <a href=\"https:\/\/cws.uksw.edu.pl\/?post_type=post&#038;p=5999\">\n                                <div class=\"image_container project_box\">\n                                    <img decoding=\"async\" src=\"https:\/\/cws.uksw.edu.pl\/wp-content\/uploads\/sites\/18\/2025\/12\/konferencja-507x388.jpg\" class=\"image_inner\" alt=\"\">\n                                        <div class=\"overlay\">\n                                            <div class=\"text\">\n                                                <div class=\"text1\">Mi\u0119dzynarodowa Konferencja Naukowa \u201eHeritage, Sovereignty,&#8230;<\/div>\n                                                <div class=\"text2\">Zapraszamy do udzia\u0142u w Mi\u0119dzynarodowej Konferencji Naukowej \u201eHeritage, Sovereignty,&#8230;<\/div>\n                                            <\/div>\n                                        <\/div>\n                                <\/div>\n                                <\/a>\n                          <\/div>\n\n                                       \n\n                                        \n\n                       <div class=\"col-xxl-4 col-xl-6 col-lg-6 col-md-12 col-sm-12 project\">\n                          <a href=\"https:\/\/cws.uksw.edu.pl\/?post_type=post&#038;p=5925\">\n                                <div class=\"image_container project_box\">\n                                    <img decoding=\"async\" src=\"https:\/\/cws.uksw.edu.pl\/wp-content\/themes\/uksw\/images\/news_nophoto.png\" class=\"image_inner\" alt=\"\">\n                                        <div class=\"overlay\">\n                                            <div class=\"text\">\n                                                <div class=\"text1\">XI Og\u00f3lnopolska Sesja Studenckich K\u00f3\u0142 Naukowych<\/div>\n                                                <div class=\"text2\">W dniach 4\u20135 grudnia 2025 roku\u00a0odb\u0119dzie si\u0119\u00a0XI\u00a0Og\u00f3lnopolska Sesja Studenckich&#8230;<\/div>\n                                            <\/div>\n                                        <\/div>\n                                <\/div>\n                                <\/a>\n                          <\/div>\n\n                                       \n\n                                        \n\n                       <div class=\"col-xxl-4 col-xl-6 col-lg-6 col-md-12 col-sm-12 project\">\n                          <a href=\"https:\/\/cws.uksw.edu.pl\/?post_type=post&#038;p=5387\">\n                                <div class=\"image_container project_box\">\n                                    <img decoding=\"async\" src=\"https:\/\/cws.uksw.edu.pl\/wp-content\/themes\/uksw\/images\/news_nophoto.png\" class=\"image_inner\" alt=\"\">\n                                        <div class=\"overlay\">\n                                            <div class=\"text\">\n                                                <div class=\"text1\">XI Og\u00f3lnopolska Sesja Studenckich K\u00f3\u0142 Naukowych<\/div>\n                                                <div class=\"text2\">W dniach 4\u20135 grudnia 2025 roku\u00a0odb\u0119dzie si\u0119\u00a0XI\u00a0Og\u00f3lnopolska Sesja Studenckich&#8230;<\/div>\n                                            <\/div>\n                                        <\/div>\n                                <\/div>\n                                <\/a>\n                          <\/div>\n\n                                       \n\n                                        \n\n                       <div class=\"col-xxl-4 col-xl-6 col-lg-6 col-md-12 col-sm-12 project\">\n                          <a href=\"https:\/\/cws.uksw.edu.pl\/?post_type=post&#038;p=5747\">\n                                <div class=\"image_container project_box\">\n                                    <img decoding=\"async\" src=\"https:\/\/cws.uksw.edu.pl\/wp-content\/uploads\/sites\/18\/2025\/04\/Studenci-plakat1-507x388.png\" class=\"image_inner\" alt=\"\">\n                                        <div class=\"overlay\">\n                                            <div class=\"text\">\n                                                <div class=\"text1\">Uwaga &#8211; zmiana terminu Og\u00f3lnopolskiej Konferencji&#8230;<\/div>\n                                                <div class=\"text2\">Szanowni Pa\u0144stwo, Studentki i Studenci, Uniwersytet Pomorski w S\u0142upsku ma zaszczyt&#8230;<\/div>\n                                            <\/div>\n                                        <\/div>\n                                <\/div>\n                                <\/a>\n                          <\/div>\n\n                                       \n\n                                        \n\n                       <div class=\"col-xxl-4 col-xl-6 col-lg-6 col-md-12 col-sm-12 project\">\n                          <a href=\"https:\/\/cws.uksw.edu.pl\/?post_type=post&#038;p=5776\">\n                                <div class=\"image_container project_box\">\n                                    <img decoding=\"async\" src=\"https:\/\/cws.uksw.edu.pl\/wp-content\/uploads\/sites\/18\/2025\/04\/nauka-i-pasja-e1745412253724-507x388.jpg\" class=\"image_inner\" alt=\"\">\n                                        <div class=\"overlay\">\n                                            <div class=\"text\">\n                                                <div class=\"text1\">XVI Og\u00f3lnopolska Konferencja \u201eNauka i pasja kluczem&#8230;<\/div>\n                                                <div class=\"text2\">Zapraszamy student\u00f3w i m\u0142odych naukowc\u00f3w do udzia\u0142u w XVI Og\u00f3lnopolskiej Konferencji&#8230;<\/div>\n                                            <\/div>\n                                        <\/div>\n                                <\/div>\n                                <\/a>\n                          <\/div>\n\n                                       \n\n                                        \n\n                       <div class=\"col-xxl-4 col-xl-6 col-lg-6 col-md-12 col-sm-12 project\">\n                          <a href=\"https:\/\/cws.uksw.edu.pl\/?post_type=post&#038;p=5722\">\n                                <div class=\"image_container project_box\">\n                                    <img decoding=\"async\" src=\"https:\/\/cws.uksw.edu.pl\/wp-content\/uploads\/sites\/18\/2025\/03\/Green-and-White-Reminder-Facebook-Post-507x388.png\" class=\"image_inner\" alt=\"\">\n                                        <div class=\"overlay\">\n                                            <div class=\"text\">\n                                                <div class=\"text1\">Szkolenie z rozliczania inicjatyw studenckich<\/div>\n                                                <div class=\"text2\">Zapraszamy na szkolenie z rozliczania inicjatyw studenckich, kt\u00f3re odb\u0119dzie&#8230;<\/div>\n                                            <\/div>\n                                        <\/div>\n                                <\/div>\n                                <\/a>\n                          <\/div>\n\n                                       \n\n                                        \n                                        <div class=\"col-xl-12\">\n                                                                                  <div class=\"pages\"><nav aria-label=\"Nawigacja stron\">\r\n\t\t\t\r\n\t\t\t<ul class=\"pagination \"><li class=\"page-item\"><a class=\"page-link\" href=\"#\" aria-label=\"Poprzednia strona \">\r\n       <span aria-hidden=\"true\"><img decoding=\"async\" src=\"https:\/\/cws.uksw.edu.pl\/wp-content\/themes\/uksw\/images\/grey_page_arrow.svg\" alt=\"\"> <\/span><\/a><\/li><li class=\"page-item\"><span aria-current=\"page\" class=\"page-link  current\">1<\/span><\/li><li class=\"page-item\"><a class=\"page-link\" aria-label=\"2. strona \" href=\"https:\/\/cws.uksw.edu.pl\/pl\/wp-json\/wp\/v2\/pages\/3668\/page\/2\/\">2<\/a><\/li><li class=\"page-item\"><span class=\"page-link dots\">&hellip;<\/span><\/li><li class=\"page-item\"><a class=\"page-link\" aria-label=\"5. strona \" href=\"https:\/\/cws.uksw.edu.pl\/pl\/wp-json\/wp\/v2\/pages\/3668\/page\/5\/\">5<\/a><\/li><li class=\"page-item\"><a class=\"page-link next but_next\" aria-label=\"Nast\u0119pna strona \" href=\"https:\/\/cws.uksw.edu.pl\/pl\/wp-json\/wp\/v2\/pages\/3668\/page\/2\/\"><img decoding=\"async\" src=\"https:\/\/cws.uksw.edu.pl\/wp-content\/themes\/uksw\/images\/blue_page_arrow.svg\" alt=\"Nast\u0119pna\"><\/a><\/li><\/ul>\r\n\r\n\t\t<\/nav><\/div>                                          <\/div>\n                            \n                        <\/div>\n\n\n                <\/div>\n        <\/div>\n\n\n<\/div>\n\n\n\n<div style=\"height:32px\" aria-hidden=\"true\" class=\"wp-block-spacer\"><\/div>\n\n\n\n<hr class=\"wp-block-separator has-alpha-channel-opacity\"\/>\n\n\n\n<div style=\"height:32px\" aria-hidden=\"true\" class=\"wp-block-spacer\"><\/div>\n\n\n\r\n<div class=\"\">\r\n\r\n<div class=\"page_heading\"> <img decoding=\"async\" src=\"https:\/\/cws.uksw.edu.pl\/wp-content\/themes\/uksw\/images\/note-2_white.svg\" alt=\"\"> Wybierz interesuj\u0105cy Ci\u0119 dzia\u0142:<\/div>\r\n<div class=\"candidate_box_sec\">\r\n<div class=\"row\">\r\n\r\n    \r\n                                \r\n                            <div class=\"col-xl-6 col-lg-6 col-md-12 col-sm-12 project\">\r\n                                <a href=\"https:\/\/cws.uksw.edu.pl\/?post_type=page&#038;p=3806\" class=\"project_box\">\r\n                                    <div class=\"candidate_box project_box\">\r\n                                        <div class=\"candidate_box_title\">Regulamin<\/div>\r\n                                                                                <img decoding=\"async\" src=\"https:\/\/cws.uksw.edu.pl\/wp-content\/themes\/uksw\/images\/arrow_more1.svg\" alt=\"\">  \r\n                                    <\/div>\r\n                                <\/a>\r\n                            <\/div>\r\n                      \r\n                        \r\n                            \r\n                                \r\n                            <div class=\"col-xl-6 col-lg-6 col-md-12 col-sm-12 project\">\r\n                                <a href=\"https:\/\/cws.uksw.edu.pl\/?post_type=page&#038;p=3807\" class=\"project_box\">\r\n                                    <div class=\"candidate_box project_box\">\r\n                                        <div class=\"candidate_box_title\">Formularze<\/div>\r\n                                                                                <div class=\"candidate_box_sub_title\">do pobrania<\/div>\r\n                                                                                <img decoding=\"async\" src=\"https:\/\/cws.uksw.edu.pl\/wp-content\/themes\/uksw\/images\/arrow_more1.svg\" alt=\"\">  \r\n                                    <\/div>\r\n                                <\/a>\r\n                            <\/div>\r\n                      \r\n                        \r\n                            \r\n                                \r\n                            <div class=\"col-xl-6 col-lg-6 col-md-12 col-sm-12 project\">\r\n                                <a href=\"https:\/\/cws.uksw.edu.pl\/?post_type=page&#038;p=5299\" class=\"project_box\">\r\n                                    <div class=\"candidate_box project_box\">\r\n                                        <div class=\"candidate_box_title\">Wykaz<\/div>\r\n                                                                                <div class=\"candidate_box_sub_title\">zawieszonych k\u00f3\u0142 naukowych<\/div>\r\n                                                                                <img decoding=\"async\" src=\"https:\/\/cws.uksw.edu.pl\/wp-content\/themes\/uksw\/images\/arrow_more1.svg\" alt=\"\">  \r\n                                    <\/div>\r\n                                <\/a>\r\n                            <\/div>\r\n                      \r\n                        \r\n                            \r\n                                \r\n                            <div class=\"col-xl-6 col-lg-6 col-md-12 col-sm-12 project\">\r\n                                <a href=\"https:\/\/cws.uksw.edu.pl\/?post_type=page&#038;p=3808\" class=\"project_box\">\r\n                                    <div class=\"candidate_box project_box\">\r\n                                        <div class=\"candidate_box_title\">Wykaz<\/div>\r\n                                                                                <div class=\"candidate_box_sub_title\">aktywnych k\u00f3\u0142 naukowych UKSW<\/div>\r\n                                                                                <img decoding=\"async\" src=\"https:\/\/cws.uksw.edu.pl\/wp-content\/themes\/uksw\/images\/arrow_more1.svg\" alt=\"\">  \r\n                                    <\/div>\r\n                                <\/a>\r\n                            <\/div>\r\n                      \r\n                        \r\n                            <\/div>\r\n<\/div>\r\n\r\n<\/div>","protected":false},"excerpt":{"rendered":"","protected":false},"author":7,"featured_media":4553,"parent":0,"menu_order":1,"comment_status":"closed","ping_status":"closed","template":"page-templates\/template-sub-page.php","meta":{"_acf_changed":false,"inline_featured_image":false,"footnotes":"","_links_to":"","_links_to_target":""},"class_list":["post-3668","page","type-page","status-publish","has-post-thumbnail","hentry"],"acf":[],"_links":{"self":[{"href":"https:\/\/cws.uksw.edu.pl\/pl\/wp-json\/wp\/v2\/pages\/3668","targetHints":{"allow":["GET"]}}],"collection":[{"href":"https:\/\/cws.uksw.edu.pl\/pl\/wp-json\/wp\/v2\/pages"}],"about":[{"href":"https:\/\/cws.uksw.edu.pl\/pl\/wp-json\/wp\/v2\/types\/page"}],"author":[{"embeddable":true,"href":"https:\/\/cws.uksw.edu.pl\/pl\/wp-json\/wp\/v2\/users\/7"}],"replies":[{"embeddable":true,"href":"https:\/\/cws.uksw.edu.pl\/pl\/wp-json\/wp\/v2\/comments?post=3668"}],"version-history":[{"count":22,"href":"https:\/\/cws.uksw.edu.pl\/pl\/wp-json\/wp\/v2\/pages\/3668\/revisions"}],"predecessor-version":[{"id":5298,"href":"https:\/\/cws.uksw.edu.pl\/pl\/wp-json\/wp\/v2\/pages\/3668\/revisions\/5298"}],"wp:featuredmedia":[{"embeddable":true,"href":"https:\/\/cws.uksw.edu.pl\/pl\/wp-json\/wp\/v2\/media\/4553"}],"wp:attachment":[{"href":"https:\/\/cws.uksw.edu.pl\/pl\/wp-json\/wp\/v2\/media?parent=3668"}],"curies":[{"name":"wp","href":"https:\/\/api.w.org\/{rel}","templated":true}]}}