{"id":3359,"date":"2022-08-05T10:07:59","date_gmt":"2022-08-05T08:07:59","guid":{"rendered":"https:\/\/jednostki.uksw.edu.pl\/wfch\/?page_id=28"},"modified":"2022-12-21T11:53:11","modified_gmt":"2022-12-21T10:53:11","slug":"projekty-i-konkursy","status":"publish","type":"page","link":"https:\/\/cws.uksw.edu.pl\/projekty-i-konkursy\/","title":{"rendered":"Projekty i konkursy"},"content":{"rendered":"\n<h2 class=\"wp-block-heading\">Aktualno\u015bci<\/h2>\n\n\n   <div class=\"\">\n\n\n<div class=\"news_page\">\n                <div class=\"container\"> \n                        <div class=\"row\">\n                                <div class=\"col-xl-10 col-lg-10 col-md-9 col-sm-12\">\n                                        <div class=\"heading_bg_in1\">\n                                        <div class=\"headingh2\"><\/div>\n                                        <\/div>\n                                <\/div>\n                                <div class=\"col-xl-2 col-lg-2 col-md-3 col-sm-12\">\n                                                                    <\/div>\n                        <\/div>\n\n                        <div class=\"row\">\n                                                 \n\n                                    \n\n                       <div class=\"col-xxl-4 col-xl-6 col-lg-6 col-md-12 col-sm-12 project\">\n                          <a href=\"https:\/\/cws.uksw.edu.pl\/?post_type=post&#038;p=5747\">\n                                <div class=\"image_container project_box\">\n                                    <img decoding=\"async\" src=\"https:\/\/cws.uksw.edu.pl\/wp-content\/uploads\/sites\/18\/2025\/04\/Studenci-plakat1-507x388.png\" class=\"image_inner\" alt=\"\">\n                                        <div class=\"overlay\">\n                                            <div class=\"text\">\n                                                <div class=\"text1\">Uwaga &#8211; zmiana terminu Og\u00f3lnopolskiej Konferencji&#8230;<\/div>\n                                                <div class=\"text2\">Szanowni Pa\u0144stwo, Studentki i Studenci, Uniwersytet Pomorski w S\u0142upsku ma zaszczyt&#8230;<\/div>\n                                            <\/div>\n                                        <\/div>\n                                <\/div>\n                                <\/a>\n                          <\/div>\n\n                                       \n\n                                        \n\n                       <div class=\"col-xxl-4 col-xl-6 col-lg-6 col-md-12 col-sm-12 project\">\n                          <a href=\"https:\/\/cws.uksw.edu.pl\/?post_type=post&#038;p=5790\">\n                                <div class=\"image_container project_box\">\n                                    <img decoding=\"async\" src=\"https:\/\/cws.uksw.edu.pl\/wp-content\/uploads\/sites\/18\/2025\/04\/eurostudent-960960-507x388.png\" class=\"image_inner\" alt=\"\">\n                                        <div class=\"overlay\">\n                                            <div class=\"text\">\n                                                <div class=\"text1\">EUROSTUDENT \u2013 opowiedz nam, A co u Ciebie?<\/div>\n                                                <div class=\"text2\">Najwi\u0119ksze europejskie przedsi\u0119wzi\u0119cie badawcze dotycz\u0105ce \u017cycia student\u00f3w \u2013&#8230;<\/div>\n                                            <\/div>\n                                        <\/div>\n                                <\/div>\n                                <\/a>\n                          <\/div>\n\n                                       \n\n                                        \n\n                       <div class=\"col-xxl-4 col-xl-6 col-lg-6 col-md-12 col-sm-12 project\">\n                          <a href=\"https:\/\/cws.uksw.edu.pl\/?post_type=post&#038;p=5754\">\n                                <div class=\"image_container project_box\">\n                                    <img decoding=\"async\" src=\"https:\/\/cws.uksw.edu.pl\/wp-content\/uploads\/sites\/18\/2025\/04\/Grafika_ig-507x388.png\" class=\"image_inner\" alt=\"\">\n                                        <div class=\"overlay\">\n                                            <div class=\"text\">\n                                                <div class=\"text1\">Klub Cyfrowych Mo\u017cliwo\u015bci &#8211; wystartowa\u0142 nab\u00f3r&#8230;<\/div>\n                                                <div class=\"text2\">Jeste\u015b studentk\u0105 co najmniej drugiego roku kierunku zwi\u0105zanego z ICT*? Chcesz&#8230;<\/div>\n                                            <\/div>\n                                        <\/div>\n                                <\/div>\n                                <\/a>\n                          <\/div>\n\n                                       \n\n                                        \n\n                       <div class=\"col-xxl-4 col-xl-6 col-lg-6 col-md-12 col-sm-12 project\">\n                          <a href=\"https:\/\/cws.uksw.edu.pl\/?post_type=post&#038;p=5694\">\n                                <div class=\"image_container project_box\">\n                                    <img decoding=\"async\" src=\"https:\/\/cws.uksw.edu.pl\/wp-content\/uploads\/sites\/18\/2022\/11\/41-507x388.png\" class=\"image_inner\" alt=\"\">\n                                        <div class=\"overlay\">\n                                            <div class=\"text\">\n                                                <div class=\"text1\">XXII Konferencja Studenckich i Doktoranckich K\u00f3\u0142 Naukowych&#8230;<\/div>\n                                                <div class=\"text2\">W imieniu prof. dr hab. Marka Guga\u0142y, Prorektora ds. studi\u00f3w Uniwersytetu w&#8230;<\/div>\n                                            <\/div>\n                                        <\/div>\n                                <\/div>\n                                <\/a>\n                          <\/div>\n\n                                       \n\n                                        \n\n                       <div class=\"col-xxl-4 col-xl-6 col-lg-6 col-md-12 col-sm-12 project\">\n                          <a href=\"https:\/\/cws.uksw.edu.pl\/?post_type=post&#038;p=5642\">\n                                <div class=\"image_container project_box\">\n                                    <img decoding=\"async\" src=\"https:\/\/cws.uksw.edu.pl\/wp-content\/uploads\/sites\/18\/2025\/03\/konferencja-507x388.png\" class=\"image_inner\" alt=\"\">\n                                        <div class=\"overlay\">\n                                            <div class=\"text\">\n                                                <div class=\"text1\">Invitation to the Natural Science Baltic&#8230;<\/div>\n                                                <div class=\"text2\">W imieniu Komitetu Organizacyjnego serdecznie zapraszamy wszystkich student\u00f3w,&nbsp;doktorant\u00f3w&#8230;<\/div>\n                                            <\/div>\n                                        <\/div>\n                                <\/div>\n                                <\/a>\n                          <\/div>\n\n                                       \n\n                                        \n\n                       <div class=\"col-xxl-4 col-xl-6 col-lg-6 col-md-12 col-sm-12 project\">\n                          <a href=\"https:\/\/cws.uksw.edu.pl\/?post_type=post&#038;p=5565\">\n                                <div class=\"image_container project_box\">\n                                    <img decoding=\"async\" src=\"https:\/\/cws.uksw.edu.pl\/wp-content\/uploads\/sites\/18\/2025\/01\/konkurs-na-prace-ma-003-507x388.jpg\" class=\"image_inner\" alt=\"\">\n                                        <div class=\"overlay\">\n                                            <div class=\"text\">\n                                                <div class=\"text1\">KONKURS NA NAJLEPSZ\u0104 PRAC\u0118 LICENCJACK\u0104 I MAGISTERSK\u0104&#8230;<\/div>\n                                                <div class=\"text2\">KONKURS NA NAJLEPSZ\u0104 PRAC\u0118 LICENCJACK\u0104 I MAGISTERSK\u0104 KUJAWY I POMORZE JAKO REGION&#8230;<\/div>\n                                            <\/div>\n                                        <\/div>\n                                <\/div>\n                                <\/a>\n                          <\/div>\n\n                                       \n\n                                        \n                                        <div class=\"col-xl-12\">\n                                                                                  <div class=\"pages\"><nav aria-label=\"Nawigacja stron\">\r\n\t\t\t\r\n\t\t\t<ul class=\"pagination \"><li class=\"page-item\"><a class=\"page-link\" href=\"#\" aria-label=\"Poprzednia strona \">\r\n       <span aria-hidden=\"true\"><img decoding=\"async\" src=\"https:\/\/cws.uksw.edu.pl\/wp-content\/themes\/uksw\/images\/grey_page_arrow.svg\" alt=\"\"> <\/span><\/a><\/li><li class=\"page-item\"><span aria-current=\"page\" class=\"page-link  current\">1<\/span><\/li><li class=\"page-item\"><a class=\"page-link\" aria-label=\"2. strona \" href=\"https:\/\/cws.uksw.edu.pl\/pl\/wp-json\/wp\/v2\/pages\/3359\/page\/2\/\">2<\/a><\/li><li class=\"page-item\"><span class=\"page-link dots\">&hellip;<\/span><\/li><li class=\"page-item\"><a class=\"page-link\" aria-label=\"12. strona \" href=\"https:\/\/cws.uksw.edu.pl\/pl\/wp-json\/wp\/v2\/pages\/3359\/page\/12\/\">12<\/a><\/li><li class=\"page-item\"><a class=\"page-link next but_next\" aria-label=\"Nast\u0119pna strona \" href=\"https:\/\/cws.uksw.edu.pl\/pl\/wp-json\/wp\/v2\/pages\/3359\/page\/2\/\"><img decoding=\"async\" src=\"https:\/\/cws.uksw.edu.pl\/wp-content\/themes\/uksw\/images\/blue_page_arrow.svg\" alt=\"Nast\u0119pna\"><\/a><\/li><\/ul>\r\n\r\n\t\t<\/nav><\/div>                                          <\/div>\n                            \n                        <\/div>\n\n\n                <\/div>\n        <\/div>\n\n\n<\/div>\n","protected":false},"excerpt":{"rendered":"<p>Aktualno\u015bci<\/p>\n","protected":false},"author":7,"featured_media":4559,"parent":0,"menu_order":0,"comment_status":"closed","ping_status":"closed","template":"page-templates\/template-sub-page.php","meta":{"_acf_changed":false,"inline_featured_image":false,"footnotes":"","_links_to":"","_links_to_target":""},"class_list":["post-3359","page","type-page","status-publish","has-post-thumbnail","hentry"],"acf":[],"_links":{"self":[{"href":"https:\/\/cws.uksw.edu.pl\/pl\/wp-json\/wp\/v2\/pages\/3359","targetHints":{"allow":["GET"]}}],"collection":[{"href":"https:\/\/cws.uksw.edu.pl\/pl\/wp-json\/wp\/v2\/pages"}],"about":[{"href":"https:\/\/cws.uksw.edu.pl\/pl\/wp-json\/wp\/v2\/types\/page"}],"author":[{"embeddable":true,"href":"https:\/\/cws.uksw.edu.pl\/pl\/wp-json\/wp\/v2\/users\/7"}],"replies":[{"embeddable":true,"href":"https:\/\/cws.uksw.edu.pl\/pl\/wp-json\/wp\/v2\/comments?post=3359"}],"version-history":[{"count":9,"href":"https:\/\/cws.uksw.edu.pl\/pl\/wp-json\/wp\/v2\/pages\/3359\/revisions"}],"predecessor-version":[{"id":4600,"href":"https:\/\/cws.uksw.edu.pl\/pl\/wp-json\/wp\/v2\/pages\/3359\/revisions\/4600"}],"wp:featuredmedia":[{"embeddable":true,"href":"https:\/\/cws.uksw.edu.pl\/pl\/wp-json\/wp\/v2\/media\/4559"}],"wp:attachment":[{"href":"https:\/\/cws.uksw.edu.pl\/pl\/wp-json\/wp\/v2\/media?parent=3359"}],"curies":[{"name":"wp","href":"https:\/\/api.w.org\/{rel}","templated":true}]}}